{"id":13938,"date":"2023-11-02T10:55:50","date_gmt":"2023-11-02T10:55:50","guid":{"rendered":"https:\/\/waxpro.fr\/industrie\/"},"modified":"2026-04-02T10:02:06","modified_gmt":"2026-04-02T10:02:06","slug":"industrie","status":"publish","type":"page","link":"https:\/\/waxpro.fr\/de\/industrie\/","title":{"rendered":"Industrie"},"content":{"rendered":"\t\t<div data-elementor-type=\"wp-page\" data-elementor-id=\"13938\" class=\"elementor elementor-13938 elementor-7152\" data-elementor-post-type=\"page\">\n\t\t\t\t\t\t<section class=\"elementor-section elementor-top-section elementor-element elementor-element-b1852f9 elementor-section-boxed elementor-section-height-default elementor-section-height-default\" data-id=\"b1852f9\" data-element_type=\"section\">\n\t\t\t\t\t\t<div class=\"elementor-container elementor-column-gap-default\">\n\t\t\t\t\t<div class=\"elementor-column elementor-col-100 elementor-top-column elementor-element elementor-element-e13720b\" data-id=\"e13720b\" data-element_type=\"column\">\n\t\t\t<div class=\"elementor-widget-wrap\">\n\t\t\t\t\t\t\t<\/div>\n\t\t<\/div>\n\t\t\t\t\t<\/div>\n\t\t<\/section>\n\t\t\t\t<section class=\"elementor-section elementor-top-section elementor-element elementor-element-7a2dc99 elementor-section-boxed elementor-section-height-default elementor-section-height-default\" data-id=\"7a2dc99\" data-element_type=\"section\">\n\t\t\t\t\t\t<div class=\"elementor-container elementor-column-gap-default\">\n\t\t\t\t\t<div class=\"elementor-column elementor-col-100 elementor-top-column elementor-element elementor-element-c1dac42\" data-id=\"c1dac42\" data-element_type=\"column\">\n\t\t\t<div class=\"elementor-widget-wrap\">\n\t\t\t\t\t\t\t<\/div>\n\t\t<\/div>\n\t\t\t\t\t<\/div>\n\t\t<\/section>\n\t\t\t\t<section class=\"elementor-section elementor-top-section elementor-element elementor-element-12b7835 elementor-section-boxed elementor-section-height-default elementor-section-height-default\" data-id=\"12b7835\" data-element_type=\"section\">\n\t\t\t\t\t\t<div class=\"elementor-container elementor-column-gap-default\">\n\t\t\t\t\t<div class=\"elementor-column elementor-col-100 elementor-top-column elementor-element elementor-element-91ba6b9\" data-id=\"91ba6b9\" data-element_type=\"column\">\n\t\t\t<div class=\"elementor-widget-wrap elementor-element-populated\">\n\t\t\t\t\t\t<div class=\"elementor-element elementor-element-6a4d0c8 header-slider elementor-widget__width-inherit elementor--h-position-center elementor--v-position-middle elementor-arrows-position-inside elementor-pagination-position-inside elementor-widget elementor-widget-slides\" data-id=\"6a4d0c8\" data-element_type=\"widget\" data-settings=\"{&quot;navigation&quot;:&quot;both&quot;,&quot;autoplay&quot;:&quot;yes&quot;,&quot;pause_on_hover&quot;:&quot;yes&quot;,&quot;pause_on_interaction&quot;:&quot;yes&quot;,&quot;autoplay_speed&quot;:5000,&quot;infinite&quot;:&quot;yes&quot;,&quot;transition&quot;:&quot;slide&quot;,&quot;transition_speed&quot;:500}\" data-widget_type=\"slides.default\">\n\t\t\t\t<div class=\"elementor-widget-container\">\n\t\t\t\t\t<div class=\"elementor-swiper\">\n\t\t\t<div class=\"elementor-slides-wrapper elementor-main-swiper swiper\" dir=\"ltr\" data-animation=\"fadeInUp\">\n\t\t\t\t<div class=\"swiper-wrapper elementor-slides\">\n\t\t\t\t\t\t\t\t\t\t<div class=\"elementor-repeater-item-6aac38f swiper-slide\"><div class=\"swiper-slide-bg\" role=\"img\"><\/div><div class=\"swiper-slide-inner\" ><div class=\"swiper-slide-contents\"><div class=\"elementor-slide-heading\"><h1 style=\"text-shadow: 2px 2px 4px #000;\">Wax Pro 2001 LA<\/h1><\/div><div class=\"elementor-slide-description\"><h5 style=\"font-family: Montserrat, sans-serif; font-weight: 200;\">Unser Konzept WAX PRO 2001 LA sch\u00fctzt<br \/>vor Korrosion von Hohlr\u00e4umen, Hohlk\u00f6rpern, Luftspalten,<br \/>Bolzen, Schrauben und scharfen Kanten.  <\/h5>\n<\/div><a href=\"https:\/\/waxpro.fr\/de\/treatment\/wax-pro-2001-la\/\" class=\"elementor-button elementor-slide-button elementor-size-sm\">Entdecken Sie unsere Produkte<\/a><\/div><\/div><\/div><div class=\"elementor-repeater-item-963d42f swiper-slide\"><div class=\"swiper-slide-bg\" role=\"img\"><\/div><div class=\"swiper-slide-inner\" ><div class=\"swiper-slide-contents\"><div class=\"elementor-slide-heading\"><span style=\"text-shadow: 2px 2px 5px #000;\">Storoil Motorstore VCI 10<\/span><\/div><div class=\"elementor-slide-description\"><h5 style=\"font-family: Montserrat, sans-serif; font-weight: 200;\">Unser Konzept STOROIL MOTORSTORE VCI 10<br \/> ist ein lang anhaltender Schutz gegen<br \/>Korrosion im Inneren von Tanks.<\/h5>\n<\/div><a href=\"https:\/\/waxpro.fr\/de\/treatment\/storoil-motorstore-vci-10\/\" class=\"elementor-button elementor-slide-button elementor-size-sm\">Entdecken Sie unsere Produkte<\/a><\/div><\/div><\/div>\t\t\t\t<\/div>\n\t\t\t\t\t\t\t\t\t\t\t\t\t\t\t<div class=\"swiper-pagination\"><\/div>\n\t\t\t\t\t\t\t\t\t\t\t\t\t\t\t\t<div class=\"elementor-swiper-button elementor-swiper-button-prev\" role=\"button\" tabindex=\"0\">\n\t\t\t\t\t\t\t<i aria-hidden=\"true\" class=\"eicon-chevron-left\"><\/i>\t\t\t\t\t\t\t<span class=\"elementor-screen-only\">Previous slide<\/span>\n\t\t\t\t\t\t<\/div>\n\t\t\t\t\t\t<div class=\"elementor-swiper-button elementor-swiper-button-next\" role=\"button\" tabindex=\"0\">\n\t\t\t\t\t\t\t<i aria-hidden=\"true\" class=\"eicon-chevron-right\"><\/i>\t\t\t\t\t\t\t<span class=\"elementor-screen-only\">Next slide<\/span>\n\t\t\t\t\t\t<\/div>\n\t\t\t\t\t\t\t\t\t\t\t\t<\/div>\n\t\t<\/div>\n\t\t\t\t<\/div>\n\t\t\t\t<\/div>\n\t\t\t\t\t<\/div>\n\t\t<\/div>\n\t\t\t\t\t<\/div>\n\t\t<\/section>\n\t\t\t\t<\/div>\n\t\t","protected":false},"excerpt":{"rendered":"<p>Wax Pro 2001 LA Unser Konzept WAX PRO 2001 LA sch\u00fctztvor Korrosion von Hohlr\u00e4umen, Hohlk\u00f6rpern, Luftspalten,Bolzen, Schrauben und scharfen Kanten. Entdecken Sie unsere ProdukteStoroil Motorstore VCI 10 Unser Konzept STOROIL MOTORSTORE VCI 10 ist ein lang anhaltender Schutz gegenKorrosion im Inneren von Tanks. Entdecken Sie unsere Produkte Diapositive pr\u00e9c\u00e9dente Diapositive suivante<\/p>\n","protected":false},"author":9,"featured_media":0,"parent":0,"menu_order":0,"comment_status":"closed","ping_status":"closed","template":"","meta":{"_acf_changed":false,"footnotes":""},"class_list":["post-13938","page","type-page","status-publish","hentry"],"acf":[],"yoast_head":"<!-- This site is optimized with the Yoast SEO plugin v26.3 - https:\/\/yoast.com\/wordpress\/plugins\/seo\/ -->\n<title>Industrie | Groupe SOFDI<\/title>\n<meta name=\"robots\" content=\"index, follow, max-snippet:-1, max-image-preview:large, max-video-preview:-1\" \/>\n<link rel=\"canonical\" href=\"https:\/\/waxpro.fr\/de\/industrie\/\" \/>\n<meta property=\"og:locale\" content=\"de_DE\" \/>\n<meta property=\"og:type\" content=\"article\" \/>\n<meta property=\"og:title\" content=\"Industrie | Groupe SOFDI\" \/>\n<meta property=\"og:description\" content=\"Wax Pro 2001 LA Unser Konzept WAX PRO 2001 LA sch\u00fctztvor Korrosion von Hohlr\u00e4umen, Hohlk\u00f6rpern, Luftspalten,Bolzen, Schrauben und scharfen Kanten. Entdecken Sie unsere ProdukteStoroil Motorstore VCI 10 Unser Konzept STOROIL MOTORSTORE VCI 10 ist ein lang anhaltender Schutz gegenKorrosion im Inneren von Tanks. Entdecken Sie unsere Produkte Diapositive pr\u00e9c\u00e9dente Diapositive suivante\" \/>\n<meta property=\"og:url\" content=\"https:\/\/waxpro.fr\/de\/industrie\/\" \/>\n<meta property=\"og:site_name\" content=\"Groupe SOFDI\" \/>\n<meta property=\"article:modified_time\" content=\"2026-04-02T10:02:06+00:00\" \/>\n<meta name=\"twitter:card\" content=\"summary_large_image\" \/>\n<script type=\"application\/ld+json\" class=\"yoast-schema-graph\">{\"@context\":\"https:\/\/schema.org\",\"@graph\":[{\"@type\":\"WebPage\",\"@id\":\"https:\/\/waxpro.fr\/de\/industrie\/\",\"url\":\"https:\/\/waxpro.fr\/de\/industrie\/\",\"name\":\"Industrie | Groupe SOFDI\",\"isPartOf\":{\"@id\":\"https:\/\/waxpro.fr\/de\/#website\"},\"datePublished\":\"2023-11-02T10:55:50+00:00\",\"dateModified\":\"2026-04-02T10:02:06+00:00\",\"breadcrumb\":{\"@id\":\"https:\/\/waxpro.fr\/de\/industrie\/#breadcrumb\"},\"inLanguage\":\"de\",\"potentialAction\":[{\"@type\":\"ReadAction\",\"target\":[\"https:\/\/waxpro.fr\/de\/industrie\/\"]}]},{\"@type\":\"BreadcrumbList\",\"@id\":\"https:\/\/waxpro.fr\/de\/industrie\/#breadcrumb\",\"itemListElement\":[{\"@type\":\"ListItem\",\"position\":1,\"name\":\"Home\",\"item\":\"https:\/\/waxpro.fr\/de\/\"},{\"@type\":\"ListItem\",\"position\":2,\"name\":\"Industrie\"}]},{\"@type\":\"WebSite\",\"@id\":\"https:\/\/waxpro.fr\/de\/#website\",\"url\":\"https:\/\/waxpro.fr\/de\/\",\"name\":\"Groupe SOFDI\",\"description\":\"\",\"publisher\":{\"@id\":\"https:\/\/waxpro.fr\/de\/#organization\"},\"potentialAction\":[{\"@type\":\"SearchAction\",\"target\":{\"@type\":\"EntryPoint\",\"urlTemplate\":\"https:\/\/waxpro.fr\/de\/?s={search_term_string}\"},\"query-input\":{\"@type\":\"PropertyValueSpecification\",\"valueRequired\":true,\"valueName\":\"search_term_string\"}}],\"inLanguage\":\"de\"},{\"@type\":\"Organization\",\"@id\":\"https:\/\/waxpro.fr\/de\/#organization\",\"name\":\"Groupe SOFDI\",\"url\":\"https:\/\/waxpro.fr\/de\/\",\"logo\":{\"@type\":\"ImageObject\",\"inLanguage\":\"de\",\"@id\":\"https:\/\/waxpro.fr\/de\/#\/schema\/logo\/image\/\",\"url\":\"https:\/\/waxpro.fr\/wp-content\/uploads\/2026\/03\/cropped-Wax_Pro_Horizon_Gris-1-scaled-1.png\",\"contentUrl\":\"https:\/\/waxpro.fr\/wp-content\/uploads\/2026\/03\/cropped-Wax_Pro_Horizon_Gris-1-scaled-1.png\",\"width\":2559,\"height\":411,\"caption\":\"Groupe SOFDI\"},\"image\":{\"@id\":\"https:\/\/waxpro.fr\/de\/#\/schema\/logo\/image\/\"}}]}<\/script>\n<!-- \/ Yoast SEO plugin. -->","yoast_head_json":{"title":"Industrie | Groupe SOFDI","robots":{"index":"index","follow":"follow","max-snippet":"max-snippet:-1","max-image-preview":"max-image-preview:large","max-video-preview":"max-video-preview:-1"},"canonical":"https:\/\/waxpro.fr\/de\/industrie\/","og_locale":"de_DE","og_type":"article","og_title":"Industrie | Groupe SOFDI","og_description":"Wax Pro 2001 LA Unser Konzept WAX PRO 2001 LA sch\u00fctztvor Korrosion von Hohlr\u00e4umen, Hohlk\u00f6rpern, Luftspalten,Bolzen, Schrauben und scharfen Kanten. Entdecken Sie unsere ProdukteStoroil Motorstore VCI 10 Unser Konzept STOROIL MOTORSTORE VCI 10 ist ein lang anhaltender Schutz gegenKorrosion im Inneren von Tanks. Entdecken Sie unsere Produkte Diapositive pr\u00e9c\u00e9dente Diapositive suivante","og_url":"https:\/\/waxpro.fr\/de\/industrie\/","og_site_name":"Groupe SOFDI","article_modified_time":"2026-04-02T10:02:06+00:00","twitter_card":"summary_large_image","schema":{"@context":"https:\/\/schema.org","@graph":[{"@type":"WebPage","@id":"https:\/\/waxpro.fr\/de\/industrie\/","url":"https:\/\/waxpro.fr\/de\/industrie\/","name":"Industrie | Groupe SOFDI","isPartOf":{"@id":"https:\/\/waxpro.fr\/de\/#website"},"datePublished":"2023-11-02T10:55:50+00:00","dateModified":"2026-04-02T10:02:06+00:00","breadcrumb":{"@id":"https:\/\/waxpro.fr\/de\/industrie\/#breadcrumb"},"inLanguage":"de","potentialAction":[{"@type":"ReadAction","target":["https:\/\/waxpro.fr\/de\/industrie\/"]}]},{"@type":"BreadcrumbList","@id":"https:\/\/waxpro.fr\/de\/industrie\/#breadcrumb","itemListElement":[{"@type":"ListItem","position":1,"name":"Home","item":"https:\/\/waxpro.fr\/de\/"},{"@type":"ListItem","position":2,"name":"Industrie"}]},{"@type":"WebSite","@id":"https:\/\/waxpro.fr\/de\/#website","url":"https:\/\/waxpro.fr\/de\/","name":"Groupe SOFDI","description":"","publisher":{"@id":"https:\/\/waxpro.fr\/de\/#organization"},"potentialAction":[{"@type":"SearchAction","target":{"@type":"EntryPoint","urlTemplate":"https:\/\/waxpro.fr\/de\/?s={search_term_string}"},"query-input":{"@type":"PropertyValueSpecification","valueRequired":true,"valueName":"search_term_string"}}],"inLanguage":"de"},{"@type":"Organization","@id":"https:\/\/waxpro.fr\/de\/#organization","name":"Groupe SOFDI","url":"https:\/\/waxpro.fr\/de\/","logo":{"@type":"ImageObject","inLanguage":"de","@id":"https:\/\/waxpro.fr\/de\/#\/schema\/logo\/image\/","url":"https:\/\/waxpro.fr\/wp-content\/uploads\/2026\/03\/cropped-Wax_Pro_Horizon_Gris-1-scaled-1.png","contentUrl":"https:\/\/waxpro.fr\/wp-content\/uploads\/2026\/03\/cropped-Wax_Pro_Horizon_Gris-1-scaled-1.png","width":2559,"height":411,"caption":"Groupe SOFDI"},"image":{"@id":"https:\/\/waxpro.fr\/de\/#\/schema\/logo\/image\/"}}]}},"_links":{"self":[{"href":"https:\/\/waxpro.fr\/de\/wp-json\/wp\/v2\/pages\/13938","targetHints":{"allow":["GET"]}}],"collection":[{"href":"https:\/\/waxpro.fr\/de\/wp-json\/wp\/v2\/pages"}],"about":[{"href":"https:\/\/waxpro.fr\/de\/wp-json\/wp\/v2\/types\/page"}],"author":[{"embeddable":true,"href":"https:\/\/waxpro.fr\/de\/wp-json\/wp\/v2\/users\/9"}],"replies":[{"embeddable":true,"href":"https:\/\/waxpro.fr\/de\/wp-json\/wp\/v2\/comments?post=13938"}],"version-history":[{"count":8,"href":"https:\/\/waxpro.fr\/de\/wp-json\/wp\/v2\/pages\/13938\/revisions"}],"predecessor-version":[{"id":15388,"href":"https:\/\/waxpro.fr\/de\/wp-json\/wp\/v2\/pages\/13938\/revisions\/15388"}],"wp:attachment":[{"href":"https:\/\/waxpro.fr\/de\/wp-json\/wp\/v2\/media?parent=13938"}],"curies":[{"name":"wp","href":"https:\/\/api.w.org\/{rel}","templated":true}]}}