{"id":13943,"date":"2023-11-02T10:54:08","date_gmt":"2023-11-02T10:54:08","guid":{"rendered":"https:\/\/waxpro.fr\/auto-und-motorrad\/"},"modified":"2025-10-21T13:13:29","modified_gmt":"2025-10-21T13:13:29","slug":"auto-und-motorrad","status":"publish","type":"page","link":"https:\/\/waxpro.fr\/de\/auto-und-motorrad\/","title":{"rendered":"Auto und Motorrad"},"content":{"rendered":"\t\t<div data-elementor-type=\"wp-page\" data-elementor-id=\"13943\" class=\"elementor elementor-13943 elementor-7149\" data-elementor-post-type=\"page\">\n\t\t\t\t\t\t<section class=\"elementor-section elementor-top-section elementor-element elementor-element-c46ccb8 elementor-section-boxed elementor-section-height-default elementor-section-height-default\" data-id=\"c46ccb8\" data-element_type=\"section\">\n\t\t\t\t\t\t<div class=\"elementor-container elementor-column-gap-default\">\n\t\t\t\t\t<div class=\"elementor-column elementor-col-100 elementor-top-column elementor-element elementor-element-42dc5af\" data-id=\"42dc5af\" data-element_type=\"column\">\n\t\t\t<div class=\"elementor-widget-wrap elementor-element-populated\">\n\t\t\t\t\t\t<div class=\"elementor-element elementor-element-f968d17 header-slider elementor--h-position-center elementor--v-position-middle elementor-arrows-position-inside elementor-pagination-position-inside elementor-widget elementor-widget-slides\" data-id=\"f968d17\" data-element_type=\"widget\" data-settings=\"{&quot;navigation&quot;:&quot;both&quot;,&quot;autoplay&quot;:&quot;yes&quot;,&quot;pause_on_hover&quot;:&quot;yes&quot;,&quot;pause_on_interaction&quot;:&quot;yes&quot;,&quot;autoplay_speed&quot;:5000,&quot;infinite&quot;:&quot;yes&quot;,&quot;transition&quot;:&quot;slide&quot;,&quot;transition_speed&quot;:500}\" data-widget_type=\"slides.default\">\n\t\t\t\t<div class=\"elementor-widget-container\">\n\t\t\t\t\t<div class=\"elementor-swiper\">\n\t\t\t<div class=\"elementor-slides-wrapper elementor-main-swiper swiper\" dir=\"ltr\" data-animation=\"fadeInUp\">\n\t\t\t\t<div class=\"swiper-wrapper elementor-slides\">\n\t\t\t\t\t\t\t\t\t\t<div class=\"elementor-repeater-item-cd6d823 swiper-slide\"><div class=\"swiper-slide-bg\" role=\"img\"><\/div><div class=\"swiper-slide-inner\" ><div class=\"swiper-slide-contents\"><div class=\"elementor-slide-heading\"><span style=\"text-shadow: 2px 2px 5px #000;\">Wax Pro B Power Protection<\/span><\/div><div class=\"elementor-slide-description\"><h5 style=\"font-family: Montserrat, sans-serif; font-weight: 200;\">Das B Power-Konzept erm\u00f6glicht<br \/>einen hochwirksamen Schutz des Lacks Ihres<br \/>Autos durch die Schaffung eines hochgl\u00e4nzenden Schutzschildes.<\/h5>\n<\/div><a href=\"#treatments\" class=\"elementor-button elementor-slide-button elementor-size-sm\">Entdecken Sie unsere Produkte<\/a><\/div><\/div><\/div><div class=\"elementor-repeater-item-2179f49 swiper-slide\"><div class=\"swiper-slide-bg\" role=\"img\"><\/div><div class=\"swiper-slide-inner\" ><div class=\"swiper-slide-contents\"><div class=\"elementor-slide-heading\"><span style=\"text-shadow: 2px 2px 5px #000;\">Wax Pro B Power Schutz Motorrad<\/span><\/div><div class=\"elementor-slide-description\"><h5 style=\"font-family: Montserrat, sans-serif; font-weight: 200;\">Unser Konzept Wax Pro B Power Protection Moto erm\u00f6glicht<br \/>einen hochwirksamen Schutz des Lacks Ihres<br \/>Motorrads, indem es ein hochgl\u00e4nzendes Schutzschild schafft.<\/h5>\n<\/div><a href=\"#treatments\" class=\"elementor-button elementor-slide-button elementor-size-sm\">Entdecken Sie unsere Produkte<\/a><\/div><\/div><\/div><div class=\"elementor-repeater-item-66403bc swiper-slide\"><div class=\"swiper-slide-bg\" role=\"img\"><\/div><div class=\"swiper-slide-inner\" ><div class=\"swiper-slide-contents\"><div class=\"elementor-slide-heading\"><span style=\"text-shadow: 2px 2px 5px #000;\">Wax Pro Premium<\/span><\/div><div class=\"elementor-slide-description\"><h5 style=\"font-family: Montserrat, sans-serif; font-weight: 200;\">Unser Konzept Wax Pro Premium ist ein farbloser Lackschutz, der den Glanz des Lacks erh\u00f6ht<br \/>und vor \u00e4u\u00dferen Einfl\u00fcssen sch\u00fctzt.<\/h5>\n<\/div><a href=\"#treatments\" class=\"elementor-button elementor-slide-button elementor-size-sm\">Entdecken Sie unsere Produkte<\/a><\/div><\/div><\/div><div class=\"elementor-repeater-item-4d2f09b swiper-slide\"><div class=\"swiper-slide-bg\" role=\"img\"><\/div><div class=\"swiper-slide-inner\" ><div class=\"swiper-slide-contents\"><div class=\"elementor-slide-heading\"><span style=\"text-shadow: 2px 2px 5px #000;\">Wax Pro Power Care 3 In 1<\/span><\/div><div class=\"elementor-slide-description\"><h5 style=\"font-family: Montserrat, sans-serif; font-weight: 200;\">Das Waxpro Power Care 3-in-1-Konzept erm\u00f6glicht die einfache Reinigung, Pflege und den Schutz von<br \/>Lack,<br \/>Gummi und Fenstern Ihres Fahrzeugs. Wird ohne Wasser verwendet. <\/h5>\n<\/div><a href=\"#treatments\" class=\"elementor-button elementor-slide-button elementor-size-sm\">Entdecken Sie unsere Produkte<\/a><\/div><\/div><\/div>\t\t\t\t<\/div>\n\t\t\t\t\t\t\t\t\t\t\t\t\t\t\t<div class=\"swiper-pagination\"><\/div>\n\t\t\t\t\t\t\t\t\t\t\t\t\t\t\t\t<div class=\"elementor-swiper-button elementor-swiper-button-prev\" role=\"button\" tabindex=\"0\">\n\t\t\t\t\t\t\t<i aria-hidden=\"true\" class=\"eicon-chevron-left\"><\/i>\t\t\t\t\t\t\t<span class=\"elementor-screen-only\">Previous slide<\/span>\n\t\t\t\t\t\t<\/div>\n\t\t\t\t\t\t<div class=\"elementor-swiper-button elementor-swiper-button-next\" role=\"button\" tabindex=\"0\">\n\t\t\t\t\t\t\t<i aria-hidden=\"true\" class=\"eicon-chevron-right\"><\/i>\t\t\t\t\t\t\t<span class=\"elementor-screen-only\">Next slide<\/span>\n\t\t\t\t\t\t<\/div>\n\t\t\t\t\t\t\t\t\t\t\t\t<\/div>\n\t\t<\/div>\n\t\t\t\t<\/div>\n\t\t\t\t<\/div>\n\t\t\t\t\t<\/div>\n\t\t<\/div>\n\t\t\t\t\t<\/div>\n\t\t<\/section>\n\t\t\t\t<\/div>\n\t\t","protected":false},"excerpt":{"rendered":"<p>Wax Pro B Power Protection Das B Power-Konzept erm\u00f6glichteinen hochwirksamen Schutz des Lacks IhresAutos durch die Schaffung eines hochgl\u00e4nzenden Schutzschildes. Entdecken Sie unsere ProdukteWax Pro B Power Schutz Motorrad Unser Konzept Wax Pro B Power Protection Moto erm\u00f6glichteinen hochwirksamen Schutz des Lacks IhresMotorrads, indem es ein hochgl\u00e4nzendes Schutzschild schafft. Entdecken Sie unsere ProdukteWax Pro Premium [&hellip;]<\/p>\n","protected":false},"author":9,"featured_media":0,"parent":0,"menu_order":0,"comment_status":"closed","ping_status":"closed","template":"","meta":{"_acf_changed":false,"footnotes":""},"class_list":["post-13943","page","type-page","status-publish","hentry"],"acf":[],"yoast_head":"<!-- This site is optimized with the Yoast SEO plugin v26.3 - https:\/\/yoast.com\/wordpress\/plugins\/seo\/ -->\n<title>Auto und Motorrad | Groupe SOFDI<\/title>\n<meta name=\"robots\" content=\"index, follow, max-snippet:-1, max-image-preview:large, max-video-preview:-1\" \/>\n<link rel=\"canonical\" href=\"https:\/\/waxpro.fr\/de\/auto-und-motorrad\/\" \/>\n<meta property=\"og:locale\" content=\"de_DE\" \/>\n<meta property=\"og:type\" content=\"article\" \/>\n<meta property=\"og:title\" content=\"Auto und Motorrad | Groupe SOFDI\" \/>\n<meta property=\"og:description\" content=\"Wax Pro B Power Protection Das B Power-Konzept erm\u00f6glichteinen hochwirksamen Schutz des Lacks IhresAutos durch die Schaffung eines hochgl\u00e4nzenden Schutzschildes. Entdecken Sie unsere ProdukteWax Pro B Power Schutz Motorrad Unser Konzept Wax Pro B Power Protection Moto erm\u00f6glichteinen hochwirksamen Schutz des Lacks IhresMotorrads, indem es ein hochgl\u00e4nzendes Schutzschild schafft. Entdecken Sie unsere ProdukteWax Pro Premium [&hellip;]\" \/>\n<meta property=\"og:url\" content=\"https:\/\/waxpro.fr\/de\/auto-und-motorrad\/\" \/>\n<meta property=\"og:site_name\" content=\"Groupe SOFDI\" \/>\n<meta property=\"article:modified_time\" content=\"2025-10-21T13:13:29+00:00\" \/>\n<meta name=\"twitter:card\" content=\"summary_large_image\" \/>\n<meta name=\"twitter:label1\" content=\"Gesch\u00e4tzte Lesezeit\" \/>\n\t<meta name=\"twitter:data1\" content=\"1\u00a0Minute\" \/>\n<script type=\"application\/ld+json\" class=\"yoast-schema-graph\">{\"@context\":\"https:\/\/schema.org\",\"@graph\":[{\"@type\":\"WebPage\",\"@id\":\"https:\/\/waxpro.fr\/de\/auto-und-motorrad\/\",\"url\":\"https:\/\/waxpro.fr\/de\/auto-und-motorrad\/\",\"name\":\"Auto und Motorrad | Groupe SOFDI\",\"isPartOf\":{\"@id\":\"https:\/\/waxpro.fr\/de\/#website\"},\"datePublished\":\"2023-11-02T10:54:08+00:00\",\"dateModified\":\"2025-10-21T13:13:29+00:00\",\"breadcrumb\":{\"@id\":\"https:\/\/waxpro.fr\/de\/auto-und-motorrad\/#breadcrumb\"},\"inLanguage\":\"de\",\"potentialAction\":[{\"@type\":\"ReadAction\",\"target\":[\"https:\/\/waxpro.fr\/de\/auto-und-motorrad\/\"]}]},{\"@type\":\"BreadcrumbList\",\"@id\":\"https:\/\/waxpro.fr\/de\/auto-und-motorrad\/#breadcrumb\",\"itemListElement\":[{\"@type\":\"ListItem\",\"position\":1,\"name\":\"Home\",\"item\":\"https:\/\/waxpro.fr\/de\/\"},{\"@type\":\"ListItem\",\"position\":2,\"name\":\"Auto und Motorrad\"}]},{\"@type\":\"WebSite\",\"@id\":\"https:\/\/waxpro.fr\/de\/#website\",\"url\":\"https:\/\/waxpro.fr\/de\/\",\"name\":\"Groupe SOFDI\",\"description\":\"\",\"publisher\":{\"@id\":\"https:\/\/waxpro.fr\/de\/#organization\"},\"potentialAction\":[{\"@type\":\"SearchAction\",\"target\":{\"@type\":\"EntryPoint\",\"urlTemplate\":\"https:\/\/waxpro.fr\/de\/?s={search_term_string}\"},\"query-input\":{\"@type\":\"PropertyValueSpecification\",\"valueRequired\":true,\"valueName\":\"search_term_string\"}}],\"inLanguage\":\"de\"},{\"@type\":\"Organization\",\"@id\":\"https:\/\/waxpro.fr\/de\/#organization\",\"name\":\"Groupe SOFDI\",\"url\":\"https:\/\/waxpro.fr\/de\/\",\"logo\":{\"@type\":\"ImageObject\",\"inLanguage\":\"de\",\"@id\":\"https:\/\/waxpro.fr\/de\/#\/schema\/logo\/image\/\",\"url\":\"https:\/\/waxpro.fr\/wp-content\/uploads\/2026\/03\/cropped-Wax_Pro_Horizon_Gris-1-scaled-1.png\",\"contentUrl\":\"https:\/\/waxpro.fr\/wp-content\/uploads\/2026\/03\/cropped-Wax_Pro_Horizon_Gris-1-scaled-1.png\",\"width\":2559,\"height\":411,\"caption\":\"Groupe SOFDI\"},\"image\":{\"@id\":\"https:\/\/waxpro.fr\/de\/#\/schema\/logo\/image\/\"}}]}<\/script>\n<!-- \/ Yoast SEO plugin. -->","yoast_head_json":{"title":"Auto und Motorrad | Groupe SOFDI","robots":{"index":"index","follow":"follow","max-snippet":"max-snippet:-1","max-image-preview":"max-image-preview:large","max-video-preview":"max-video-preview:-1"},"canonical":"https:\/\/waxpro.fr\/de\/auto-und-motorrad\/","og_locale":"de_DE","og_type":"article","og_title":"Auto und Motorrad | Groupe SOFDI","og_description":"Wax Pro B Power Protection Das B Power-Konzept erm\u00f6glichteinen hochwirksamen Schutz des Lacks IhresAutos durch die Schaffung eines hochgl\u00e4nzenden Schutzschildes. Entdecken Sie unsere ProdukteWax Pro B Power Schutz Motorrad Unser Konzept Wax Pro B Power Protection Moto erm\u00f6glichteinen hochwirksamen Schutz des Lacks IhresMotorrads, indem es ein hochgl\u00e4nzendes Schutzschild schafft. Entdecken Sie unsere ProdukteWax Pro Premium [&hellip;]","og_url":"https:\/\/waxpro.fr\/de\/auto-und-motorrad\/","og_site_name":"Groupe SOFDI","article_modified_time":"2025-10-21T13:13:29+00:00","twitter_card":"summary_large_image","twitter_misc":{"Gesch\u00e4tzte Lesezeit":"1\u00a0Minute"},"schema":{"@context":"https:\/\/schema.org","@graph":[{"@type":"WebPage","@id":"https:\/\/waxpro.fr\/de\/auto-und-motorrad\/","url":"https:\/\/waxpro.fr\/de\/auto-und-motorrad\/","name":"Auto und Motorrad | Groupe SOFDI","isPartOf":{"@id":"https:\/\/waxpro.fr\/de\/#website"},"datePublished":"2023-11-02T10:54:08+00:00","dateModified":"2025-10-21T13:13:29+00:00","breadcrumb":{"@id":"https:\/\/waxpro.fr\/de\/auto-und-motorrad\/#breadcrumb"},"inLanguage":"de","potentialAction":[{"@type":"ReadAction","target":["https:\/\/waxpro.fr\/de\/auto-und-motorrad\/"]}]},{"@type":"BreadcrumbList","@id":"https:\/\/waxpro.fr\/de\/auto-und-motorrad\/#breadcrumb","itemListElement":[{"@type":"ListItem","position":1,"name":"Home","item":"https:\/\/waxpro.fr\/de\/"},{"@type":"ListItem","position":2,"name":"Auto und Motorrad"}]},{"@type":"WebSite","@id":"https:\/\/waxpro.fr\/de\/#website","url":"https:\/\/waxpro.fr\/de\/","name":"Groupe SOFDI","description":"","publisher":{"@id":"https:\/\/waxpro.fr\/de\/#organization"},"potentialAction":[{"@type":"SearchAction","target":{"@type":"EntryPoint","urlTemplate":"https:\/\/waxpro.fr\/de\/?s={search_term_string}"},"query-input":{"@type":"PropertyValueSpecification","valueRequired":true,"valueName":"search_term_string"}}],"inLanguage":"de"},{"@type":"Organization","@id":"https:\/\/waxpro.fr\/de\/#organization","name":"Groupe SOFDI","url":"https:\/\/waxpro.fr\/de\/","logo":{"@type":"ImageObject","inLanguage":"de","@id":"https:\/\/waxpro.fr\/de\/#\/schema\/logo\/image\/","url":"https:\/\/waxpro.fr\/wp-content\/uploads\/2026\/03\/cropped-Wax_Pro_Horizon_Gris-1-scaled-1.png","contentUrl":"https:\/\/waxpro.fr\/wp-content\/uploads\/2026\/03\/cropped-Wax_Pro_Horizon_Gris-1-scaled-1.png","width":2559,"height":411,"caption":"Groupe SOFDI"},"image":{"@id":"https:\/\/waxpro.fr\/de\/#\/schema\/logo\/image\/"}}]}},"_links":{"self":[{"href":"https:\/\/waxpro.fr\/de\/wp-json\/wp\/v2\/pages\/13943","targetHints":{"allow":["GET"]}}],"collection":[{"href":"https:\/\/waxpro.fr\/de\/wp-json\/wp\/v2\/pages"}],"about":[{"href":"https:\/\/waxpro.fr\/de\/wp-json\/wp\/v2\/types\/page"}],"author":[{"embeddable":true,"href":"https:\/\/waxpro.fr\/de\/wp-json\/wp\/v2\/users\/9"}],"replies":[{"embeddable":true,"href":"https:\/\/waxpro.fr\/de\/wp-json\/wp\/v2\/comments?post=13943"}],"version-history":[{"count":9,"href":"https:\/\/waxpro.fr\/de\/wp-json\/wp\/v2\/pages\/13943\/revisions"}],"predecessor-version":[{"id":14050,"href":"https:\/\/waxpro.fr\/de\/wp-json\/wp\/v2\/pages\/13943\/revisions\/14050"}],"wp:attachment":[{"href":"https:\/\/waxpro.fr\/de\/wp-json\/wp\/v2\/media?parent=13943"}],"curies":[{"name":"wp","href":"https:\/\/api.w.org\/{rel}","templated":true}]}}