{"id":13966,"date":"2022-04-26T14:48:00","date_gmt":"2022-04-26T14:48:00","guid":{"rendered":"https:\/\/waxpro.fr\/nutzungsbedingungen\/"},"modified":"2026-04-02T10:17:07","modified_gmt":"2026-04-02T10:17:07","slug":"nutzungsbedingungen","status":"publish","type":"page","link":"https:\/\/waxpro.fr\/de\/nutzungsbedingungen\/","title":{"rendered":"Bedingungen f\u00fcr die Nutzung"},"content":{"rendered":"\t\t<div data-elementor-type=\"wp-page\" data-elementor-id=\"13966\" class=\"elementor elementor-13966 elementor-504\" data-elementor-post-type=\"page\">\n\t\t\t\t\t\t<section class=\"elementor-section elementor-top-section elementor-element elementor-element-59ffd73 elementor-section-full_width elementor-section-height-min-height elementor-section-content-middle elementor-section-height-default elementor-section-items-middle\" data-id=\"59ffd73\" data-element_type=\"section\" data-settings=\"{&quot;background_background&quot;:&quot;classic&quot;}\">\n\t\t\t\t\t\t<div class=\"elementor-container elementor-column-gap-default\">\n\t\t\t\t\t<div class=\"elementor-column elementor-col-100 elementor-top-column elementor-element elementor-element-2947c4d\" data-id=\"2947c4d\" data-element_type=\"column\">\n\t\t\t<div class=\"elementor-widget-wrap elementor-element-populated\">\n\t\t\t\t\t\t<div class=\"elementor-element elementor-element-ef3b48e elementor-widget elementor-widget-heading\" data-id=\"ef3b48e\" data-element_type=\"widget\" data-widget_type=\"heading.default\">\n\t\t\t\t<div class=\"elementor-widget-container\">\n\t\t\t<h1 class=\"elementor-heading-title elementor-size-default\">Allgemeine Gesch\u00e4ftsbedingungen<br>d'utilisations<\/h1>\t\t<\/div>\n\t\t\t\t<\/div>\n\t\t\t\t\t<\/div>\n\t\t<\/div>\n\t\t\t\t\t<\/div>\n\t\t<\/section>\n\t\t\t\t<section class=\"elementor-section elementor-top-section elementor-element elementor-element-3af82ffa elementor-section-boxed elementor-section-height-default elementor-section-height-default\" data-id=\"3af82ffa\" data-element_type=\"section\">\n\t\t\t\t\t\t<div class=\"elementor-container elementor-column-gap-default\">\n\t\t\t\t\t<div class=\"elementor-column elementor-col-100 elementor-top-column elementor-element elementor-element-50157f77\" data-id=\"50157f77\" data-element_type=\"column\">\n\t\t\t<div class=\"elementor-widget-wrap elementor-element-populated\">\n\t\t\t\t\t\t<div class=\"elementor-element elementor-element-6e0101e elementor-widget elementor-widget-text-editor\" data-id=\"6e0101e\" data-element_type=\"widget\" data-widget_type=\"text-editor.default\">\n\t\t\t\t<div class=\"elementor-widget-container\">\n\t\t\t\t\t\t\t<div class=\"row\"><div class=\"col-12\"><div class=\"row\"><div class=\"col-12\"><p><span style=\"font-family: var( --e-global-typography-text-font-family ), Sans-serif; font-size: var( --e-global-typography-text-font-size ); font-weight: var( --e-global-typography-text-font-weight );\">In Kraft getreten am <\/span><em style=\"font-family: var( --e-global-typography-text-font-family ), Sans-serif; font-size: var( --e-global-typography-text-font-size ); font-weight: var( --e-global-typography-text-font-weight );\">01 janvier 2021<\/em><\/p><p>Die vorliegenden allgemeinen Nutzungsbedingungen (nachfolgend &#8220; CGU &#8220; genannt) zielen darauf ab, die Modalit\u00e4ten f\u00fcr die Bereitstellung der Website und der Dienstleistungen von <a href=\"http:\/\/waxpro.fr\">waxpro.fr<\/a><em> <\/em>rechtlich zu regeln und die Bedingungen f\u00fcr den Zugang und die Nutzung der Dienstleistungen durch den &#8220; Nutzer &#8220; festzulegen. <br>Die vorliegenden CGU sind auf der Website unter der Rubrik &#8222;CGU&#8220; abrufbar.<\/p><p>Die CGU m\u00fcssen von jedem Nutzer, der Zugang zur Website w\u00fcnscht, akzeptiert werden. Sie sind Bestandteil des Vertrags zwischen der Website und dem Nutzer. Der Zugriff auf die Website durch den Nutzer bedeutet, dass er die vorliegenden CGU akzeptiert. Er verpflichtet sich daher, die vorliegenden Bedingungen zu respektieren.   <\/p><p>Jede Anmeldung oder Nutzung der Website impliziert die Annahme der vorliegenden AGB ohne jegliche Vorbehalte oder Einschr\u00e4nkungen durch den Nutzer. Bei der Anmeldung auf der Website \u00fcber das Anmeldeformular erkl\u00e4rt sich jeder Nutzer ausdr\u00fccklich mit den vorliegenden AGB einverstanden, indem er den folgenden Text einf\u00fcgt: &#8220; <em>Ich best\u00e4tige, dass ich die AGB gelesen und verstanden habe und akzeptiere sie <\/em>&#8222;. <\/p><p>Bei Nichtannahme der in diesem Vertrag festgelegten AGB muss der Nutzer auf den Zugang zu den von der Website angebotenen Diensten verzichten. <br><a href=\"http:\/\/waxpro.fr\">waxpro.fr<\/a> beh\u00e4lt sich das Recht vor, den Inhalt der vorliegenden AGB jederzeit und ohne Einschr\u00e4nkung zu \u00e4ndern.<\/p><h3> <\/h3><h3>ARTIKEL 1 : Allgemeine Hinweise<\/h3><p><em> <br><\/em> L&#8217;\u00e9dition du site <a href=\"http:\/\/waxpro.fr\">waxpro.fr<\/a><em> <\/em>est assur\u00e9e par la Soci\u00e9t\u00e9 <em>Sofdi SAS au capital de 500 000\u20ac,<\/em> immatricul\u00e9e au RCS de <em>Nanterre <\/em> sous le num\u00e9ro <em>424 982 080 <\/em>dont le si\u00e8ge social est situ\u00e9 au <em> 27 rue foucher Lepelletier 92130 Issy-Les-Moulineaux, 01 46 62 09 71, <a href=\"mailto:support@waxpro.fr\">support@waxpro.fr.<\/a> <br>N\u00b0 de TVA intracommunautaire :<\/em> <em>FR77 424 982 080<\/em><\/p><p>Le Directeur de la publication est <em>Prune Maury-Laribi\u00e8re<\/em><\/p><p>L&#8217;h\u00e9bergeur du site <a href=\"http:\/\/waxpro.fr\">waxpro.fr<\/a><em> <\/em>est la Soci\u00e9t\u00e9 OVH, au capital de 10 069 020\u20ac immatricul\u00e9e au RCS de <em>Lille <\/em>sous le num\u00e9ro 424 761 419 00045<em>, <\/em> dont le si\u00e8ge social est situ\u00e9 au 2 rue Kellermann &#8211; 59100 Roubaix &#8211; France<\/p><h3> <\/h3><h3>ARTIKEL 2 : Zugang zur Website<\/h3><p>Die Website <a href=\"http:\/\/waxpro.fr\">waxpro.fr<\/a><em> <\/em>erm\u00f6glicht dem Benutzer einen kostenlosen Zugang zu den folgenden Dienstleistungen: <em><br><\/em> \u00e0 la pr\u00e9sentation de la marque Waxoyl et des diff\u00e9rents produits distribu\u00e9s par la Sofdi.<\/p><p>Die Website ist f\u00fcr jeden Nutzer, der \u00fcber einen Internetzugang verf\u00fcgt, \u00fcberall kostenlos zug\u00e4nglich. Alle Kosten, die der Nutzer f\u00fcr den Zugang zum Service tr\u00e4gt (Informatikmaterial, Logik, Internetverbindung usw.), gehen zu seinen Lasten. <\/p><p><strong>Der Mitgliederbereich :<\/strong><\/p><p>Der Nutzer, der nicht Mitglied ist, hat keinen Zugang zu den reservierten Diensten. Diese Dienste sind nur f\u00fcr Konzession\u00e4re zug\u00e4nglich, die die Einrichtung eines Personalraums beantragt haben. <\/p><p>Der Benutzer ist verantwortlich f\u00fcr die Aktualisierung der bereitgestellten Informationen. Er kann diese Informationen \u00e4ndern, indem er sich mit seinem Mitgliedsnetz verbindet. <\/p><p>Um Zugang zu den Diensten zu erhalten, muss sich der Nutzer anhand seines Nutzernamens und seines Passworts identifizieren, die ihm nach seiner Anmeldung mitgeteilt werden und die streng pers\u00f6nlich sind. In diesem Sinne untersagt er jegliche Weitergabe. Im gegenteiligen Fall bleibt er allein verantwortlich f\u00fcr die Nutzung, die er vornimmt.  <\/p><p>Der Nutzer kann au\u00dferdem seine Abmeldung beantragen, indem er eine E-Mail an folgende Adresse sendet: <a href=\"mailto:support@waxpro.fr\">support@waxpro.fr.<\/a> Diese wird innerhalb einer angemessenen Frist wirksam. <\/p><p>Bei Nichteinhaltung der allgemeinen Verkaufs- und\/oder Nutzungsbedingungen hat die Website <a href=\"http:\/\/waxpro.fr\">waxpro.fr<\/a><em> <\/em>die M\u00f6glichkeit, das Konto eines Nutzers nach einer elektronischen K\u00fcndigung zu sperren oder zu l\u00f6schen und ohne Wirkung zu belassen.<\/p><p>Jede Unterdr\u00fcckung von Daten, egal aus welchem Grund, f\u00fchrt zu einer reinen Unterdr\u00fcckung aller pers\u00f6nlichen Informationen des Nutzers.<\/p><p>F\u00fcr alle Ereignisse, die auf einen Fall h\u00f6herer Gewalt zur\u00fcckzuf\u00fchren sind und eine St\u00f6rung der Website oder des Servers zur Folge haben, sowie f\u00fcr alle Unterbrechungen oder \u00c4nderungen im Falle von Wartungsarbeiten, ist <a href=\"http:\/\/waxpro.fr\">waxpro.fr<\/a> nicht verantwortlich<em>. <\/em> In diesen F\u00e4llen akzeptiert der Nutzer daher, dass er gegen\u00fcber dem Herausgeber keine Verantwortung f\u00fcr eine Unterbrechung oder Aussetzung des Dienstes \u00fcbernimmt, auch nicht ohne Vorank\u00fcndigung.<\/p><p>Der Nutzer hat die M\u00f6glichkeit, die Website \u00fcber eine elektronische Nachricht an die in Artikel 1 angegebene E-Mail-Adresse des Herausgebers zu kontaktieren.<\/p><h3> <\/h3><h3>ARTIKEL 3 : Personenbezogene Daten<\/h3><p>Die Website gew\u00e4hrleistet dem Nutzer die Erfassung und Verarbeitung personenbezogener Daten unter Wahrung der Privatsph\u00e4re gem\u00e4\u00df dem Gesetz Nr. 78-17 vom 6. Januar 1978 \u00fcber Informatik, Dateien und Freiheitsrechte. Die Website ist bei der CNIL deklariert <em>.<\/em> <em> <br> Gem\u00e4\u00df dem Gesetz \u00fcber Informatik und Freiheiten vom 6. Januar 1978 verf\u00fcgt der Nutzer \u00fcber ein Recht auf Zugang, Berichtigung, L\u00f6schung und Widerspruch zu seinen personenbezogenen Daten. L&#8217;Utilisateur exertce ce droit:<\/em>   <\/p><ul><li>par mail \u00e0 l <em> &#8218;adresse indiqu\u00e9 Artikel I<\/em><\/li><li>per voie postale <em>\u00e0 l&#8217;adresse du si\u00e8ge social<\/em><\/li><\/ul><h3> <\/h3><h3>ARTIKEL 4 : Geistiges Eigentum<\/h3><p>Die Marken, Logos, Zeichen sowie alle Inhalte der Website (Texte, Bilder, Texte&#8230;) sind Gegenstand des Schutzes durch den Code de la propri\u00e9t\u00e9 intellectuelle und insbesondere durch das Recht des Urhebers.<\/p><p>Der Nutzer muss die Genehmigung der Website f\u00fcr die Vervielf\u00e4ltigung, Ver\u00f6ffentlichung und Kopie der verschiedenen Inhalte einholen. Er verpflichtet sich zu einer Nutzung der Inhalte der Website in einem streng privaten Rahmen, jede Nutzung zu kommerziellen und \u00f6ffentlichen Zwecken ist streng untersagt. <\/p><p>Jede vollst\u00e4ndige oder teilweise Darstellung dieser Website, gleich welcher Art, ohne die ausdr\u00fcckliche Genehmigung des Betreibers der Website im Internet stellt einen Versto\u00df dar, der gem\u00e4\u00df Artikel L 335-2 und folgende des Urheberrechtsgesetzes geahndet wird.<\/p><p>Gem\u00e4\u00df Artikel L122-5 des Code de propri\u00e9t\u00e9 intellectuelle wird darauf hingewiesen, dass der Nutzer, der den gesch\u00fctzten Inhalt reproduziert, kopiert oder ver\u00f6ffentlicht, den Urheber und die Quelle angeben muss.<\/p><h3>ARTIKEL 5 : Verantwortlichkeit<\/h3><p>Les sources des informations diffus\u00e9es sur le site <a href=\"http:\/\/waxpro.fr\">waxpro.fr<\/a><em> <\/em>sont re\u0301pute\u0301es fiables mais le site ne garantit pas qu\u2019il soit exempt de de\u0301fauts, d\u2019erreurs ou d\u2019omissions. <br>Die kommunizierten Informationen werden als unverbindliche und allgemeine Informationen ohne vertragliche Bindung dargestellt. Trotz regelm\u00e4\u00dfiger Aktualisierungen wird die Website <a href=\"http:\/\/waxpro.fr\">waxpro.fr<\/a> <em> <\/em>ist nicht verantwortlich f\u00fcr die \u00c4nderung administrativer und rechtlicher Bestimmungen, die nach der Ver\u00f6ffentlichung eintreten. Ebenso kann die Website nicht f\u00fcr die Nutzung und Interpretation der auf dieser Website enthaltenen Informationen verantwortlich gemacht werden. <\/p><p>L&#8217;Utilisateur, concern\u00e9 par l&#8217;espace membre, s&#8217;assure de garder son mot de passe secret. Jegliche Weitergabe des Passworts, egal in welcher Form, ist untersagt. Er \u00fcbernimmt die Risiken, die mit der Verwendung seiner Kennung und seines Passworts verbunden sind. Die Website lehnt jede Verantwortung ab.   <\/p><p>Die Website <a href=\"http:\/\/waxpro.fr\">waxpro.fr<\/a><em> <\/em>kann nicht f\u00fcr eventuelle Viren verantwortlich gemacht werden, die den Computer oder andere elektronische Ger\u00e4te des Benutzers infolge einer Nutzung, eines Zugriffs oder einer Aufladung dieser Website infizieren k\u00f6nnten.<\/p><p>Die Verantwortung der Website kann im Falle h\u00f6herer Gewalt oder eines unvorhersehbaren und nicht versicherbaren Ereignisses nicht \u00fcbernommen werden.<\/p><h3> <\/h3><h3>ARTIKEL 6 : Hypertext-Pfandrechte<\/h3><p>Auf dieser Website k\u00f6nnen Hypertext-Links vorhanden sein. Der Benutzer wird dar\u00fcber informiert, dass er durch Anklicken dieser Links auf die Website <a href=\"http:\/\/waxpro.fr\">waxpro.fr<\/a> weitergeleitet wird<em>. <\/em>Der Nutzer hat keine Kontrolle \u00fcber die Seiten, auf denen diese Links erscheinen, und kann in keinem Fall f\u00fcr deren Inhalt verantwortlich gemacht werden. <\/p><h3> <\/h3><h3>ARTIKEL 7 : Cookies<\/h3><p>Der Nutzer wird dar\u00fcber informiert, dass bei seinen Besuchen auf der Website automatisch ein Cookie auf seiner Navigationslogik installiert werden kann.<\/p><p>Bei den Cookies handelt es sich um kleine Dateien, die vor\u00fcbergehend auf der Festplatte des Computers des Benutzers durch den Benutzer gespeichert werden und die f\u00fcr die Nutzung der Website <a href=\"http:\/\/waxpro.fr\">waxpro.fr<\/a> erforderlich sind. Die Cookies enthalten keine pers\u00f6nlichen Informationen und k\u00f6nnen nicht zur Identifizierung von Personen verwendet werden. Ein Cookie enth\u00e4lt eine eindeutige, automatisch erzeugte und somit anonyme Kennung. Einige Cookies verfallen am Ende des Besuchs des Benutzers, andere bleiben bestehen.   <\/p><p>Die in den Cookies enthaltenen Informationen werden verwendet, um die Website zu verbessern, z.B. durch :<\/p><ul><li>die es einem Dienst erm\u00f6glichen, das Ger\u00e4t des Benutzers zu \u00fcberpr\u00fcfen, damit er nicht mehrmals die gleichen Informationen weitergeben muss, z.B. um ein Formular oder eine Anfrage zu beantworten.<\/li><li>Bitte beachten Sie, dass der Benutzer bereits seine Kennung und sein Passwort angegeben hat, damit Sie nicht bei jeder neuen Seite erneut nachfragen m\u00fcssen.<\/li><li>Sie \u00fcberwachen, wie die Benutzer die Dienste nutzen, um die Nutzung zu vereinfachen und gen\u00fcgend Leistung zu liefern, um ihre Funktionsf\u00e4higkeit zu gew\u00e4hrleisten.<\/li><li>Analyse der &#8222;anonymen&#8220; Daten, um die Interaktion der Nutzer mit den verschiedenen Aspekten der Online-Dienste zu verstehen und sie dadurch verbessern zu k\u00f6nnen.<\/li><\/ul><p>Wenn Sie auf der Website navigieren, akzeptiert der Benutzer diese. Im Falle der Annahme wird der Nutzer dar\u00fcber informiert, dass bestimmte Funktionen oder Seiten abgelehnt werden k\u00f6nnen. <\/p><p>Der Benutzer kann dieses Cookie \u00fcber die Parameter in seiner Navigationslogik deaktivieren.<\/p><h3> <\/h3><h3>ARTIKEL 8<em> <\/em>: Anwendbares Recht und Gerichtsbarkeit<\/h3><p>Die franz\u00f6sische Gesetzgebung gilt f\u00fcr den vorliegenden Vertrag. In Ermangelung einer einvernehmlichen L\u00f6sung eines zwischen den Parteien gef\u00fchrten Rechtsstreits sind die franz\u00f6sischen Gerichte allein zust\u00e4ndig. <\/p><p>Bei allen Fragen zur Anwendung der vorliegenden AGB wenden Sie sich bitte an den Herausgeber unter den in Artikel 1 genannten Kontaktdaten.<\/p><\/div><\/div><\/div><\/div>\t\t\t\t\t\t<\/div>\n\t\t\t\t<\/div>\n\t\t\t\t\t<\/div>\n\t\t<\/div>\n\t\t\t\t\t<\/div>\n\t\t<\/section>\n\t\t\t\t<\/div>\n\t\t","protected":false},"excerpt":{"rendered":"<p>Allgemeine Gesch\u00e4ftsbedingungend&#8217;utilisations In Kraft getreten am 01 janvier 2021 Die vorliegenden allgemeinen Nutzungsbedingungen (nachfolgend &#8220; CGU &#8220; genannt) zielen darauf ab, die Modalit\u00e4ten f\u00fcr die Bereitstellung der Website und der Dienstleistungen von waxpro.fr rechtlich zu regeln und die Bedingungen f\u00fcr den Zugang und die Nutzung der Dienstleistungen durch den &#8220; Nutzer &#8220; festzulegen. Die vorliegenden [&hellip;]<\/p>\n","protected":false},"author":1,"featured_media":0,"parent":0,"menu_order":0,"comment_status":"closed","ping_status":"closed","template":"","meta":{"_acf_changed":false,"footnotes":""},"class_list":["post-13966","page","type-page","status-publish","hentry"],"acf":[],"yoast_head":"<!-- This site is optimized with the Yoast SEO plugin v26.3 - https:\/\/yoast.com\/wordpress\/plugins\/seo\/ -->\n<title>Bedingungen f\u00fcr die Nutzung | Groupe SOFDI<\/title>\n<meta name=\"robots\" content=\"index, follow, max-snippet:-1, max-image-preview:large, max-video-preview:-1\" \/>\n<link rel=\"canonical\" href=\"https:\/\/waxpro.fr\/de\/nutzungsbedingungen\/\" \/>\n<meta property=\"og:locale\" content=\"de_DE\" \/>\n<meta property=\"og:type\" content=\"article\" \/>\n<meta property=\"og:title\" content=\"Bedingungen f\u00fcr die Nutzung | Groupe SOFDI\" \/>\n<meta property=\"og:description\" content=\"Allgemeine Gesch\u00e4ftsbedingungend&#8217;utilisations In Kraft getreten am 01 janvier 2021 Die vorliegenden allgemeinen Nutzungsbedingungen (nachfolgend &#8220; CGU &#8220; genannt) zielen darauf ab, die Modalit\u00e4ten f\u00fcr die Bereitstellung der Website und der Dienstleistungen von waxpro.fr rechtlich zu regeln und die Bedingungen f\u00fcr den Zugang und die Nutzung der Dienstleistungen durch den &#8220; Nutzer &#8220; festzulegen. Die vorliegenden [&hellip;]\" \/>\n<meta property=\"og:url\" content=\"https:\/\/waxpro.fr\/de\/nutzungsbedingungen\/\" \/>\n<meta property=\"og:site_name\" content=\"Groupe SOFDI\" \/>\n<meta property=\"article:modified_time\" content=\"2026-04-02T10:17:07+00:00\" \/>\n<meta name=\"twitter:card\" content=\"summary_large_image\" \/>\n<meta name=\"twitter:label1\" content=\"Gesch\u00e4tzte Lesezeit\" \/>\n\t<meta name=\"twitter:data1\" content=\"7\u00a0Minuten\" \/>\n<script type=\"application\/ld+json\" class=\"yoast-schema-graph\">{\"@context\":\"https:\/\/schema.org\",\"@graph\":[{\"@type\":\"WebPage\",\"@id\":\"https:\/\/waxpro.fr\/de\/nutzungsbedingungen\/\",\"url\":\"https:\/\/waxpro.fr\/de\/nutzungsbedingungen\/\",\"name\":\"Bedingungen f\u00fcr die Nutzung | Groupe SOFDI\",\"isPartOf\":{\"@id\":\"https:\/\/waxpro.fr\/de\/#website\"},\"datePublished\":\"2022-04-26T14:48:00+00:00\",\"dateModified\":\"2026-04-02T10:17:07+00:00\",\"breadcrumb\":{\"@id\":\"https:\/\/waxpro.fr\/de\/nutzungsbedingungen\/#breadcrumb\"},\"inLanguage\":\"de\",\"potentialAction\":[{\"@type\":\"ReadAction\",\"target\":[\"https:\/\/waxpro.fr\/de\/nutzungsbedingungen\/\"]}]},{\"@type\":\"BreadcrumbList\",\"@id\":\"https:\/\/waxpro.fr\/de\/nutzungsbedingungen\/#breadcrumb\",\"itemListElement\":[{\"@type\":\"ListItem\",\"position\":1,\"name\":\"Home\",\"item\":\"https:\/\/waxpro.fr\/de\/\"},{\"@type\":\"ListItem\",\"position\":2,\"name\":\"Bedingungen f\u00fcr die Nutzung\"}]},{\"@type\":\"WebSite\",\"@id\":\"https:\/\/waxpro.fr\/de\/#website\",\"url\":\"https:\/\/waxpro.fr\/de\/\",\"name\":\"Groupe SOFDI\",\"description\":\"\",\"publisher\":{\"@id\":\"https:\/\/waxpro.fr\/de\/#organization\"},\"potentialAction\":[{\"@type\":\"SearchAction\",\"target\":{\"@type\":\"EntryPoint\",\"urlTemplate\":\"https:\/\/waxpro.fr\/de\/?s={search_term_string}\"},\"query-input\":{\"@type\":\"PropertyValueSpecification\",\"valueRequired\":true,\"valueName\":\"search_term_string\"}}],\"inLanguage\":\"de\"},{\"@type\":\"Organization\",\"@id\":\"https:\/\/waxpro.fr\/de\/#organization\",\"name\":\"Groupe SOFDI\",\"url\":\"https:\/\/waxpro.fr\/de\/\",\"logo\":{\"@type\":\"ImageObject\",\"inLanguage\":\"de\",\"@id\":\"https:\/\/waxpro.fr\/de\/#\/schema\/logo\/image\/\",\"url\":\"https:\/\/waxpro.fr\/wp-content\/uploads\/2026\/03\/cropped-Wax_Pro_Horizon_Gris-1-scaled-1.png\",\"contentUrl\":\"https:\/\/waxpro.fr\/wp-content\/uploads\/2026\/03\/cropped-Wax_Pro_Horizon_Gris-1-scaled-1.png\",\"width\":2559,\"height\":411,\"caption\":\"Groupe SOFDI\"},\"image\":{\"@id\":\"https:\/\/waxpro.fr\/de\/#\/schema\/logo\/image\/\"}}]}<\/script>\n<!-- \/ Yoast SEO plugin. -->","yoast_head_json":{"title":"Bedingungen f\u00fcr die Nutzung | Groupe SOFDI","robots":{"index":"index","follow":"follow","max-snippet":"max-snippet:-1","max-image-preview":"max-image-preview:large","max-video-preview":"max-video-preview:-1"},"canonical":"https:\/\/waxpro.fr\/de\/nutzungsbedingungen\/","og_locale":"de_DE","og_type":"article","og_title":"Bedingungen f\u00fcr die Nutzung | Groupe SOFDI","og_description":"Allgemeine Gesch\u00e4ftsbedingungend&#8217;utilisations In Kraft getreten am 01 janvier 2021 Die vorliegenden allgemeinen Nutzungsbedingungen (nachfolgend &#8220; CGU &#8220; genannt) zielen darauf ab, die Modalit\u00e4ten f\u00fcr die Bereitstellung der Website und der Dienstleistungen von waxpro.fr rechtlich zu regeln und die Bedingungen f\u00fcr den Zugang und die Nutzung der Dienstleistungen durch den &#8220; Nutzer &#8220; festzulegen. Die vorliegenden [&hellip;]","og_url":"https:\/\/waxpro.fr\/de\/nutzungsbedingungen\/","og_site_name":"Groupe SOFDI","article_modified_time":"2026-04-02T10:17:07+00:00","twitter_card":"summary_large_image","twitter_misc":{"Gesch\u00e4tzte Lesezeit":"7\u00a0Minuten"},"schema":{"@context":"https:\/\/schema.org","@graph":[{"@type":"WebPage","@id":"https:\/\/waxpro.fr\/de\/nutzungsbedingungen\/","url":"https:\/\/waxpro.fr\/de\/nutzungsbedingungen\/","name":"Bedingungen f\u00fcr die Nutzung | Groupe SOFDI","isPartOf":{"@id":"https:\/\/waxpro.fr\/de\/#website"},"datePublished":"2022-04-26T14:48:00+00:00","dateModified":"2026-04-02T10:17:07+00:00","breadcrumb":{"@id":"https:\/\/waxpro.fr\/de\/nutzungsbedingungen\/#breadcrumb"},"inLanguage":"de","potentialAction":[{"@type":"ReadAction","target":["https:\/\/waxpro.fr\/de\/nutzungsbedingungen\/"]}]},{"@type":"BreadcrumbList","@id":"https:\/\/waxpro.fr\/de\/nutzungsbedingungen\/#breadcrumb","itemListElement":[{"@type":"ListItem","position":1,"name":"Home","item":"https:\/\/waxpro.fr\/de\/"},{"@type":"ListItem","position":2,"name":"Bedingungen f\u00fcr die Nutzung"}]},{"@type":"WebSite","@id":"https:\/\/waxpro.fr\/de\/#website","url":"https:\/\/waxpro.fr\/de\/","name":"Groupe SOFDI","description":"","publisher":{"@id":"https:\/\/waxpro.fr\/de\/#organization"},"potentialAction":[{"@type":"SearchAction","target":{"@type":"EntryPoint","urlTemplate":"https:\/\/waxpro.fr\/de\/?s={search_term_string}"},"query-input":{"@type":"PropertyValueSpecification","valueRequired":true,"valueName":"search_term_string"}}],"inLanguage":"de"},{"@type":"Organization","@id":"https:\/\/waxpro.fr\/de\/#organization","name":"Groupe SOFDI","url":"https:\/\/waxpro.fr\/de\/","logo":{"@type":"ImageObject","inLanguage":"de","@id":"https:\/\/waxpro.fr\/de\/#\/schema\/logo\/image\/","url":"https:\/\/waxpro.fr\/wp-content\/uploads\/2026\/03\/cropped-Wax_Pro_Horizon_Gris-1-scaled-1.png","contentUrl":"https:\/\/waxpro.fr\/wp-content\/uploads\/2026\/03\/cropped-Wax_Pro_Horizon_Gris-1-scaled-1.png","width":2559,"height":411,"caption":"Groupe SOFDI"},"image":{"@id":"https:\/\/waxpro.fr\/de\/#\/schema\/logo\/image\/"}}]}},"_links":{"self":[{"href":"https:\/\/waxpro.fr\/de\/wp-json\/wp\/v2\/pages\/13966","targetHints":{"allow":["GET"]}}],"collection":[{"href":"https:\/\/waxpro.fr\/de\/wp-json\/wp\/v2\/pages"}],"about":[{"href":"https:\/\/waxpro.fr\/de\/wp-json\/wp\/v2\/types\/page"}],"author":[{"embeddable":true,"href":"https:\/\/waxpro.fr\/de\/wp-json\/wp\/v2\/users\/1"}],"replies":[{"embeddable":true,"href":"https:\/\/waxpro.fr\/de\/wp-json\/wp\/v2\/comments?post=13966"}],"version-history":[{"count":7,"href":"https:\/\/waxpro.fr\/de\/wp-json\/wp\/v2\/pages\/13966\/revisions"}],"predecessor-version":[{"id":15441,"href":"https:\/\/waxpro.fr\/de\/wp-json\/wp\/v2\/pages\/13966\/revisions\/15441"}],"wp:attachment":[{"href":"https:\/\/waxpro.fr\/de\/wp-json\/wp\/v2\/media?parent=13966"}],"curies":[{"name":"wp","href":"https:\/\/api.w.org\/{rel}","templated":true}]}}