{"id":15351,"date":"2022-04-11T07:47:36","date_gmt":"2022-04-11T07:47:36","guid":{"rendered":"https:\/\/waxpro.fr\/rechtliche-hinweise\/"},"modified":"2026-04-02T09:59:08","modified_gmt":"2026-04-02T09:59:08","slug":"rechtliche-hinweise","status":"publish","type":"page","link":"https:\/\/waxpro.fr\/de\/rechtliche-hinweise\/","title":{"rendered":"Rechtliche Hinweise"},"content":{"rendered":"\t\t<div data-elementor-type=\"wp-page\" data-elementor-id=\"15351\" class=\"elementor elementor-15351 elementor-997\" data-elementor-post-type=\"page\">\n\t\t\t\t\t\t<section class=\"elementor-section elementor-top-section elementor-element elementor-element-59ffd73 elementor-section-full_width elementor-section-height-min-height elementor-section-content-middle elementor-section-height-default elementor-section-items-middle\" data-id=\"59ffd73\" data-element_type=\"section\" data-settings=\"{&quot;background_background&quot;:&quot;classic&quot;}\">\n\t\t\t\t\t\t<div class=\"elementor-container elementor-column-gap-default\">\n\t\t\t\t\t<div class=\"elementor-column elementor-col-100 elementor-top-column elementor-element elementor-element-2947c4d\" data-id=\"2947c4d\" data-element_type=\"column\">\n\t\t\t<div class=\"elementor-widget-wrap elementor-element-populated\">\n\t\t\t\t\t\t<div class=\"elementor-element elementor-element-ef3b48e elementor-widget elementor-widget-heading\" data-id=\"ef3b48e\" data-element_type=\"widget\" data-widget_type=\"heading.default\">\n\t\t\t\t<div class=\"elementor-widget-container\">\n\t\t\t<h1 class=\"elementor-heading-title elementor-size-default\">Rechtliche Hinweise<\/h1>\t\t<\/div>\n\t\t\t\t<\/div>\n\t\t\t\t\t<\/div>\n\t\t<\/div>\n\t\t\t\t\t<\/div>\n\t\t<\/section>\n\t\t\t\t<section class=\"elementor-section elementor-top-section elementor-element elementor-element-3af82ffa elementor-section-boxed elementor-section-height-default elementor-section-height-default\" data-id=\"3af82ffa\" data-element_type=\"section\">\n\t\t\t\t\t\t<div class=\"elementor-container elementor-column-gap-default\">\n\t\t\t\t\t<div class=\"elementor-column elementor-col-100 elementor-top-column elementor-element elementor-element-50157f77\" data-id=\"50157f77\" data-element_type=\"column\">\n\t\t\t<div class=\"elementor-widget-wrap elementor-element-populated\">\n\t\t\t\t\t\t<div class=\"elementor-element elementor-element-6e0101e elementor-widget elementor-widget-text-editor\" data-id=\"6e0101e\" data-element_type=\"widget\" data-widget_type=\"text-editor.default\">\n\t\t\t\t<div class=\"elementor-widget-container\">\n\t\t\t\t\t\t\t<div>\n<div>\n<p><strong>Herausgeber<\/strong><\/p>\n<p>SOCIETE FRANCAISE POUR LE DEVELOPPEMENT DE L&#8217;INDUSTRIE SOFDI (SOFDI)<\/p><p>27 rue Foucher Lepelletier<br>92130 Issy-Les-Moulineaux<br>Tel. 01 46 62 09 71<br><a href=\"mailto:support@waxpro.fr\">support@waxpro.fr<\/a><\/p>\n<p>SAS mit einem Kapital von 500.000 \u20ac<br>Hauptsitz: 27 rue Foucher Lepelletier<br>92130 Issy-Les-Moulineaux<br>RCS Nanterre 424 982 080<br>Umsatzsteuer-Identifikationsnummer FR77 424982080<\/p>\n<p><strong>Publishing Manager<\/strong><\/p>\n<p>Prune Maury-Laribi\u00e8re<\/p>\n<p><strong>Host<\/strong><\/p>\n<p>OVH <br>SAS mit einem Kapital von 10 069 020 \u20ac <br>RCS Lille M\u00e9tropole 424 761 419 00045 <br>Code APE 2620Z <br>MwSt.-Nr.: FR 22 424 761 419 <br>Hauptsitz: 2 rue Kellermann &#8211; 59100 Roubaix &#8211; Frankreich<\/p>\n<p><strong>Verantwortung<\/strong><\/p>\n<p>SOFDI \u00fcbernimmt keine Haftung f\u00fcr Sch\u00e4den, die mit der Nutzung des Internets verbunden sind oder durch diese verursacht werden, insbesondere in Bezug auf den Zugang und die Nutzung der Website <a href=\"http:\/\/waxpro.fr\">waxpro.de<\/a>.<\/p>\n<\/div>\n<\/div>\t\t\t\t\t\t<\/div>\n\t\t\t\t<\/div>\n\t\t\t\t\t<\/div>\n\t\t<\/div>\n\t\t\t\t\t<\/div>\n\t\t<\/section>\n\t\t\t\t<\/div>\n\t\t","protected":false},"excerpt":{"rendered":"<p>Rechtliche Hinweise Herausgeber SOCIETE FRANCAISE POUR LE DEVELOPPEMENT DE L&#8217;INDUSTRIE SOFDI (SOFDI) 27 rue Foucher Lepelletier92130 Issy-Les-MoulineauxTel. 01 46 62 09 71support@waxpro.fr SAS mit einem Kapital von 500.000 \u20acHauptsitz: 27 rue Foucher Lepelletier92130 Issy-Les-MoulineauxRCS Nanterre 424 982 080Umsatzsteuer-Identifikationsnummer FR77 424982080 Publishing Manager Prune Maury-Laribi\u00e8re Host OVH SAS mit einem Kapital von 10 069 020 \u20ac [&hellip;]<\/p>\n","protected":false},"author":1,"featured_media":0,"parent":0,"menu_order":0,"comment_status":"closed","ping_status":"closed","template":"","meta":{"_acf_changed":false,"footnotes":""},"class_list":["post-15351","page","type-page","status-publish","hentry"],"acf":[],"yoast_head":"<!-- This site is optimized with the Yoast SEO plugin v26.3 - https:\/\/yoast.com\/wordpress\/plugins\/seo\/ -->\n<title>Rechtliche Hinweise | Groupe SOFDI<\/title>\n<meta name=\"robots\" content=\"index, follow, max-snippet:-1, max-image-preview:large, max-video-preview:-1\" \/>\n<link rel=\"canonical\" href=\"https:\/\/waxpro.fr\/de\/rechtliche-hinweise\/\" \/>\n<meta property=\"og:locale\" content=\"de_DE\" \/>\n<meta property=\"og:type\" content=\"article\" \/>\n<meta property=\"og:title\" content=\"Rechtliche Hinweise | Groupe SOFDI\" \/>\n<meta property=\"og:description\" content=\"Rechtliche Hinweise Herausgeber SOCIETE FRANCAISE POUR LE DEVELOPPEMENT DE L&#8217;INDUSTRIE SOFDI (SOFDI) 27 rue Foucher Lepelletier92130 Issy-Les-MoulineauxTel. 01 46 62 09 71support@waxpro.fr SAS mit einem Kapital von 500.000 \u20acHauptsitz: 27 rue Foucher Lepelletier92130 Issy-Les-MoulineauxRCS Nanterre 424 982 080Umsatzsteuer-Identifikationsnummer FR77 424982080 Publishing Manager Prune Maury-Laribi\u00e8re Host OVH SAS mit einem Kapital von 10 069 020 \u20ac [&hellip;]\" \/>\n<meta property=\"og:url\" content=\"https:\/\/waxpro.fr\/de\/rechtliche-hinweise\/\" \/>\n<meta property=\"og:site_name\" content=\"Groupe SOFDI\" \/>\n<meta property=\"article:modified_time\" content=\"2026-04-02T09:59:08+00:00\" \/>\n<meta name=\"twitter:card\" content=\"summary_large_image\" \/>\n<script type=\"application\/ld+json\" class=\"yoast-schema-graph\">{\"@context\":\"https:\/\/schema.org\",\"@graph\":[{\"@type\":\"WebPage\",\"@id\":\"https:\/\/waxpro.fr\/de\/rechtliche-hinweise\/\",\"url\":\"https:\/\/waxpro.fr\/de\/rechtliche-hinweise\/\",\"name\":\"Rechtliche Hinweise | Groupe SOFDI\",\"isPartOf\":{\"@id\":\"https:\/\/waxpro.fr\/de\/#website\"},\"datePublished\":\"2022-04-11T07:47:36+00:00\",\"dateModified\":\"2026-04-02T09:59:08+00:00\",\"breadcrumb\":{\"@id\":\"https:\/\/waxpro.fr\/de\/rechtliche-hinweise\/#breadcrumb\"},\"inLanguage\":\"de\",\"potentialAction\":[{\"@type\":\"ReadAction\",\"target\":[\"https:\/\/waxpro.fr\/de\/rechtliche-hinweise\/\"]}]},{\"@type\":\"BreadcrumbList\",\"@id\":\"https:\/\/waxpro.fr\/de\/rechtliche-hinweise\/#breadcrumb\",\"itemListElement\":[{\"@type\":\"ListItem\",\"position\":1,\"name\":\"Home\",\"item\":\"https:\/\/waxpro.fr\/de\/\"},{\"@type\":\"ListItem\",\"position\":2,\"name\":\"Rechtliche Hinweise\"}]},{\"@type\":\"WebSite\",\"@id\":\"https:\/\/waxpro.fr\/de\/#website\",\"url\":\"https:\/\/waxpro.fr\/de\/\",\"name\":\"Groupe SOFDI\",\"description\":\"\",\"publisher\":{\"@id\":\"https:\/\/waxpro.fr\/de\/#organization\"},\"potentialAction\":[{\"@type\":\"SearchAction\",\"target\":{\"@type\":\"EntryPoint\",\"urlTemplate\":\"https:\/\/waxpro.fr\/de\/?s={search_term_string}\"},\"query-input\":{\"@type\":\"PropertyValueSpecification\",\"valueRequired\":true,\"valueName\":\"search_term_string\"}}],\"inLanguage\":\"de\"},{\"@type\":\"Organization\",\"@id\":\"https:\/\/waxpro.fr\/de\/#organization\",\"name\":\"Groupe SOFDI\",\"url\":\"https:\/\/waxpro.fr\/de\/\",\"logo\":{\"@type\":\"ImageObject\",\"inLanguage\":\"de\",\"@id\":\"https:\/\/waxpro.fr\/de\/#\/schema\/logo\/image\/\",\"url\":\"https:\/\/waxpro.fr\/wp-content\/uploads\/2026\/03\/cropped-Wax_Pro_Horizon_Gris-1-scaled-1.png\",\"contentUrl\":\"https:\/\/waxpro.fr\/wp-content\/uploads\/2026\/03\/cropped-Wax_Pro_Horizon_Gris-1-scaled-1.png\",\"width\":2559,\"height\":411,\"caption\":\"Groupe SOFDI\"},\"image\":{\"@id\":\"https:\/\/waxpro.fr\/de\/#\/schema\/logo\/image\/\"}}]}<\/script>\n<!-- \/ Yoast SEO plugin. -->","yoast_head_json":{"title":"Rechtliche Hinweise | Groupe SOFDI","robots":{"index":"index","follow":"follow","max-snippet":"max-snippet:-1","max-image-preview":"max-image-preview:large","max-video-preview":"max-video-preview:-1"},"canonical":"https:\/\/waxpro.fr\/de\/rechtliche-hinweise\/","og_locale":"de_DE","og_type":"article","og_title":"Rechtliche Hinweise | Groupe SOFDI","og_description":"Rechtliche Hinweise Herausgeber SOCIETE FRANCAISE POUR LE DEVELOPPEMENT DE L&#8217;INDUSTRIE SOFDI (SOFDI) 27 rue Foucher Lepelletier92130 Issy-Les-MoulineauxTel. 01 46 62 09 71support@waxpro.fr SAS mit einem Kapital von 500.000 \u20acHauptsitz: 27 rue Foucher Lepelletier92130 Issy-Les-MoulineauxRCS Nanterre 424 982 080Umsatzsteuer-Identifikationsnummer FR77 424982080 Publishing Manager Prune Maury-Laribi\u00e8re Host OVH SAS mit einem Kapital von 10 069 020 \u20ac [&hellip;]","og_url":"https:\/\/waxpro.fr\/de\/rechtliche-hinweise\/","og_site_name":"Groupe SOFDI","article_modified_time":"2026-04-02T09:59:08+00:00","twitter_card":"summary_large_image","schema":{"@context":"https:\/\/schema.org","@graph":[{"@type":"WebPage","@id":"https:\/\/waxpro.fr\/de\/rechtliche-hinweise\/","url":"https:\/\/waxpro.fr\/de\/rechtliche-hinweise\/","name":"Rechtliche Hinweise | Groupe SOFDI","isPartOf":{"@id":"https:\/\/waxpro.fr\/de\/#website"},"datePublished":"2022-04-11T07:47:36+00:00","dateModified":"2026-04-02T09:59:08+00:00","breadcrumb":{"@id":"https:\/\/waxpro.fr\/de\/rechtliche-hinweise\/#breadcrumb"},"inLanguage":"de","potentialAction":[{"@type":"ReadAction","target":["https:\/\/waxpro.fr\/de\/rechtliche-hinweise\/"]}]},{"@type":"BreadcrumbList","@id":"https:\/\/waxpro.fr\/de\/rechtliche-hinweise\/#breadcrumb","itemListElement":[{"@type":"ListItem","position":1,"name":"Home","item":"https:\/\/waxpro.fr\/de\/"},{"@type":"ListItem","position":2,"name":"Rechtliche Hinweise"}]},{"@type":"WebSite","@id":"https:\/\/waxpro.fr\/de\/#website","url":"https:\/\/waxpro.fr\/de\/","name":"Groupe SOFDI","description":"","publisher":{"@id":"https:\/\/waxpro.fr\/de\/#organization"},"potentialAction":[{"@type":"SearchAction","target":{"@type":"EntryPoint","urlTemplate":"https:\/\/waxpro.fr\/de\/?s={search_term_string}"},"query-input":{"@type":"PropertyValueSpecification","valueRequired":true,"valueName":"search_term_string"}}],"inLanguage":"de"},{"@type":"Organization","@id":"https:\/\/waxpro.fr\/de\/#organization","name":"Groupe SOFDI","url":"https:\/\/waxpro.fr\/de\/","logo":{"@type":"ImageObject","inLanguage":"de","@id":"https:\/\/waxpro.fr\/de\/#\/schema\/logo\/image\/","url":"https:\/\/waxpro.fr\/wp-content\/uploads\/2026\/03\/cropped-Wax_Pro_Horizon_Gris-1-scaled-1.png","contentUrl":"https:\/\/waxpro.fr\/wp-content\/uploads\/2026\/03\/cropped-Wax_Pro_Horizon_Gris-1-scaled-1.png","width":2559,"height":411,"caption":"Groupe SOFDI"},"image":{"@id":"https:\/\/waxpro.fr\/de\/#\/schema\/logo\/image\/"}}]}},"_links":{"self":[{"href":"https:\/\/waxpro.fr\/de\/wp-json\/wp\/v2\/pages\/15351","targetHints":{"allow":["GET"]}}],"collection":[{"href":"https:\/\/waxpro.fr\/de\/wp-json\/wp\/v2\/pages"}],"about":[{"href":"https:\/\/waxpro.fr\/de\/wp-json\/wp\/v2\/types\/page"}],"author":[{"embeddable":true,"href":"https:\/\/waxpro.fr\/de\/wp-json\/wp\/v2\/users\/1"}],"replies":[{"embeddable":true,"href":"https:\/\/waxpro.fr\/de\/wp-json\/wp\/v2\/comments?post=15351"}],"version-history":[{"count":1,"href":"https:\/\/waxpro.fr\/de\/wp-json\/wp\/v2\/pages\/15351\/revisions"}],"predecessor-version":[{"id":15357,"href":"https:\/\/waxpro.fr\/de\/wp-json\/wp\/v2\/pages\/15351\/revisions\/15357"}],"wp:attachment":[{"href":"https:\/\/waxpro.fr\/de\/wp-json\/wp\/v2\/media?parent=15351"}],"curies":[{"name":"wp","href":"https:\/\/api.w.org\/{rel}","templated":true}]}}