{"id":3,"date":"2022-04-11T07:47:36","date_gmt":"2022-04-11T07:47:36","guid":{"rendered":"https:\/\/waxpro.fr\/?page_id=3"},"modified":"2026-04-02T09:57:53","modified_gmt":"2026-04-02T09:57:53","slug":"mentions-legales","status":"publish","type":"page","link":"https:\/\/waxpro.fr\/en\/mentions-legales\/","title":{"rendered":"Mentions l\u00e9gales"},"content":{"rendered":"\t\t<div data-elementor-type=\"wp-page\" data-elementor-id=\"3\" class=\"elementor elementor-3\" data-elementor-post-type=\"page\">\n\t\t\t\t\t\t<section class=\"elementor-section elementor-top-section elementor-element elementor-element-59ffd73 elementor-section-full_width elementor-section-height-min-height elementor-section-content-middle elementor-section-height-default elementor-section-items-middle\" data-id=\"59ffd73\" data-element_type=\"section\" data-e-type=\"section\" data-settings=\"{&quot;background_background&quot;:&quot;classic&quot;}\">\n\t\t\t\t\t\t<div class=\"elementor-container elementor-column-gap-default\">\n\t\t\t\t\t<div class=\"elementor-column elementor-col-100 elementor-top-column elementor-element elementor-element-2947c4d\" data-id=\"2947c4d\" data-element_type=\"column\" data-e-type=\"column\">\n\t\t\t<div class=\"elementor-widget-wrap elementor-element-populated\">\n\t\t\t\t\t\t<div class=\"elementor-element elementor-element-ef3b48e elementor-widget elementor-widget-heading\" data-id=\"ef3b48e\" data-element_type=\"widget\" data-e-type=\"widget\" data-widget_type=\"heading.default\">\n\t\t\t\t<div class=\"elementor-widget-container\">\n\t\t\t\t\t<h1 class=\"elementor-heading-title elementor-size-default\">Legal information<\/h1>\t\t\t\t<\/div>\n\t\t\t\t<\/div>\n\t\t\t\t\t<\/div>\n\t\t<\/div>\n\t\t\t\t\t<\/div>\n\t\t<\/section>\n\t\t\t\t<section class=\"elementor-section elementor-top-section elementor-element elementor-element-3af82ffa elementor-section-boxed elementor-section-height-default elementor-section-height-default\" data-id=\"3af82ffa\" data-element_type=\"section\" data-e-type=\"section\">\n\t\t\t\t\t\t<div class=\"elementor-container elementor-column-gap-default\">\n\t\t\t\t\t<div class=\"elementor-column elementor-col-100 elementor-top-column elementor-element elementor-element-50157f77\" data-id=\"50157f77\" data-element_type=\"column\" data-e-type=\"column\">\n\t\t\t<div class=\"elementor-widget-wrap elementor-element-populated\">\n\t\t\t\t\t\t<div class=\"elementor-element elementor-element-6e0101e elementor-widget elementor-widget-text-editor\" data-id=\"6e0101e\" data-element_type=\"widget\" data-e-type=\"widget\" data-widget_type=\"text-editor.default\">\n\t\t\t\t<div class=\"elementor-widget-container\">\n\t\t\t\t\t\t\t\t\t<div class=\"row\"><div class=\"col-12\"><p><strong>Publisher<\/strong><\/p><p>SOFDI<br \/>27 rue Foucher Leppeletier<br \/>92130 Issy-Les-Moulineaux<br \/>Tel. +33 (0)1 46 62 09 71<br \/><a href=\"mailto:support@waxpro.fr\">support@waxpro.fr<\/a><\/p><p>SAS with capital of \u20ac500,000<br \/>Registered office: 27 rue Foucher Lepelletier<br \/>92130 Issy-Les-Moulineaux<br \/>RCS Nanterre 424 982 080<br \/>Intracommunity VAT no. FR77 424982080<\/p><p><strong>Publishing director<\/strong><\/p><p>Prune Maury-Laribi\u00e8re<\/p><p><strong>Host<\/strong><\/p><p>OVH<br \/>SAS with capital of \u20ac10,069,020<br \/>RCS Lille M\u00e9tropole 424 761 419 00045<br \/>Code APE 2620Z<br \/>VAT NUMBER: FR 22 424 761 419<br \/>Registered office: 2 rue Kellermann &#8211; 59100 Roubaix &#8211; France<\/p><p><strong>Liability<\/strong><\/p><p><br \/>SOFDI accepts no liability in the event of damage inherent in or caused by the use of the Internet, in particular with regard to access to and use of the waxpro.fr website.<\/p><\/div><\/div>\t\t\t\t\t\t\t\t<\/div>\n\t\t\t\t<\/div>\n\t\t\t\t\t<\/div>\n\t\t<\/div>\n\t\t\t\t\t<\/div>\n\t\t<\/section>\n\t\t\t\t<\/div>\n\t\t","protected":false},"excerpt":{"rendered":"<p>Mentions l\u00e9gales Editeur SOFDI27 rue Foucher Leppeletier92130 Issy-Les-MoulineauxT\u00e9l. 01 46 62 09 71support@waxpro.fr SAS au capital de 500 000\u20acSi\u00e8ge Social : 27 rue Foucher Lepelletier92130 Issy-Les-MoulineauxRCS Nanterre 424 982 080N\u00b0 TVA intracommunautaire FR77 424982080 Directeur de la publication Prune Maury-Laribi\u00e8re H\u00e9bergeur OVH SAS au capital de 10 069 020 \u20ac RCS Lille M\u00e9tropole 424 761 [&hellip;]<\/p>\n","protected":false},"author":1,"featured_media":0,"parent":0,"menu_order":0,"comment_status":"closed","ping_status":"closed","template":"","meta":{"_acf_changed":false,"footnotes":""},"class_list":["post-3","page","type-page","status-publish","hentry"],"acf":[],"yoast_head":"<!-- This site is optimized with the Yoast SEO plugin v27.4 - https:\/\/yoast.com\/product\/yoast-seo-wordpress\/ -->\n<title>Mentions l\u00e9gales | Groupe SOFDI<\/title>\n<meta name=\"robots\" content=\"index, follow, max-snippet:-1, max-image-preview:large, max-video-preview:-1\" \/>\n<link rel=\"canonical\" href=\"https:\/\/waxpro.fr\/en\/mentions-legales\/\" \/>\n<meta property=\"og:locale\" content=\"en_US\" \/>\n<meta property=\"og:type\" content=\"article\" \/>\n<meta property=\"og:title\" content=\"Mentions l\u00e9gales | Groupe SOFDI\" \/>\n<meta property=\"og:description\" content=\"Mentions l\u00e9gales Editeur SOFDI27 rue Foucher Leppeletier92130 Issy-Les-MoulineauxT\u00e9l. 01 46 62 09 71support@waxpro.fr SAS au capital de 500 000\u20acSi\u00e8ge Social : 27 rue Foucher Lepelletier92130 Issy-Les-MoulineauxRCS Nanterre 424 982 080N\u00b0 TVA intracommunautaire FR77 424982080 Directeur de la publication Prune Maury-Laribi\u00e8re H\u00e9bergeur OVH SAS au capital de 10 069 020 \u20ac RCS Lille M\u00e9tropole 424 761 [&hellip;]\" \/>\n<meta property=\"og:url\" content=\"https:\/\/waxpro.fr\/en\/mentions-legales\/\" \/>\n<meta property=\"og:site_name\" content=\"Groupe SOFDI\" \/>\n<meta property=\"article:modified_time\" content=\"2026-04-02T09:57:53+00:00\" \/>\n<meta name=\"twitter:card\" content=\"summary_large_image\" \/>\n<meta name=\"twitter:label1\" content=\"Est. reading time\" \/>\n\t<meta name=\"twitter:data1\" content=\"1 minute\" \/>\n<script type=\"application\/ld+json\" class=\"yoast-schema-graph\">{\"@context\":\"https:\\\/\\\/schema.org\",\"@graph\":[{\"@type\":\"WebPage\",\"@id\":\"https:\\\/\\\/waxpro.fr\\\/en\\\/mentions-legales\\\/\",\"url\":\"https:\\\/\\\/waxpro.fr\\\/en\\\/mentions-legales\\\/\",\"name\":\"Mentions l\u00e9gales | Groupe SOFDI\",\"isPartOf\":{\"@id\":\"https:\\\/\\\/waxpro.fr\\\/en\\\/#website\"},\"datePublished\":\"2022-04-11T07:47:36+00:00\",\"dateModified\":\"2026-04-02T09:57:53+00:00\",\"breadcrumb\":{\"@id\":\"https:\\\/\\\/waxpro.fr\\\/en\\\/mentions-legales\\\/#breadcrumb\"},\"inLanguage\":\"en-US\",\"potentialAction\":[{\"@type\":\"ReadAction\",\"target\":[\"https:\\\/\\\/waxpro.fr\\\/en\\\/mentions-legales\\\/\"]}]},{\"@type\":\"BreadcrumbList\",\"@id\":\"https:\\\/\\\/waxpro.fr\\\/en\\\/mentions-legales\\\/#breadcrumb\",\"itemListElement\":[{\"@type\":\"ListItem\",\"position\":1,\"name\":\"Home\",\"item\":\"https:\\\/\\\/waxpro.fr\\\/en\\\/\"},{\"@type\":\"ListItem\",\"position\":2,\"name\":\"Mentions l\u00e9gales\"}]},{\"@type\":\"WebSite\",\"@id\":\"https:\\\/\\\/waxpro.fr\\\/en\\\/#website\",\"url\":\"https:\\\/\\\/waxpro.fr\\\/en\\\/\",\"name\":\"Groupe SOFDI\",\"description\":\"\",\"publisher\":{\"@id\":\"https:\\\/\\\/waxpro.fr\\\/en\\\/#organization\"},\"potentialAction\":[{\"@type\":\"SearchAction\",\"target\":{\"@type\":\"EntryPoint\",\"urlTemplate\":\"https:\\\/\\\/waxpro.fr\\\/en\\\/?s={search_term_string}\"},\"query-input\":{\"@type\":\"PropertyValueSpecification\",\"valueRequired\":true,\"valueName\":\"search_term_string\"}}],\"inLanguage\":\"en-US\"},{\"@type\":\"Organization\",\"@id\":\"https:\\\/\\\/waxpro.fr\\\/en\\\/#organization\",\"name\":\"Groupe SOFDI\",\"url\":\"https:\\\/\\\/waxpro.fr\\\/en\\\/\",\"logo\":{\"@type\":\"ImageObject\",\"inLanguage\":\"en-US\",\"@id\":\"https:\\\/\\\/waxpro.fr\\\/en\\\/#\\\/schema\\\/logo\\\/image\\\/\",\"url\":\"https:\\\/\\\/waxpro.fr\\\/wp-content\\\/uploads\\\/2026\\\/03\\\/cropped-Wax_Pro_Horizon_Gris-1-scaled-1.png\",\"contentUrl\":\"https:\\\/\\\/waxpro.fr\\\/wp-content\\\/uploads\\\/2026\\\/03\\\/cropped-Wax_Pro_Horizon_Gris-1-scaled-1.png\",\"width\":2559,\"height\":411,\"caption\":\"Groupe SOFDI\"},\"image\":{\"@id\":\"https:\\\/\\\/waxpro.fr\\\/en\\\/#\\\/schema\\\/logo\\\/image\\\/\"}}]}<\/script>\n<!-- \/ Yoast SEO plugin. -->","yoast_head_json":{"title":"Mentions l\u00e9gales | Groupe SOFDI","robots":{"index":"index","follow":"follow","max-snippet":"max-snippet:-1","max-image-preview":"max-image-preview:large","max-video-preview":"max-video-preview:-1"},"canonical":"https:\/\/waxpro.fr\/en\/mentions-legales\/","og_locale":"en_US","og_type":"article","og_title":"Mentions l\u00e9gales | Groupe SOFDI","og_description":"Mentions l\u00e9gales Editeur SOFDI27 rue Foucher Leppeletier92130 Issy-Les-MoulineauxT\u00e9l. 01 46 62 09 71support@waxpro.fr SAS au capital de 500 000\u20acSi\u00e8ge Social : 27 rue Foucher Lepelletier92130 Issy-Les-MoulineauxRCS Nanterre 424 982 080N\u00b0 TVA intracommunautaire FR77 424982080 Directeur de la publication Prune Maury-Laribi\u00e8re H\u00e9bergeur OVH SAS au capital de 10 069 020 \u20ac RCS Lille M\u00e9tropole 424 761 [&hellip;]","og_url":"https:\/\/waxpro.fr\/en\/mentions-legales\/","og_site_name":"Groupe SOFDI","article_modified_time":"2026-04-02T09:57:53+00:00","twitter_card":"summary_large_image","twitter_misc":{"Est. reading time":"1 minute"},"schema":{"@context":"https:\/\/schema.org","@graph":[{"@type":"WebPage","@id":"https:\/\/waxpro.fr\/en\/mentions-legales\/","url":"https:\/\/waxpro.fr\/en\/mentions-legales\/","name":"Mentions l\u00e9gales | Groupe SOFDI","isPartOf":{"@id":"https:\/\/waxpro.fr\/en\/#website"},"datePublished":"2022-04-11T07:47:36+00:00","dateModified":"2026-04-02T09:57:53+00:00","breadcrumb":{"@id":"https:\/\/waxpro.fr\/en\/mentions-legales\/#breadcrumb"},"inLanguage":"en-US","potentialAction":[{"@type":"ReadAction","target":["https:\/\/waxpro.fr\/en\/mentions-legales\/"]}]},{"@type":"BreadcrumbList","@id":"https:\/\/waxpro.fr\/en\/mentions-legales\/#breadcrumb","itemListElement":[{"@type":"ListItem","position":1,"name":"Home","item":"https:\/\/waxpro.fr\/en\/"},{"@type":"ListItem","position":2,"name":"Mentions l\u00e9gales"}]},{"@type":"WebSite","@id":"https:\/\/waxpro.fr\/en\/#website","url":"https:\/\/waxpro.fr\/en\/","name":"Groupe SOFDI","description":"","publisher":{"@id":"https:\/\/waxpro.fr\/en\/#organization"},"potentialAction":[{"@type":"SearchAction","target":{"@type":"EntryPoint","urlTemplate":"https:\/\/waxpro.fr\/en\/?s={search_term_string}"},"query-input":{"@type":"PropertyValueSpecification","valueRequired":true,"valueName":"search_term_string"}}],"inLanguage":"en-US"},{"@type":"Organization","@id":"https:\/\/waxpro.fr\/en\/#organization","name":"Groupe SOFDI","url":"https:\/\/waxpro.fr\/en\/","logo":{"@type":"ImageObject","inLanguage":"en-US","@id":"https:\/\/waxpro.fr\/en\/#\/schema\/logo\/image\/","url":"https:\/\/waxpro.fr\/wp-content\/uploads\/2026\/03\/cropped-Wax_Pro_Horizon_Gris-1-scaled-1.png","contentUrl":"https:\/\/waxpro.fr\/wp-content\/uploads\/2026\/03\/cropped-Wax_Pro_Horizon_Gris-1-scaled-1.png","width":2559,"height":411,"caption":"Groupe SOFDI"},"image":{"@id":"https:\/\/waxpro.fr\/en\/#\/schema\/logo\/image\/"}}]}},"_links":{"self":[{"href":"https:\/\/waxpro.fr\/en\/wp-json\/wp\/v2\/pages\/3","targetHints":{"allow":["GET"]}}],"collection":[{"href":"https:\/\/waxpro.fr\/en\/wp-json\/wp\/v2\/pages"}],"about":[{"href":"https:\/\/waxpro.fr\/en\/wp-json\/wp\/v2\/types\/page"}],"author":[{"embeddable":true,"href":"https:\/\/waxpro.fr\/en\/wp-json\/wp\/v2\/users\/1"}],"replies":[{"embeddable":true,"href":"https:\/\/waxpro.fr\/en\/wp-json\/wp\/v2\/comments?post=3"}],"version-history":[{"count":71,"href":"https:\/\/waxpro.fr\/en\/wp-json\/wp\/v2\/pages\/3\/revisions"}],"predecessor-version":[{"id":15338,"href":"https:\/\/waxpro.fr\/en\/wp-json\/wp\/v2\/pages\/3\/revisions\/15338"}],"wp:attachment":[{"href":"https:\/\/waxpro.fr\/en\/wp-json\/wp\/v2\/media?parent=3"}],"curies":[{"name":"wp","href":"https:\/\/api.w.org\/{rel}","templated":true}]}}