{"id":1117,"date":"2022-04-26T14:48:00","date_gmt":"2022-04-26T14:48:00","guid":{"rendered":"https:\/\/waxpro.fr\/conditions-dutilisation\/"},"modified":"2026-03-18T16:18:53","modified_gmt":"2026-03-18T16:18:53","slug":"conditions-dutilisation","status":"publish","type":"page","link":"https:\/\/waxpro.fr\/es\/mentions-legales\/conditions-dutilisation\/","title":{"rendered":"Conditions d&#8217;utilisation"},"content":{"rendered":"\t\t<div data-elementor-type=\"wp-page\" data-elementor-id=\"1117\" class=\"elementor elementor-1117 elementor-504\" data-elementor-post-type=\"page\">\n\t\t\t\t\t\t<section class=\"elementor-section elementor-top-section elementor-element elementor-element-59ffd73 elementor-section-full_width elementor-section-height-min-height elementor-section-content-middle elementor-section-height-default elementor-section-items-middle\" data-id=\"59ffd73\" data-element_type=\"section\" data-settings=\"{&quot;background_background&quot;:&quot;classic&quot;}\">\n\t\t\t\t\t\t<div class=\"elementor-container elementor-column-gap-default\">\n\t\t\t\t\t<div class=\"elementor-column elementor-col-100 elementor-top-column elementor-element elementor-element-2947c4d\" data-id=\"2947c4d\" data-element_type=\"column\">\n\t\t\t<div class=\"elementor-widget-wrap elementor-element-populated\">\n\t\t\t\t\t\t<div class=\"elementor-element elementor-element-ef3b48e elementor-widget elementor-widget-heading\" data-id=\"ef3b48e\" data-element_type=\"widget\" data-widget_type=\"heading.default\">\n\t\t\t\t<div class=\"elementor-widget-container\">\n\t\t\t<h1 class=\"elementor-heading-title elementor-size-default\">Conditions g\u00e9n\u00e9rales<br> d'utilisations<\/h1>\t\t<\/div>\n\t\t\t\t<\/div>\n\t\t\t\t\t<\/div>\n\t\t<\/div>\n\t\t\t\t\t<\/div>\n\t\t<\/section>\n\t\t\t\t<section class=\"elementor-section elementor-top-section elementor-element elementor-element-3af82ffa elementor-section-boxed elementor-section-height-default elementor-section-height-default\" data-id=\"3af82ffa\" data-element_type=\"section\">\n\t\t\t\t\t\t<div class=\"elementor-container elementor-column-gap-default\">\n\t\t\t\t\t<div class=\"elementor-column elementor-col-100 elementor-top-column elementor-element elementor-element-50157f77\" data-id=\"50157f77\" data-element_type=\"column\">\n\t\t\t<div class=\"elementor-widget-wrap elementor-element-populated\">\n\t\t\t\t\t\t<div class=\"elementor-element elementor-element-6e0101e elementor-widget elementor-widget-text-editor\" data-id=\"6e0101e\" data-element_type=\"widget\" data-widget_type=\"text-editor.default\">\n\t\t\t\t<div class=\"elementor-widget-container\">\n\t\t\t\t\t\t\t<div class=\"row\"><div class=\"col-12\"><div class=\"row\"><div class=\"col-12\"><p><span style=\"font-family: var( --e-global-typography-text-font-family ), Sans-serif; font-size: var( --e-global-typography-text-font-size ); font-weight: var( --e-global-typography-text-font-weight );\">En vigueur au <\/span><em style=\"font-family: var( --e-global-typography-text-font-family ), Sans-serif; font-size: var( --e-global-typography-text-font-size ); font-weight: var( --e-global-typography-text-font-weight );\">01 janvier 2021<\/em><\/p><p>Les pre\u0301sentes conditions ge\u0301ne\u0301rales d&#8217;utilisation (dites \u00ab CGU \u00bb) ont pour objet l&#8217;encadrement juridique des modalite\u0301s de mise a\u0300 disposition du site et des services par <a href=\"http:\/\/waxpro.fr\">waxpro.fr<\/a><em>\u00a0<\/em>et de d\u00e9finir les conditions d\u2019acce\u0300s et d\u2019utilisation des services par \u00ab l&#8217;Utilisateur \u00bb. <br \/>Les pre\u0301sentes CGU sont accessibles sur le site a\u0300 la rubrique \u00abCGU\u00bb.<\/p><p>Les CGU doivent e\u0302tre accepte\u0301es par tout Utilisateur souhaitant acc\u00e9der au site. Elles constituent le contrat entre le site et l&#8217;Utilisateur. L\u2019acc\u00e8s au site par l\u2019Utilisateur signifie son acceptation des pre\u0301sentes CGU. Il s\u2019engage de\u0301sormais a\u0300 respecter les pre\u0301sentes conditions.<\/p><p>Toute inscription ou utilisation du site implique l&#8217;acceptation sans aucune re\u0301serve ni restriction des pre\u0301sentes CGU par l\u2019utilisateur. Lors de l&#8217;inscription sur le site via le Formulaire d\u2019inscription, chaque utilisateur accepte expresse\u0301ment les pre\u0301sentes CGU en cochant la case pr\u00e9c\u00e9dant le texte suivant : \u00ab <em>Je reconnais avoir lu et compris les CGU et je les accepte <\/em>\u00bb.<\/p><p>En cas de non-acceptation des CGU stipule\u0301es dans le pre\u0301sent contrat, l&#8217;Utilisateur se doit de renoncer a\u0300 l&#8217;acce\u0300s des services propose\u0301s par le site. <br \/><a href=\"http:\/\/waxpro.fr\">waxpro.fr<\/a> se re\u0301serve le droit de modifier unilate\u0301ralement et a\u0300 tout moment le contenu des pre\u0301sentes CGU.<\/p><h3>\u00a0<\/h3><h3>ARTICLE 1 : Mentions le\u0301gales<\/h3><p><em> <br \/><\/em> L&#8217;e\u0301dition du site <a href=\"http:\/\/waxpro.fr\">waxpro.fr<\/a><em>\u00a0<\/em>est assure\u0301e par la Socie\u0301te\u0301 <em>Sofdi SAS\u00a0au capital de 500\u00a0000\u20ac,<\/em> immatricule\u0301e au RCS de <em>Nanterre <\/em> sous le nume\u0301ro <em>424 982 080 <\/em>dont le sie\u0300ge social est situe\u0301 au <em> 27 rue foucher Lepelletier 92130 Issy-Les-Moulineaux, 01 46 62 09 71, <a href=\"mailto:support@waxpro.fr\">support@waxpro.fr<\/a>. <br \/><\/em> N\u00b0 de TVA intracommunautaire : <em>FR77 424 982 080<\/em><\/p><p>Le Directeur de la publication est <em>Prune Maury-Laribi\u00e8re<\/em><\/p><p>L&#8217;he\u0301bergeur du site <a href=\"http:\/\/waxpro.fr\">waxpro.fr<\/a><em>\u00a0<\/em>est la Socie\u0301te\u0301 OVH, au capital de 10 069 020\u20ac immatricule\u0301e au RCS de <em>Lille <\/em>sous le nume\u0301ro 424 761 419 00045<em>, <\/em> dont le sie\u0300ge social est situe\u0301 au 2 rue Kellermann &#8211; 59100 Roubaix \u2013 France<\/p><h3>\u00a0<\/h3><h3>ARTICLE 2 : Acce\u0300s au site<\/h3><p>Le site <a href=\"http:\/\/waxpro.fr\">waxpro.fr<\/a><em>\u00a0<\/em>permet a\u0300 l&#8217;Utilisateur un acce\u0300s gratuit aux services suivants : <em><br \/><\/em> \u00e0 la pr\u00e9sentation de la marque Waxoyl et des diff\u00e9rents produits distribu\u00e9s par la Sofdi.<\/p><p>Le site est accessible gratuitement en tout lieu a\u0300 tout Utilisateur ayant un acce\u0300s a\u0300 Internet. Tous les frais supporte\u0301s par l&#8217;Utilisateur pour acce\u0301der au service (mate\u0301riel informatique, logiciels, connexion Internet, etc.) sont a\u0300 sa charge.<\/p><p><strong>L\u2019espace membre :<\/strong><\/p><p>L\u2019Utilisateur non membre n&#8217;a pas acce\u0300s aux services re\u0301serve\u0301s. Ces derniers sont accessibles uniquement aux concessionnaires clients ayant demand\u00e9s la cr\u00e9ation d\u2019un espace personnel.<\/p><p>L\u2019Utilisateur est responsable de la mise a\u0300 jour des informations fournies. Il lui est pre\u0301cise\u0301 qu\u2019il peut les modifier en se connectant a\u0300 son espace membre.<\/p><p>Pour acce\u0301der aux services, l\u2019Utilisateur devra s&#8217;identifier a\u0300 l&#8217;aide de son nom d\u2019utilisateur et de son mot de passe qui lui seront communique\u0301s apre\u0300s son inscription et qui sont strictement personnels. A ce titre, il s\u2019en interdit toute divulgation. Dans le cas contraire, il restera seul responsable de l\u2019usage qui en sera fait.<\/p><p>L\u2019Utilisateur pourra e\u0301galement solliciter sa de\u0301sinscription en envoyant un email a\u0300 : <a href=\"mailto:support@waxpro.fr\"><em>support@waxpro.fr<\/em><\/a>. Celle-ci sera effective dans un de\u0301lai raisonnable.<\/p><p>En cas de non respect des conditions ge\u0301ne\u0301rales de vente et\/ou d\u2019utilisation, le site <a href=\"http:\/\/waxpro.fr\">waxpro.fr<\/a><em>\u00a0<\/em>aura la possibilite\u0301 de suspendre voire de fermer le compte d\u2019un Utilisateur apre\u0300s mise en demeure adresse\u0301e par voie e\u0301lectronique et reste\u0301e sans effet.<\/p><p>Toute suppression de compte, quel qu\u2019en soit le motif, engendre la suppression pure et simple de toutes informations personnelles de l\u2019Utilisateur.<\/p><p>Tout e\u0301ve\u0301nement du\u0302 a\u0300 un cas de force majeure ayant pour conse\u0301quence un dysfonctionnement du site ou serveur et sous re\u0301serve de toute interruption ou modification en cas de maintenance, n&#8217;engage pas la responsabilite\u0301 de <a href=\"http:\/\/waxpro.fr\">waxpro.fr<\/a><em>. <\/em> Dans ces cas, l\u2019Utilisateur accepte ainsi ne pas tenir rigueur a\u0300 l\u2019e\u0301diteur de toute interruption ou suspension de service, me\u0302me sans pre\u0301avis.<\/p><p>L&#8217;Utilisateur a la possibilite\u0301 de contacter le site par messagerie e\u0301lectronique a\u0300 l\u2019adresse email de l\u2019e\u0301diteur communique\u0301 a\u0300 l\u2019ARTICLE 1.<\/p><h3>\u00a0<\/h3><h3>ARTICLE 3 : Donne\u0301es personnelles<\/h3><p>Le site assure a\u0300 l&#8217;Utilisateur une collecte et un traitement d&#8217;informations personnelles dans le respect de la vie prive\u0301e conforme\u0301ment a\u0300 la loi n\u00b078-17 du 6 janvier 1978 relative a\u0300 l&#8217;informatique, aux fichiers et aux liberte\u0301s. Le site est de\u0301clare\u0301 a\u0300 la CNIL <em>. <br \/><\/em> En vertu de la loi Informatique et Liberte\u0301s, en date du 6 janvier 1978, l&#8217;Utilisateur dispose d&#8217;un droit d&#8217;acce\u0300s, de rectification, de suppression et d&#8217;opposition de ses donne\u0301es personnelles. L&#8217;Utilisateur exerce ce droit :<\/p><ul><li>par mail a\u0300 <em> l\u2019adresse indiqu\u00e9 Article I<\/em><\/li><li>par voie postale <em>\u00e0 l\u2019adresse du si\u00e8ge social<\/em><\/li><\/ul><h3>\u00a0<\/h3><h3>ARTICLE 4 : Proprie\u0301te\u0301 intellectuelle<\/h3><p>Les marques, logos, signes ainsi que tous les contenus du site (textes, images, son&#8230;) font l&#8217;objet d&#8217;une protection par le Code de la proprie\u0301te\u0301 intellectuelle et plus particulie\u0300rement par le droit d&#8217;auteur.<\/p><p>L&#8217;Utilisateur doit solliciter l&#8217;autorisation pre\u0301alable du site pour toute reproduction, publication, copie des diffe\u0301rents contenus. Il s&#8217;engage a\u0300 une utilisation des contenus du site dans un cadre strictement prive\u0301, toute utilisation a\u0300 des fins commerciales et publicitaires est strictement interdite.<\/p><p>Toute repre\u0301sentation totale ou partielle de ce site par quelque proce\u0301de\u0301 que ce soit, sans l\u2019autorisation expresse de l\u2019exploitant du site Internet constituerait une contrefac\u0327on sanctionne\u0301e par l\u2019article L 335-2 et suivants du Code de la proprie\u0301te\u0301 intellectuelle.<\/p><p>Il est rappele\u0301 conforme\u0301ment a\u0300 l\u2019article L122-5 du Code de proprie\u0301te\u0301 intellectuelle que l\u2019Utilisateur qui reproduit, copie ou publie le contenu prote\u0301ge\u0301 doit citer l\u2019auteur et sa source.<\/p><h3>ARTICLE 5 : Responsabilite\u0301<\/h3><p>Les sources des informations diffuse\u0301es sur le site <a href=\"http:\/\/waxpro.fr\">waxpro.fr<\/a><em>\u00a0<\/em>sont re\u0301pute\u0301es fiables mais le site ne garantit pas qu\u2019il soit exempt de de\u0301fauts, d\u2019erreurs ou d\u2019omissions. <br \/>Les informations communique\u0301es sont pre\u0301sente\u0301es a\u0300 titre indicatif et ge\u0301ne\u0301ral sans valeur contractuelle. Malgre\u0301 des mises a\u0300 jour re\u0301gulie\u0300res, le site <a href=\"http:\/\/waxpro.fr\">waxpro.fr<\/a><em>\u00a0<\/em>ne peut e\u0302tre tenu responsable de la modification des dispositions administratives et juridiques survenant apre\u0300s la publication. De me\u0302me, le site ne peut e\u0302tre tenue responsable de l\u2019utilisation et de l\u2019interpre\u0301tation de l\u2019information contenue dans ce site.<\/p><p>L&#8217;Utilisateur, concern\u00e9 par l\u2019espace membre, s&#8217;assure de garder son mot de passe secret. Toute divulgation du mot de passe, quelle que soit sa forme, est interdite. Il assume les risques lie\u0301s a\u0300 l&#8217;utilisation de son identifiant et mot de passe. Le site de\u0301cline toute responsabilite\u0301.<\/p><p>Le site <a href=\"http:\/\/waxpro.fr\">waxpro.fr<\/a><em>\u00a0<\/em>ne peut e\u0302tre tenu pour responsable d\u2019e\u0301ventuels virus qui pourraient infecter l\u2019ordinateur ou tout mate\u0301riel informatique de l\u2019Internaute, suite a\u0300 une utilisation, a\u0300 l\u2019acce\u0300s, ou au te\u0301le\u0301chargement provenant de ce site.<\/p><p>La responsabilite\u0301 du site ne peut e\u0302tre engage\u0301e en cas de force majeure ou du fait impre\u0301visible et insurmontable d&#8217;un tiers.<\/p><h3>\u00a0<\/h3><h3>ARTICLE 6 : Liens hypertextes<\/h3><p>Des liens hypertextes peuvent e\u0302tre pre\u0301sents sur le site. L\u2019Utilisateur est informe\u0301 qu\u2019en cliquant sur ces liens, il sortira du site <a href=\"http:\/\/waxpro.fr\">waxpro.fr<\/a><em>. <\/em>Ce dernier n\u2019a pas de contro\u0302le sur les pages web sur lesquelles aboutissent ces liens et ne saurait, en aucun cas, e\u0302tre responsable de leur contenu.<\/p><h3>\u00a0<\/h3><h3>ARTICLE 7 : Cookies<\/h3><p>L\u2019Utilisateur est informe\u0301 que lors de ses visites sur le site, un cookie peut s\u2019installer automatiquement sur son logiciel de navigation.<\/p><p>Les cookies sont de petits fichiers stocke\u0301s temporairement sur le disque dur de l\u2019ordinateur de l\u2019Utilisateur par votre navigateur et qui sont ne\u0301cessaires a\u0300 l\u2019utilisation du site <a href=\"http:\/\/waxpro.fr\">waxpro.fr<\/a>. Les cookies ne contiennent pas d\u2019information personnelle et ne peuvent pas e\u0302tre utilise\u0301s pour identifier quelqu\u2019un. Un cookie contient un identifiant unique, ge\u0301ne\u0301re\u0301 ale\u0301atoirement et donc anonyme. Certains cookies expirent a\u0300 la fin de la visite de l\u2019Utilisateur, d\u2019autres restent.<\/p><p>L\u2019information contenue dans les cookies est utilise\u0301e pour ame\u0301liorer le site, par exemple en :<\/p><ul><li>permettant a\u0300 un service de reconnai\u0302tre l\u2019appareil de l\u2019Utilisateur, pour qu\u2019il n\u2019ait pas a\u0300 donner les me\u0302mes informations a\u0300 plusieurs reprises, par exemple remplir un formulaire ou une enque\u0302te.<\/li><li>me\u0301morisant que vous l\u2019Utilisateur a de\u0301ja\u0300 donne\u0301 ses identifiant et mot de passe, pour ne pas avoir a\u0300 le refaire a\u0300 chaque nouvelle page.<\/li><li>surveillant comment les utilisateurs se servent des services, pour les rendre plus simples d\u2019utilisation et allouer suffisamment de puissance pour s\u2019assurer de leur re\u0301activite\u0301.<\/li><li>analysant des donne\u0301es \u00ab anonymise\u0301es \u00bb pour aider a\u0300 comprendre comment les utilisateurs interagissent avec les diffe\u0301rents aspects des services en ligne et donc permettre de les ame\u0301liorer.<\/li><\/ul><p>En naviguant sur le site, L\u2019Utilisateur les accepte. A de\u0301faut d\u2019acceptation, l\u2019Utilisateur est informe\u0301 que certaines fonctionnalite\u0301s ou pages risquent de lui e\u0302tre refuse\u0301es.<\/p><p>L\u2019Utilisateur pourra de\u0301sactiver ce cookie par l\u2019interme\u0301diaire des parame\u0300tres figurant au sein de son logiciel de navigation.<\/p><h3>\u00a0<\/h3><h3>ARTICLE 8<em>\u00a0<\/em>: Droit applicable et juridiction compe\u0301tente<\/h3><p>La le\u0301gislation franc\u0327aise s&#8217;applique au pre\u0301sent contrat. En cas d&#8217;absence de re\u0301solution amiable d&#8217;un litige ne\u0301 entre les parties, les tribunaux franc\u0327ais seront seuls compe\u0301tents.<\/p><p>Pour toute question relative a\u0300 l\u2019application des pre\u0301sentes CGU, vous pouvez joindre l\u2019e\u0301diteur aux coordonne\u0301es inscrites a\u0300 l\u2019ARTICLE 1.<\/p><\/div><\/div><\/div><\/div>\t\t\t\t\t\t<\/div>\n\t\t\t\t<\/div>\n\t\t\t\t\t<\/div>\n\t\t<\/div>\n\t\t\t\t\t<\/div>\n\t\t<\/section>\n\t\t\t\t<\/div>\n\t\t","protected":false},"excerpt":{"rendered":"<p>Conditions g\u00e9n\u00e9rales d&#8217;utilisations En vigueur au 01 janvier 2021 Les pre\u0301sentes conditions ge\u0301ne\u0301rales d&#8217;utilisation (dites \u00ab CGU \u00bb) ont pour objet l&#8217;encadrement juridique des modalite\u0301s de mise a\u0300 disposition du site et des services par waxpro.fr\u00a0et de d\u00e9finir les conditions d\u2019acce\u0300s et d\u2019utilisation des services par \u00ab l&#8217;Utilisateur \u00bb. Les pre\u0301sentes CGU sont accessibles sur [&hellip;]<\/p>\n","protected":false},"author":1,"featured_media":0,"parent":1121,"menu_order":0,"comment_status":"closed","ping_status":"closed","template":"","meta":{"_acf_changed":false,"footnotes":""},"class_list":["post-1117","page","type-page","status-publish","hentry"],"acf":[],"yoast_head":"<!-- This site is optimized with the Yoast SEO plugin v26.3 - https:\/\/yoast.com\/wordpress\/plugins\/seo\/ -->\n<title>Conditions d&#039;utilisation | Groupe SOFDI<\/title>\n<meta name=\"robots\" content=\"index, follow, max-snippet:-1, max-image-preview:large, max-video-preview:-1\" \/>\n<link rel=\"canonical\" href=\"https:\/\/waxpro.fr\/es\/mentions-legales\/conditions-dutilisation\/\" \/>\n<meta property=\"og:locale\" content=\"es_ES\" \/>\n<meta property=\"og:type\" content=\"article\" \/>\n<meta property=\"og:title\" content=\"Conditions d&#039;utilisation | Groupe SOFDI\" \/>\n<meta property=\"og:description\" content=\"Conditions g\u00e9n\u00e9rales d&#8217;utilisations En vigueur au 01 janvier 2021 Les pre\u0301sentes conditions ge\u0301ne\u0301rales d&#8217;utilisation (dites \u00ab CGU \u00bb) ont pour objet l&#8217;encadrement juridique des modalite\u0301s de mise a\u0300 disposition du site et des services par waxpro.fr\u00a0et de d\u00e9finir les conditions d\u2019acce\u0300s et d\u2019utilisation des services par \u00ab l&#8217;Utilisateur \u00bb. Les pre\u0301sentes CGU sont accessibles sur [&hellip;]\" \/>\n<meta property=\"og:url\" content=\"https:\/\/waxpro.fr\/es\/mentions-legales\/conditions-dutilisation\/\" \/>\n<meta property=\"og:site_name\" content=\"Groupe SOFDI\" \/>\n<meta property=\"article:modified_time\" content=\"2026-03-18T16:18:53+00:00\" \/>\n<meta name=\"twitter:card\" content=\"summary_large_image\" \/>\n<meta name=\"twitter:label1\" content=\"Tiempo de lectura\" \/>\n\t<meta name=\"twitter:data1\" content=\"7 minutos\" \/>\n<script type=\"application\/ld+json\" class=\"yoast-schema-graph\">{\"@context\":\"https:\/\/schema.org\",\"@graph\":[{\"@type\":\"WebPage\",\"@id\":\"https:\/\/waxpro.fr\/es\/mentions-legales\/conditions-dutilisation\/\",\"url\":\"https:\/\/waxpro.fr\/es\/mentions-legales\/conditions-dutilisation\/\",\"name\":\"Conditions d'utilisation | Groupe SOFDI\",\"isPartOf\":{\"@id\":\"https:\/\/waxpro.fr\/es\/#website\"},\"datePublished\":\"2022-04-26T14:48:00+00:00\",\"dateModified\":\"2026-03-18T16:18:53+00:00\",\"breadcrumb\":{\"@id\":\"https:\/\/waxpro.fr\/es\/mentions-legales\/conditions-dutilisation\/#breadcrumb\"},\"inLanguage\":\"es\",\"potentialAction\":[{\"@type\":\"ReadAction\",\"target\":[\"https:\/\/waxpro.fr\/es\/mentions-legales\/conditions-dutilisation\/\"]}]},{\"@type\":\"BreadcrumbList\",\"@id\":\"https:\/\/waxpro.fr\/es\/mentions-legales\/conditions-dutilisation\/#breadcrumb\",\"itemListElement\":[{\"@type\":\"ListItem\",\"position\":1,\"name\":\"Home\",\"item\":\"https:\/\/waxpro.fr\/es\/\"},{\"@type\":\"ListItem\",\"position\":2,\"name\":\"Mentions l\u00e9gales\",\"item\":\"https:\/\/waxpro.fr\/es\/mentions-legales\/\"},{\"@type\":\"ListItem\",\"position\":3,\"name\":\"Conditions d&#8217;utilisation\"}]},{\"@type\":\"WebSite\",\"@id\":\"https:\/\/waxpro.fr\/es\/#website\",\"url\":\"https:\/\/waxpro.fr\/es\/\",\"name\":\"Groupe SOFDI\",\"description\":\"\",\"publisher\":{\"@id\":\"https:\/\/waxpro.fr\/es\/#organization\"},\"potentialAction\":[{\"@type\":\"SearchAction\",\"target\":{\"@type\":\"EntryPoint\",\"urlTemplate\":\"https:\/\/waxpro.fr\/es\/?s={search_term_string}\"},\"query-input\":{\"@type\":\"PropertyValueSpecification\",\"valueRequired\":true,\"valueName\":\"search_term_string\"}}],\"inLanguage\":\"es\"},{\"@type\":\"Organization\",\"@id\":\"https:\/\/waxpro.fr\/es\/#organization\",\"name\":\"Groupe SOFDI\",\"url\":\"https:\/\/waxpro.fr\/es\/\",\"logo\":{\"@type\":\"ImageObject\",\"inLanguage\":\"es\",\"@id\":\"https:\/\/waxpro.fr\/es\/#\/schema\/logo\/image\/\",\"url\":\"https:\/\/waxpro.fr\/wp-content\/uploads\/2026\/03\/cropped-Wax_Pro_Horizon_Gris-1-scaled-1.png\",\"contentUrl\":\"https:\/\/waxpro.fr\/wp-content\/uploads\/2026\/03\/cropped-Wax_Pro_Horizon_Gris-1-scaled-1.png\",\"width\":2559,\"height\":411,\"caption\":\"Groupe SOFDI\"},\"image\":{\"@id\":\"https:\/\/waxpro.fr\/es\/#\/schema\/logo\/image\/\"}}]}<\/script>\n<!-- \/ Yoast SEO plugin. -->","yoast_head_json":{"title":"Conditions d'utilisation | Groupe SOFDI","robots":{"index":"index","follow":"follow","max-snippet":"max-snippet:-1","max-image-preview":"max-image-preview:large","max-video-preview":"max-video-preview:-1"},"canonical":"https:\/\/waxpro.fr\/es\/mentions-legales\/conditions-dutilisation\/","og_locale":"es_ES","og_type":"article","og_title":"Conditions d'utilisation | Groupe SOFDI","og_description":"Conditions g\u00e9n\u00e9rales d&#8217;utilisations En vigueur au 01 janvier 2021 Les pre\u0301sentes conditions ge\u0301ne\u0301rales d&#8217;utilisation (dites \u00ab CGU \u00bb) ont pour objet l&#8217;encadrement juridique des modalite\u0301s de mise a\u0300 disposition du site et des services par waxpro.fr\u00a0et de d\u00e9finir les conditions d\u2019acce\u0300s et d\u2019utilisation des services par \u00ab l&#8217;Utilisateur \u00bb. Les pre\u0301sentes CGU sont accessibles sur [&hellip;]","og_url":"https:\/\/waxpro.fr\/es\/mentions-legales\/conditions-dutilisation\/","og_site_name":"Groupe SOFDI","article_modified_time":"2026-03-18T16:18:53+00:00","twitter_card":"summary_large_image","twitter_misc":{"Tiempo de lectura":"7 minutos"},"schema":{"@context":"https:\/\/schema.org","@graph":[{"@type":"WebPage","@id":"https:\/\/waxpro.fr\/es\/mentions-legales\/conditions-dutilisation\/","url":"https:\/\/waxpro.fr\/es\/mentions-legales\/conditions-dutilisation\/","name":"Conditions d'utilisation | Groupe SOFDI","isPartOf":{"@id":"https:\/\/waxpro.fr\/es\/#website"},"datePublished":"2022-04-26T14:48:00+00:00","dateModified":"2026-03-18T16:18:53+00:00","breadcrumb":{"@id":"https:\/\/waxpro.fr\/es\/mentions-legales\/conditions-dutilisation\/#breadcrumb"},"inLanguage":"es","potentialAction":[{"@type":"ReadAction","target":["https:\/\/waxpro.fr\/es\/mentions-legales\/conditions-dutilisation\/"]}]},{"@type":"BreadcrumbList","@id":"https:\/\/waxpro.fr\/es\/mentions-legales\/conditions-dutilisation\/#breadcrumb","itemListElement":[{"@type":"ListItem","position":1,"name":"Home","item":"https:\/\/waxpro.fr\/es\/"},{"@type":"ListItem","position":2,"name":"Mentions l\u00e9gales","item":"https:\/\/waxpro.fr\/es\/mentions-legales\/"},{"@type":"ListItem","position":3,"name":"Conditions d&#8217;utilisation"}]},{"@type":"WebSite","@id":"https:\/\/waxpro.fr\/es\/#website","url":"https:\/\/waxpro.fr\/es\/","name":"Groupe SOFDI","description":"","publisher":{"@id":"https:\/\/waxpro.fr\/es\/#organization"},"potentialAction":[{"@type":"SearchAction","target":{"@type":"EntryPoint","urlTemplate":"https:\/\/waxpro.fr\/es\/?s={search_term_string}"},"query-input":{"@type":"PropertyValueSpecification","valueRequired":true,"valueName":"search_term_string"}}],"inLanguage":"es"},{"@type":"Organization","@id":"https:\/\/waxpro.fr\/es\/#organization","name":"Groupe SOFDI","url":"https:\/\/waxpro.fr\/es\/","logo":{"@type":"ImageObject","inLanguage":"es","@id":"https:\/\/waxpro.fr\/es\/#\/schema\/logo\/image\/","url":"https:\/\/waxpro.fr\/wp-content\/uploads\/2026\/03\/cropped-Wax_Pro_Horizon_Gris-1-scaled-1.png","contentUrl":"https:\/\/waxpro.fr\/wp-content\/uploads\/2026\/03\/cropped-Wax_Pro_Horizon_Gris-1-scaled-1.png","width":2559,"height":411,"caption":"Groupe SOFDI"},"image":{"@id":"https:\/\/waxpro.fr\/es\/#\/schema\/logo\/image\/"}}]}},"_links":{"self":[{"href":"https:\/\/waxpro.fr\/es\/wp-json\/wp\/v2\/pages\/1117","targetHints":{"allow":["GET"]}}],"collection":[{"href":"https:\/\/waxpro.fr\/es\/wp-json\/wp\/v2\/pages"}],"about":[{"href":"https:\/\/waxpro.fr\/es\/wp-json\/wp\/v2\/types\/page"}],"author":[{"embeddable":true,"href":"https:\/\/waxpro.fr\/es\/wp-json\/wp\/v2\/users\/1"}],"replies":[{"embeddable":true,"href":"https:\/\/waxpro.fr\/es\/wp-json\/wp\/v2\/comments?post=1117"}],"version-history":[{"count":148,"href":"https:\/\/waxpro.fr\/es\/wp-json\/wp\/v2\/pages\/1117\/revisions"}],"predecessor-version":[{"id":13108,"href":"https:\/\/waxpro.fr\/es\/wp-json\/wp\/v2\/pages\/1117\/revisions\/13108"}],"up":[{"embeddable":true,"href":"https:\/\/waxpro.fr\/es\/wp-json\/wp\/v2\/pages\/1121"}],"wp:attachment":[{"href":"https:\/\/waxpro.fr\/es\/wp-json\/wp\/v2\/media?parent=1117"}],"curies":[{"name":"wp","href":"https:\/\/api.w.org\/{rel}","templated":true}]}}