{"id":997,"date":"2022-04-11T07:47:36","date_gmt":"2022-04-11T07:47:36","guid":{"rendered":"https:\/\/waxpro.fr\/privacy-policy\/"},"modified":"2026-04-02T11:54:20","modified_gmt":"2026-04-02T11:54:20","slug":"mentions-legales","status":"publish","type":"page","link":"https:\/\/waxpro.fr\/fr\/mentions-legales\/","title":{"rendered":"Mentions l\u00e9gales"},"content":{"rendered":"\t\t<div data-elementor-type=\"wp-page\" data-elementor-id=\"997\" class=\"elementor elementor-997\" data-elementor-post-type=\"page\">\n\t\t\t\t\t\t<section class=\"elementor-section elementor-top-section elementor-element elementor-element-59ffd73 elementor-section-full_width elementor-section-height-min-height elementor-section-content-middle elementor-section-height-default elementor-section-items-middle\" data-id=\"59ffd73\" data-element_type=\"section\" data-settings=\"{&quot;background_background&quot;:&quot;classic&quot;}\">\n\t\t\t\t\t\t<div class=\"elementor-container elementor-column-gap-default\">\n\t\t\t\t\t<div class=\"elementor-column elementor-col-100 elementor-top-column elementor-element elementor-element-2947c4d\" data-id=\"2947c4d\" data-element_type=\"column\">\n\t\t\t<div class=\"elementor-widget-wrap elementor-element-populated\">\n\t\t\t\t\t\t<div class=\"elementor-element elementor-element-ef3b48e elementor-widget elementor-widget-heading\" data-id=\"ef3b48e\" data-element_type=\"widget\" data-widget_type=\"heading.default\">\n\t\t\t\t<div class=\"elementor-widget-container\">\n\t\t\t<h1 class=\"elementor-heading-title elementor-size-default\">Mentions l\u00e9gales<\/h1>\t\t<\/div>\n\t\t\t\t<\/div>\n\t\t\t\t\t<\/div>\n\t\t<\/div>\n\t\t\t\t\t<\/div>\n\t\t<\/section>\n\t\t\t\t<section class=\"elementor-section elementor-top-section elementor-element elementor-element-3af82ffa elementor-section-boxed elementor-section-height-default elementor-section-height-default\" data-id=\"3af82ffa\" data-element_type=\"section\">\n\t\t\t\t\t\t<div class=\"elementor-container elementor-column-gap-default\">\n\t\t\t\t\t<div class=\"elementor-column elementor-col-100 elementor-top-column elementor-element elementor-element-50157f77\" data-id=\"50157f77\" data-element_type=\"column\">\n\t\t\t<div class=\"elementor-widget-wrap elementor-element-populated\">\n\t\t\t\t\t\t<div class=\"elementor-element elementor-element-6e0101e elementor-widget elementor-widget-text-editor\" data-id=\"6e0101e\" data-element_type=\"widget\" data-widget_type=\"text-editor.default\">\n\t\t\t\t<div class=\"elementor-widget-container\">\n\t\t\t\t\t\t\t<div><div><p><strong>Editeur<\/strong><\/p><p>SOCIETE FRANCAISE POUR LE DEVELOPPEMENT DE L INDUSTRIE SOFDI (SOFDI)<\/p><p>27 rue Foucher Lepelletier<br \/>92130 Issy-Les-Moulineaux<br \/>T\u00e9l. 01 46 62 09 71<br \/><a href=\"mailto:support@waxpro.fr\">support@waxpro.fr<\/a><\/p><p>SAS au capital de 500 000\u20ac<br \/>Si\u00e8ge Social : 27 rue Foucher Lepelletier<br \/>92130 Issy-Les-Moulineaux<br \/>RCS Nanterre 424 982 080<br \/>N\u00b0 TVA intracommunautaire FR77 424982080<\/p><p><strong>Directeur de la publication<\/strong><\/p><p>Prune Maury-Laribi\u00e8re<\/p><p><strong>H\u00e9bergeur<\/strong><\/p><p>OVH <br \/>SAS au capital de 10 069 020 \u20ac <br \/>RCS Lille M\u00e9tropole 424 761 419 00045 <br \/>Code APE 2620Z <br \/>N\u00b0 TVA : FR 22 424 761 419 <br \/>Si\u00e8ge social : 2 rue Kellermann &#8211; 59100 Roubaix \u2013 France<\/p><p><strong>Responsabilit\u00e9<\/strong><\/p><p>SOFDI d\u00e9gage toute responsabilit\u00e9 en cas de dommages inh\u00e9rents ou provoqu\u00e9s par l\u2019utilisation du r\u00e9seau Internet, notamment en ce qui concerne l\u2019acc\u00e8s et l\u2019utilisation du site internet <a href=\"http:\/\/waxpro.fr\">waxpro.fr<\/a><\/p><\/div><\/div>\t\t\t\t\t\t<\/div>\n\t\t\t\t<\/div>\n\t\t\t\t\t<\/div>\n\t\t<\/div>\n\t\t\t\t\t<\/div>\n\t\t<\/section>\n\t\t\t\t<\/div>\n\t\t","protected":false},"excerpt":{"rendered":"<p>Mentions l\u00e9gales Editeur SOCIETE FRANCAISE POUR LE DEVELOPPEMENT DE L INDUSTRIE SOFDI (SOFDI) 27 rue Foucher Lepelletier92130 Issy-Les-MoulineauxT\u00e9l. 01 46 62 09 71support@waxpro.fr SAS au capital de 500 000\u20acSi\u00e8ge Social : 27 rue Foucher Lepelletier92130 Issy-Les-MoulineauxRCS Nanterre 424 982 080N\u00b0 TVA intracommunautaire FR77 424982080 Directeur de la publication Prune Maury-Laribi\u00e8re H\u00e9bergeur OVH SAS au capital [&hellip;]<\/p>\n","protected":false},"author":1,"featured_media":0,"parent":0,"menu_order":0,"comment_status":"closed","ping_status":"closed","template":"","meta":{"_acf_changed":false,"footnotes":""},"class_list":["post-997","page","type-page","status-publish","hentry"],"acf":[],"yoast_head":"<!-- This site is optimized with the Yoast SEO plugin v26.3 - https:\/\/yoast.com\/wordpress\/plugins\/seo\/ -->\n<title>Mentions l\u00e9gales | WAX PRO<\/title>\n<meta name=\"robots\" content=\"index, follow, max-snippet:-1, max-image-preview:large, max-video-preview:-1\" \/>\n<link rel=\"canonical\" href=\"https:\/\/waxpro.fr\/fr\/mentions-legales\/\" \/>\n<meta property=\"og:locale\" content=\"fr_FR\" \/>\n<meta property=\"og:type\" content=\"article\" \/>\n<meta property=\"og:title\" content=\"Mentions l\u00e9gales | WAX PRO\" \/>\n<meta property=\"og:description\" content=\"Mentions l\u00e9gales Editeur SOCIETE FRANCAISE POUR LE DEVELOPPEMENT DE L INDUSTRIE SOFDI (SOFDI) 27 rue Foucher Lepelletier92130 Issy-Les-MoulineauxT\u00e9l. 01 46 62 09 71support@waxpro.fr SAS au capital de 500 000\u20acSi\u00e8ge Social : 27 rue Foucher Lepelletier92130 Issy-Les-MoulineauxRCS Nanterre 424 982 080N\u00b0 TVA intracommunautaire FR77 424982080 Directeur de la publication Prune Maury-Laribi\u00e8re H\u00e9bergeur OVH SAS au capital [&hellip;]\" \/>\n<meta property=\"og:url\" content=\"https:\/\/waxpro.fr\/fr\/mentions-legales\/\" \/>\n<meta property=\"og:site_name\" content=\"WAX PRO\" \/>\n<meta property=\"article:modified_time\" content=\"2026-04-02T11:54:20+00:00\" \/>\n<meta name=\"twitter:card\" content=\"summary_large_image\" \/>\n<meta name=\"twitter:label1\" content=\"Dur\u00e9e de lecture estim\u00e9e\" \/>\n\t<meta name=\"twitter:data1\" content=\"1 minute\" \/>\n<script type=\"application\/ld+json\" class=\"yoast-schema-graph\">{\"@context\":\"https:\/\/schema.org\",\"@graph\":[{\"@type\":\"WebPage\",\"@id\":\"https:\/\/waxpro.fr\/fr\/mentions-legales\/\",\"url\":\"https:\/\/waxpro.fr\/fr\/mentions-legales\/\",\"name\":\"Mentions l\u00e9gales | WAX PRO\",\"isPartOf\":{\"@id\":\"https:\/\/waxpro.fr\/fr\/#website\"},\"datePublished\":\"2022-04-11T07:47:36+00:00\",\"dateModified\":\"2026-04-02T11:54:20+00:00\",\"breadcrumb\":{\"@id\":\"https:\/\/waxpro.fr\/fr\/mentions-legales\/#breadcrumb\"},\"inLanguage\":\"fr-FR\",\"potentialAction\":[{\"@type\":\"ReadAction\",\"target\":[\"https:\/\/waxpro.fr\/fr\/mentions-legales\/\"]}]},{\"@type\":\"BreadcrumbList\",\"@id\":\"https:\/\/waxpro.fr\/fr\/mentions-legales\/#breadcrumb\",\"itemListElement\":[{\"@type\":\"ListItem\",\"position\":1,\"name\":\"Home\",\"item\":\"https:\/\/waxpro.fr\/fr\/\"},{\"@type\":\"ListItem\",\"position\":2,\"name\":\"Mentions l\u00e9gales\"}]},{\"@type\":\"WebSite\",\"@id\":\"https:\/\/waxpro.fr\/fr\/#website\",\"url\":\"https:\/\/waxpro.fr\/fr\/\",\"name\":\"WAX PRO\",\"description\":\"By SOFDI\",\"publisher\":{\"@id\":\"https:\/\/waxpro.fr\/fr\/#organization\"},\"potentialAction\":[{\"@type\":\"SearchAction\",\"target\":{\"@type\":\"EntryPoint\",\"urlTemplate\":\"https:\/\/waxpro.fr\/fr\/?s={search_term_string}\"},\"query-input\":{\"@type\":\"PropertyValueSpecification\",\"valueRequired\":true,\"valueName\":\"search_term_string\"}}],\"inLanguage\":\"fr-FR\"},{\"@type\":\"Organization\",\"@id\":\"https:\/\/waxpro.fr\/fr\/#organization\",\"name\":\"WAX PRO\",\"url\":\"https:\/\/waxpro.fr\/fr\/\",\"logo\":{\"@type\":\"ImageObject\",\"inLanguage\":\"fr-FR\",\"@id\":\"https:\/\/waxpro.fr\/fr\/#\/schema\/logo\/image\/\",\"url\":\"https:\/\/waxpro.fr\/wp-content\/uploads\/2026\/03\/cropped-Wax_Pro_Horizon_Gris-1-scaled-1.png\",\"contentUrl\":\"https:\/\/waxpro.fr\/wp-content\/uploads\/2026\/03\/cropped-Wax_Pro_Horizon_Gris-1-scaled-1.png\",\"width\":2559,\"height\":411,\"caption\":\"WAX PRO\"},\"image\":{\"@id\":\"https:\/\/waxpro.fr\/fr\/#\/schema\/logo\/image\/\"}}]}<\/script>\n<!-- \/ Yoast SEO plugin. -->","yoast_head_json":{"title":"Mentions l\u00e9gales | WAX PRO","robots":{"index":"index","follow":"follow","max-snippet":"max-snippet:-1","max-image-preview":"max-image-preview:large","max-video-preview":"max-video-preview:-1"},"canonical":"https:\/\/waxpro.fr\/fr\/mentions-legales\/","og_locale":"fr_FR","og_type":"article","og_title":"Mentions l\u00e9gales | WAX PRO","og_description":"Mentions l\u00e9gales Editeur SOCIETE FRANCAISE POUR LE DEVELOPPEMENT DE L INDUSTRIE SOFDI (SOFDI) 27 rue Foucher Lepelletier92130 Issy-Les-MoulineauxT\u00e9l. 01 46 62 09 71support@waxpro.fr SAS au capital de 500 000\u20acSi\u00e8ge Social : 27 rue Foucher Lepelletier92130 Issy-Les-MoulineauxRCS Nanterre 424 982 080N\u00b0 TVA intracommunautaire FR77 424982080 Directeur de la publication Prune Maury-Laribi\u00e8re H\u00e9bergeur OVH SAS au capital [&hellip;]","og_url":"https:\/\/waxpro.fr\/fr\/mentions-legales\/","og_site_name":"WAX PRO","article_modified_time":"2026-04-02T11:54:20+00:00","twitter_card":"summary_large_image","twitter_misc":{"Dur\u00e9e de lecture estim\u00e9e":"1 minute"},"schema":{"@context":"https:\/\/schema.org","@graph":[{"@type":"WebPage","@id":"https:\/\/waxpro.fr\/fr\/mentions-legales\/","url":"https:\/\/waxpro.fr\/fr\/mentions-legales\/","name":"Mentions l\u00e9gales | WAX PRO","isPartOf":{"@id":"https:\/\/waxpro.fr\/fr\/#website"},"datePublished":"2022-04-11T07:47:36+00:00","dateModified":"2026-04-02T11:54:20+00:00","breadcrumb":{"@id":"https:\/\/waxpro.fr\/fr\/mentions-legales\/#breadcrumb"},"inLanguage":"fr-FR","potentialAction":[{"@type":"ReadAction","target":["https:\/\/waxpro.fr\/fr\/mentions-legales\/"]}]},{"@type":"BreadcrumbList","@id":"https:\/\/waxpro.fr\/fr\/mentions-legales\/#breadcrumb","itemListElement":[{"@type":"ListItem","position":1,"name":"Home","item":"https:\/\/waxpro.fr\/fr\/"},{"@type":"ListItem","position":2,"name":"Mentions l\u00e9gales"}]},{"@type":"WebSite","@id":"https:\/\/waxpro.fr\/fr\/#website","url":"https:\/\/waxpro.fr\/fr\/","name":"WAX PRO","description":"By SOFDI","publisher":{"@id":"https:\/\/waxpro.fr\/fr\/#organization"},"potentialAction":[{"@type":"SearchAction","target":{"@type":"EntryPoint","urlTemplate":"https:\/\/waxpro.fr\/fr\/?s={search_term_string}"},"query-input":{"@type":"PropertyValueSpecification","valueRequired":true,"valueName":"search_term_string"}}],"inLanguage":"fr-FR"},{"@type":"Organization","@id":"https:\/\/waxpro.fr\/fr\/#organization","name":"WAX PRO","url":"https:\/\/waxpro.fr\/fr\/","logo":{"@type":"ImageObject","inLanguage":"fr-FR","@id":"https:\/\/waxpro.fr\/fr\/#\/schema\/logo\/image\/","url":"https:\/\/waxpro.fr\/wp-content\/uploads\/2026\/03\/cropped-Wax_Pro_Horizon_Gris-1-scaled-1.png","contentUrl":"https:\/\/waxpro.fr\/wp-content\/uploads\/2026\/03\/cropped-Wax_Pro_Horizon_Gris-1-scaled-1.png","width":2559,"height":411,"caption":"WAX PRO"},"image":{"@id":"https:\/\/waxpro.fr\/fr\/#\/schema\/logo\/image\/"}}]}},"_links":{"self":[{"href":"https:\/\/waxpro.fr\/fr\/wp-json\/wp\/v2\/pages\/997","targetHints":{"allow":["GET"]}}],"collection":[{"href":"https:\/\/waxpro.fr\/fr\/wp-json\/wp\/v2\/pages"}],"about":[{"href":"https:\/\/waxpro.fr\/fr\/wp-json\/wp\/v2\/types\/page"}],"author":[{"embeddable":true,"href":"https:\/\/waxpro.fr\/fr\/wp-json\/wp\/v2\/users\/1"}],"replies":[{"embeddable":true,"href":"https:\/\/waxpro.fr\/fr\/wp-json\/wp\/v2\/comments?post=997"}],"version-history":[{"count":18,"href":"https:\/\/waxpro.fr\/fr\/wp-json\/wp\/v2\/pages\/997\/revisions"}],"predecessor-version":[{"id":15457,"href":"https:\/\/waxpro.fr\/fr\/wp-json\/wp\/v2\/pages\/997\/revisions\/15457"}],"wp:attachment":[{"href":"https:\/\/waxpro.fr\/fr\/wp-json\/wp\/v2\/media?parent=997"}],"curies":[{"name":"wp","href":"https:\/\/api.w.org\/{rel}","templated":true}]}}