{"id":14940,"date":"2022-04-26T14:48:00","date_gmt":"2022-04-26T14:48:00","guid":{"rendered":"https:\/\/waxpro.fr\/informacoes-legais\/termos-e-condicoes-de-uso\/"},"modified":"2026-03-18T16:58:06","modified_gmt":"2026-03-18T16:58:06","slug":"termos-e-condicoes-de-uso","status":"publish","type":"page","link":"https:\/\/waxpro.fr\/pt-br\/informacoes-legais\/termos-e-condicoes-de-uso\/","title":{"rendered":"Condi\u00e7\u00f5es de uso"},"content":{"rendered":"\t\t<div data-elementor-type=\"wp-page\" data-elementor-id=\"14940\" class=\"elementor elementor-14940 elementor-504\" data-elementor-post-type=\"page\">\n\t\t\t\t\t\t<section class=\"elementor-section elementor-top-section elementor-element elementor-element-59ffd73 elementor-section-full_width elementor-section-height-min-height elementor-section-content-middle elementor-section-height-default elementor-section-items-middle\" data-id=\"59ffd73\" data-element_type=\"section\" data-e-type=\"section\" data-settings=\"{&quot;background_background&quot;:&quot;classic&quot;}\">\n\t\t\t\t\t\t<div class=\"elementor-container elementor-column-gap-default\">\n\t\t\t\t\t<div class=\"elementor-column elementor-col-100 elementor-top-column elementor-element elementor-element-2947c4d\" data-id=\"2947c4d\" data-element_type=\"column\" data-e-type=\"column\">\n\t\t\t<div class=\"elementor-widget-wrap elementor-element-populated\">\n\t\t\t\t\t\t<div class=\"elementor-element elementor-element-ef3b48e elementor-widget elementor-widget-heading\" data-id=\"ef3b48e\" data-element_type=\"widget\" data-e-type=\"widget\" data-widget_type=\"heading.default\">\n\t\t\t\t<div class=\"elementor-widget-container\">\n\t\t\t\t\t<h1 class=\"elementor-heading-title elementor-size-default\">Condi\u00e7\u00f5es gerais<br>d'utilisations<\/h1>\t\t\t\t<\/div>\n\t\t\t\t<\/div>\n\t\t\t\t\t<\/div>\n\t\t<\/div>\n\t\t\t\t\t<\/div>\n\t\t<\/section>\n\t\t\t\t<section class=\"elementor-section elementor-top-section elementor-element elementor-element-3af82ffa elementor-section-boxed elementor-section-height-default elementor-section-height-default\" data-id=\"3af82ffa\" data-element_type=\"section\" data-e-type=\"section\">\n\t\t\t\t\t\t<div class=\"elementor-container elementor-column-gap-default\">\n\t\t\t\t\t<div class=\"elementor-column elementor-col-100 elementor-top-column elementor-element elementor-element-50157f77\" data-id=\"50157f77\" data-element_type=\"column\" data-e-type=\"column\">\n\t\t\t<div class=\"elementor-widget-wrap elementor-element-populated\">\n\t\t\t\t\t\t<div class=\"elementor-element elementor-element-6e0101e elementor-widget elementor-widget-text-editor\" data-id=\"6e0101e\" data-element_type=\"widget\" data-e-type=\"widget\" data-widget_type=\"text-editor.default\">\n\t\t\t\t<div class=\"elementor-widget-container\">\n\t\t\t\t\t\t\t\t\t<div class=\"row\"><div class=\"col-12\"><div class=\"row\"><div class=\"col-12\"><p><span style=\"font-family: var( --e-global-typography-text-font-family ), Sans-serif; font-size: var( --e-global-typography-text-font-size ); font-weight: var( --e-global-typography-text-font-weight );\">Em vigor a partir de <\/span><em style=\"font-family: var( --e-global-typography-text-font-family ), Sans-serif; font-size: var( --e-global-typography-text-font-size ); font-weight: var( --e-global-typography-text-font-weight );\">01 de janeiro de 2021<\/em><\/p><p>As presentes condi\u00e7\u00f5es gerais de utiliza\u00e7\u00e3o (denominadas &#8220;CGU&#8221;) t\u00eam como objetivo a defini\u00e7\u00e3o jur\u00eddica das modalidades de disponibiliza\u00e7\u00e3o do site e dos servi\u00e7os pela <a href=\"http:\/\/waxpro.fr\">waxpro.fr<\/a><em> <\/em>e a defini\u00e7\u00e3o das condi\u00e7\u00f5es de acesso e utiliza\u00e7\u00e3o dos servi\u00e7os pelo &#8220;Utilizador&#8221;. <br>Voc\u00ea pode acessar as presentes CGU no site com a rubrica &#8220;CGU&#8221;.<\/p><p>As CGUs devem ser aceitas por todos os usu\u00e1rios que desejarem acessar o site. Elas constituem o contrato entre o site e o Utilizador. O acesso ao site por parte do Utilizador significa que ele aceita as presentes CGU. Voc\u00ea se compromete, portanto, a respeitar as condi\u00e7\u00f5es apresentadas.   <\/p><p>Toda inscri\u00e7\u00e3o ou utiliza\u00e7\u00e3o do site implica a aceita\u00e7\u00e3o, sem qualquer reserva ou restri\u00e7\u00e3o, das presentes CGU por parte do usu\u00e1rio. Durante a inscri\u00e7\u00e3o no site por meio do Formul\u00e1rio de Inscri\u00e7\u00e3o, cada usu\u00e1rio aceita expressamente as Prerrogativas CGU ao citar o seguinte texto: &#8221; <em>Eu reconhe\u00e7o que li e compreendi as CGU e as aceito <\/em>&#8220;. <\/p><p>Em caso de n\u00e3o aceita\u00e7\u00e3o das CGU estipuladas no presente contrato, o Utilizador dever\u00e1 renunciar ao acesso aos servi\u00e7os propostos pelo site. <br> waxpro<a href=\"http:\/\/waxpro.fr\">.fr<\/a> reserva-se o direito de modificar unilateralmente e a qualquer momento o conte\u00fado das CGU apresentadas.<\/p><h3> <\/h3><h3>ARTIGO 1 : Men\u00e7\u00f5es legais<\/h3><p><em> <br><\/em> L&#8217;\u00e9dition du site <a href=\"http:\/\/waxpro.fr\">waxpro.fr<\/a><em> <\/em>est assur\u00e9e par la Soci\u00e9t\u00e9 <em>Sofdi SAS au capital de 500 000\u20ac,<\/em> immatricul\u00e9e au RCS de <em>Nanterre <\/em> sous le num\u00e9ro <em>424 982 080 <\/em>dont le si\u00e8ge social est situ\u00e9 au <em> 27 rue foucher Lepelletier 92130 Issy-Les-Moulineaux, 01 46 62 09 71, <a href=\"mailto:support@waxpro.fr\">support@waxpro.fr.<\/a>  <br>N\u00b0 de TVA intracomunit\u00e1ria:<\/em> <em>FR77 424 982 080<\/em><\/p><p>O diretor da publica\u00e7\u00e3o \u00e9 <em>Prune Maury-Laribi\u00e8re<\/em><\/p><p>O propriet\u00e1rio do site <a href=\"http:\/\/waxpro.fr\">waxpro.fr<\/a><em> <\/em>\u00e9 a Soci\u00e9t\u00e9 OVH, com capital de 10.069.020 euros, registrada no RCS de <em>Lille <\/em>sob o n\u00famero 424.761.419.00045<em>, <\/em> cuja sede social est\u00e1 localizada na 2 rue Kellermann &#8211; 59100 Roubaix &#8211; Fran\u00e7a.<\/p><h3> <\/h3><h3>ARTIGO 2 : Acesso ao site<\/h3><p>O site <a href=\"http:\/\/waxpro.fr\">waxpro.fr<\/a><em> <\/em>permite que voc\u00ea acesse gratuitamente os servi\u00e7os a seguir: <em><br><\/em> \u00e0 apresenta\u00e7\u00e3o da marca Waxoyl e dos diversos produtos distribu\u00eddos pela empresa.<\/p><p>O site pode ser acessado gratuitamente em qualquer lugar para qualquer usu\u00e1rio que tenha acesso \u00e0 Internet. Todos os custos suportados pelo Utilizador para acessar o servi\u00e7o (material inform\u00e1tico, l\u00f3gica, conex\u00e3o \u00e0 Internet, etc.) ficam a seu cargo. <\/p><p><strong>O espa\u00e7o do membro:<\/strong><\/p><p>O usu\u00e1rio n\u00e3o membro n\u00e3o tem acesso aos servi\u00e7os reservados. Esses servi\u00e7os s\u00e3o acess\u00edveis somente aos clientes concession\u00e1rios que exigirem a cria\u00e7\u00e3o de um espa\u00e7o pessoal. <\/p><p>O usu\u00e1rio \u00e9 respons\u00e1vel pela atualiza\u00e7\u00e3o das informa\u00e7\u00f5es fornecidas. Voc\u00ea est\u00e1 ciente de que pode modific\u00e1-las ao se conectar ao seu espa\u00e7o de mem\u00f3ria. <\/p><p>Para acessar os servi\u00e7os, o usu\u00e1rio deve se identificar por meio de seu nome de usu\u00e1rio e de seu nome de usu\u00e1rio, que ser\u00e3o comunicados ap\u00f3s sua inscri\u00e7\u00e3o e que s\u00e3o estritamente pessoais. A esse t\u00edtulo, voc\u00ea deve proibir qualquer divulga\u00e7\u00e3o. Caso contr\u00e1rio, voc\u00ea ser\u00e1 o \u00fanico respons\u00e1vel pelo uso que ser\u00e1 feito.  <\/p><p>Voc\u00ea tamb\u00e9m pode solicitar que sua inscri\u00e7\u00e3o seja feita enviando um e-mail para : <a href=\"mailto:support@waxpro.fr\"><em>support@waxpro.fr<\/em><\/a>. Ela entrar\u00e1 em vigor em um prazo razo\u00e1vel. <\/p><p>Em caso de desrespeito \u00e0s condi\u00e7\u00f5es gerais de venda e\/ou de utiliza\u00e7\u00e3o, o site <a href=\"http:\/\/waxpro.fr\">waxpro.fr<\/a><em> <\/em>tem a possibilidade de suspender ou remover a conta de um Utilizador ap\u00f3s o encerramento do contrato por meio eletr\u00f4nico e a sua manuten\u00e7\u00e3o sem efeito.<\/p><p>Toda supress\u00e3o de dados, seja qual for o motivo, gera a supress\u00e3o pura e simples de todas as informa\u00e7\u00f5es pessoais do usu\u00e1rio.<\/p><p>Qualquer evento decorrente de um caso de for\u00e7a maior que tenha como consequ\u00eancia uma disfun\u00e7\u00e3o do site ou do servidor e sob reserva de qualquer interrup\u00e7\u00e3o ou modifica\u00e7\u00e3o em caso de manuten\u00e7\u00e3o, n\u00e3o ser\u00e1 de responsabilidade da <a href=\"http:\/\/waxpro.fr\">waxpro.fr<\/a><em>. <\/em> Nesses casos, o Utilizador aceita, portanto, n\u00e3o se responsabilizar perante o editor por qualquer interrup\u00e7\u00e3o ou suspens\u00e3o do servi\u00e7o, mesmo sem aviso pr\u00e9vio.<\/p><p>O Utilizador poder\u00e1 entrar em contato com o site por meio de mensagem eletr\u00f4nica para o endere\u00e7o de e-mail do editor comunicado no ARTIGO 1.<\/p><h3> <\/h3><h3>ARTIGO 3 : Dados pessoais<\/h3><p>O site garante ao Utilizador a coleta e o tratamento de informa\u00e7\u00f5es pessoais no que diz respeito \u00e0 vida privada, em conformidade com a Lei n\u00ba 78-17, de 6 de janeiro de 1978, relativa \u00e0 inform\u00e1tica, aos arquivos e \u00e0s liberdades. O site foi declarado \u00e0 CNIL <em>.  <br>De acordo com a Lei de Inform\u00e1tica e Liberdades, em vigor desde 6 de janeiro de 1978, o usu\u00e1rio tem o direito de acesso, retifica\u00e7\u00e3o, supress\u00e3o e oposi\u00e7\u00e3o de seus dados pessoais. O Utilizador exerce esse direito:<\/em>  <\/p><ul><li>por correio eletr\u00f4nico para o <em> endere\u00e7o indicado Artigo I<\/em><\/li><li>por via postal <em>para o endere\u00e7o da sede social<\/em><\/li><\/ul><h3> <\/h3><h3>ARTIGO 4 : Propriedade intelectual<\/h3><p>As marcas, os logotipos, os sinais e todos os conte\u00fados do site (textos, imagens, filho&#8230;) s\u00e3o objeto de prote\u00e7\u00e3o pelo C\u00f3digo de Propriedade Intelectual e, mais particularmente, pelo direito de autor.<\/p><p>O Utilizador dever\u00e1 solicitar a autoriza\u00e7\u00e3o pr\u00e9via do site para qualquer reprodu\u00e7\u00e3o, publica\u00e7\u00e3o ou c\u00f3pia dos diversos conte\u00fados. Voc\u00ea se compromete a utilizar o conte\u00fado do site em um \u00e2mbito estritamente privado, sendo estritamente proibida qualquer utiliza\u00e7\u00e3o para fins comerciais ou publicit\u00e1rios. <\/p><p>Toda representa\u00e7\u00e3o total ou parcial desse site, seja qual for o procedimento utilizado, sem a autoriza\u00e7\u00e3o expressa do explorador do site na Internet, constitui uma infra\u00e7\u00e3o sancionada pelo artigo L 335-2 e seguintes do C\u00f3digo de Propriedade Intelectual.<\/p><p>De acordo com o artigo L122-5 do C\u00f3digo de Propriedade Intelectual, o usu\u00e1rio que reproduzir, copiar ou publicar o conte\u00fado protegido dever\u00e1 citar o autor e a fonte.<\/p><h3>ARTIGO 5 : Responsabilidade<\/h3><p>As fontes das informa\u00e7\u00f5es divulgadas no site <a href=\"http:\/\/waxpro.fr\">waxpro.fr<\/a><em> <\/em>s\u00e3o considerados confi\u00e1veis, mas o site n\u00e3o garante que voc\u00ea esteja isento de falhas, erros ou omiss\u00f5es. <br>As informa\u00e7\u00f5es comunicadas s\u00e3o apresentadas em car\u00e1ter indicativo e geral, sem valor contratual. Apesar das mudan\u00e7as regulares de hor\u00e1rio, o site <a href=\"http:\/\/waxpro.fr\">waxpro.fr<\/a> <em> <\/em>n\u00e3o poder\u00e1 ser responsabilizado pela modifica\u00e7\u00e3o das disposi\u00e7\u00f5es administrativas e jur\u00eddicas que ocorrerem ap\u00f3s a publica\u00e7\u00e3o. Da mesma forma, o site n\u00e3o poder\u00e1 ser responsabilizado pelo uso e pela interpreta\u00e7\u00e3o das informa\u00e7\u00f5es nele contidas. <\/p><p>O Utilizador, preocupado com o espa\u00e7o do membro, garante que manter\u00e1 seu passe secreto. Qualquer divulga\u00e7\u00e3o de seu c\u00f3digo de acesso, seja qual for o seu formato, \u00e9 proibida. Voc\u00ea assume os riscos relacionados \u00e0 utiliza\u00e7\u00e3o de seu identificador e senha. O site se isenta de toda e qualquer responsabilidade.   <\/p><p>O site <a href=\"http:\/\/waxpro.fr\">waxpro.fr<\/a><em> <\/em>n\u00e3o pode ser responsabilizado por eventuais v\u00edrus que possam infectar o computador ou qualquer outro material de inform\u00e1tica do internauta, em decorr\u00eancia da utiliza\u00e7\u00e3o, do acesso ou da transfer\u00eancia de dados provenientes desse site.<\/p><p>A responsabilidade do site n\u00e3o poder\u00e1 ser assumida em caso de for\u00e7a maior ou de fato imprevis\u00edvel e segur\u00e1vel de um terceiro.<\/p><h3> <\/h3><h3>ARTIGO 6 : Direitos de cr\u00e9dito hipertextuais<\/h3><p>Voc\u00ea pode encontrar links hipertextuais no site. O Usu\u00e1rio \u00e9 informado de que, ao clicar nesses links, voc\u00ea entrar\u00e1 no site <a href=\"http:\/\/waxpro.fr\">waxpro.fr<\/a><em>. <\/em>Voc\u00ea n\u00e3o tem controle sobre as p\u00e1ginas da Web nas quais esses links est\u00e3o presentes e n\u00e3o pode, em nenhum caso, ser respons\u00e1vel por seu conte\u00fado. <\/p><h3> <\/h3><h3>ARTIGO 7 : Cookies<\/h3><p>O usu\u00e1rio \u00e9 informado de que, durante suas visitas ao site, um cookie pode ser instalado automaticamente em seu mecanismo de navega\u00e7\u00e3o.<\/p><p>Os cookies s\u00e3o pequenos arquivos armazenados temporariamente no disco r\u00edgido do computador do usu\u00e1rio por meio de seu navegador e que s\u00e3o necess\u00e1rios para a utiliza\u00e7\u00e3o do site <a href=\"http:\/\/waxpro.fr\">waxpro.fr<\/a>. Os cookies n\u00e3o cont\u00eam informa\u00e7\u00f5es pessoais e n\u00e3o podem ser usados para identificar algu\u00e9m. Um cookie cont\u00e9m um identificador \u00fanico, gerado automaticamente e, portanto, an\u00f4nimo. Alguns cookies expiram ao final da visita do Utilizador, outros permanecem.   <\/p><p>As informa\u00e7\u00f5es contidas nos cookies s\u00e3o utilizadas para melhorar o site, por exemplo, em :<\/p><ul><li>Permitir que um servi\u00e7o reconhe\u00e7a o equipamento do Utilizador, para que ele n\u00e3o tenha que fornecer as mesmas informa\u00e7\u00f5es mais de uma vez, por exemplo, preencher um formul\u00e1rio ou uma consulta.<\/li><li>Lembre-se de que o usu\u00e1rio j\u00e1 forneceu seu identificador e senha, para que voc\u00ea n\u00e3o tenha que refazer o cadastro a cada nova p\u00e1gina.<\/li><li>monitorar como os usu\u00e1rios utilizam os servi\u00e7os, para torn\u00e1-los mais simples de usar e fornecer energia suficiente para garantir sua reatividade.<\/li><li>an\u00e1lise de dados &#8220;an\u00f4nimos&#8221; para ajudar a entender como os usu\u00e1rios interagem com os diferentes aspectos dos servi\u00e7os on-line e, assim, permitir que eles sejam aprimorados.<\/li><\/ul><p>Ao navegar pelo site, o usu\u00e1rio aceita. Ao aceitar, o Usu\u00e1rio \u00e9 informado de que certas fun\u00e7\u00f5es ou p\u00e1ginas correm o risco de serem recusadas. <\/p><p>O usu\u00e1rio pode desativar esse cookie por meio dos par\u00e2metros que figuram no interior de seu software de navega\u00e7\u00e3o.<\/p><h3> <\/h3><h3>ARTIGO 8<em> <\/em>: Direito aplic\u00e1vel e jurisdi\u00e7\u00e3o competente<\/h3><p>A legisla\u00e7\u00e3o francesa se aplica ao presente contrato. Em caso de aus\u00eancia de resolu\u00e7\u00e3o amig\u00e1vel de um lit\u00edgio entre as partes, os tribunais franceses ser\u00e3o os \u00fanicos competentes. <\/p><p>Para qualquer d\u00favida relativa \u00e0 aplica\u00e7\u00e3o das presentes CGU, voc\u00ea pode entrar em contato com o editor por meio das coordenadas inscritas no ARTIGO 1.<\/p><\/div><\/div><\/div><\/div>\t\t\t\t\t\t\t\t<\/div>\n\t\t\t\t<\/div>\n\t\t\t\t\t<\/div>\n\t\t<\/div>\n\t\t\t\t\t<\/div>\n\t\t<\/section>\n\t\t\t\t<\/div>\n\t\t","protected":false},"excerpt":{"rendered":"<p>Condi\u00e7\u00f5es geraisd&#8217;utilisations Em vigor a partir de 01 de janeiro de 2021 As presentes condi\u00e7\u00f5es gerais de utiliza\u00e7\u00e3o (denominadas &#8220;CGU&#8221;) t\u00eam como objetivo a defini\u00e7\u00e3o jur\u00eddica das modalidades de disponibiliza\u00e7\u00e3o do site e dos servi\u00e7os pela waxpro.fr e a defini\u00e7\u00e3o das condi\u00e7\u00f5es de acesso e utiliza\u00e7\u00e3o dos servi\u00e7os pelo &#8220;Utilizador&#8221;. Voc\u00ea pode acessar as presentes [&hellip;]<\/p>\n","protected":false},"author":1,"featured_media":0,"parent":14928,"menu_order":0,"comment_status":"closed","ping_status":"closed","template":"","meta":{"_acf_changed":false,"footnotes":""},"class_list":["post-14940","page","type-page","status-publish","hentry"],"acf":[],"yoast_head":"<!-- This site is optimized with the Yoast SEO plugin v27.4 - https:\/\/yoast.com\/product\/yoast-seo-wordpress\/ -->\n<title>Condi\u00e7\u00f5es de uso | Groupe SOFDI<\/title>\n<meta name=\"robots\" content=\"index, follow, max-snippet:-1, max-image-preview:large, max-video-preview:-1\" \/>\n<link rel=\"canonical\" href=\"https:\/\/waxpro.fr\/pt-br\/informacoes-legais\/termos-e-condicoes-de-uso\/\" \/>\n<meta property=\"og:locale\" content=\"en_US\" \/>\n<meta property=\"og:type\" content=\"article\" \/>\n<meta property=\"og:title\" content=\"Condi\u00e7\u00f5es de uso | Groupe SOFDI\" \/>\n<meta property=\"og:description\" content=\"Condi\u00e7\u00f5es geraisd&#8217;utilisations Em vigor a partir de 01 de janeiro de 2021 As presentes condi\u00e7\u00f5es gerais de utiliza\u00e7\u00e3o (denominadas &#8220;CGU&#8221;) t\u00eam como objetivo a defini\u00e7\u00e3o jur\u00eddica das modalidades de disponibiliza\u00e7\u00e3o do site e dos servi\u00e7os pela waxpro.fr e a defini\u00e7\u00e3o das condi\u00e7\u00f5es de acesso e utiliza\u00e7\u00e3o dos servi\u00e7os pelo &#8220;Utilizador&#8221;. Voc\u00ea pode acessar as presentes [&hellip;]\" \/>\n<meta property=\"og:url\" content=\"https:\/\/waxpro.fr\/pt-br\/informacoes-legais\/termos-e-condicoes-de-uso\/\" \/>\n<meta property=\"og:site_name\" content=\"Groupe SOFDI\" \/>\n<meta property=\"article:modified_time\" content=\"2026-03-18T16:58:06+00:00\" \/>\n<meta name=\"twitter:card\" content=\"summary_large_image\" \/>\n<meta name=\"twitter:label1\" content=\"Est. reading time\" \/>\n\t<meta name=\"twitter:data1\" content=\"8 minutes\" \/>\n<script type=\"application\/ld+json\" class=\"yoast-schema-graph\">{\"@context\":\"https:\\\/\\\/schema.org\",\"@graph\":[{\"@type\":\"WebPage\",\"@id\":\"https:\\\/\\\/waxpro.fr\\\/pt-br\\\/informacoes-legais\\\/termos-e-condicoes-de-uso\\\/\",\"url\":\"https:\\\/\\\/waxpro.fr\\\/pt-br\\\/informacoes-legais\\\/termos-e-condicoes-de-uso\\\/\",\"name\":\"Condi\u00e7\u00f5es de uso | Groupe SOFDI\",\"isPartOf\":{\"@id\":\"https:\\\/\\\/waxpro.fr\\\/pt-br\\\/#website\"},\"datePublished\":\"2022-04-26T14:48:00+00:00\",\"dateModified\":\"2026-03-18T16:58:06+00:00\",\"breadcrumb\":{\"@id\":\"https:\\\/\\\/waxpro.fr\\\/pt-br\\\/informacoes-legais\\\/termos-e-condicoes-de-uso\\\/#breadcrumb\"},\"inLanguage\":\"BR\",\"potentialAction\":[{\"@type\":\"ReadAction\",\"target\":[\"https:\\\/\\\/waxpro.fr\\\/pt-br\\\/informacoes-legais\\\/termos-e-condicoes-de-uso\\\/\"]}]},{\"@type\":\"BreadcrumbList\",\"@id\":\"https:\\\/\\\/waxpro.fr\\\/pt-br\\\/informacoes-legais\\\/termos-e-condicoes-de-uso\\\/#breadcrumb\",\"itemListElement\":[{\"@type\":\"ListItem\",\"position\":1,\"name\":\"Home\",\"item\":\"https:\\\/\\\/waxpro.fr\\\/pt-br\\\/\"},{\"@type\":\"ListItem\",\"position\":2,\"name\":\"Informa\u00e7\u00f5es legais\",\"item\":\"https:\\\/\\\/waxpro.fr\\\/pt-br\\\/informacoes-legais\\\/\"},{\"@type\":\"ListItem\",\"position\":3,\"name\":\"Condi\u00e7\u00f5es de uso\"}]},{\"@type\":\"WebSite\",\"@id\":\"https:\\\/\\\/waxpro.fr\\\/pt-br\\\/#website\",\"url\":\"https:\\\/\\\/waxpro.fr\\\/pt-br\\\/\",\"name\":\"Groupe SOFDI\",\"description\":\"\",\"publisher\":{\"@id\":\"https:\\\/\\\/waxpro.fr\\\/pt-br\\\/#organization\"},\"potentialAction\":[{\"@type\":\"SearchAction\",\"target\":{\"@type\":\"EntryPoint\",\"urlTemplate\":\"https:\\\/\\\/waxpro.fr\\\/pt-br\\\/?s={search_term_string}\"},\"query-input\":{\"@type\":\"PropertyValueSpecification\",\"valueRequired\":true,\"valueName\":\"search_term_string\"}}],\"inLanguage\":\"BR\"},{\"@type\":\"Organization\",\"@id\":\"https:\\\/\\\/waxpro.fr\\\/pt-br\\\/#organization\",\"name\":\"Groupe SOFDI\",\"url\":\"https:\\\/\\\/waxpro.fr\\\/pt-br\\\/\",\"logo\":{\"@type\":\"ImageObject\",\"inLanguage\":\"BR\",\"@id\":\"https:\\\/\\\/waxpro.fr\\\/pt-br\\\/#\\\/schema\\\/logo\\\/image\\\/\",\"url\":\"https:\\\/\\\/waxpro.fr\\\/wp-content\\\/uploads\\\/2026\\\/03\\\/cropped-Wax_Pro_Horizon_Gris-1-scaled-1.png\",\"contentUrl\":\"https:\\\/\\\/waxpro.fr\\\/wp-content\\\/uploads\\\/2026\\\/03\\\/cropped-Wax_Pro_Horizon_Gris-1-scaled-1.png\",\"width\":2559,\"height\":411,\"caption\":\"Groupe SOFDI\"},\"image\":{\"@id\":\"https:\\\/\\\/waxpro.fr\\\/pt-br\\\/#\\\/schema\\\/logo\\\/image\\\/\"}}]}<\/script>\n<!-- \/ Yoast SEO plugin. -->","yoast_head_json":{"title":"Condi\u00e7\u00f5es de uso | Groupe SOFDI","robots":{"index":"index","follow":"follow","max-snippet":"max-snippet:-1","max-image-preview":"max-image-preview:large","max-video-preview":"max-video-preview:-1"},"canonical":"https:\/\/waxpro.fr\/pt-br\/informacoes-legais\/termos-e-condicoes-de-uso\/","og_locale":"en_US","og_type":"article","og_title":"Condi\u00e7\u00f5es de uso | Groupe SOFDI","og_description":"Condi\u00e7\u00f5es geraisd&#8217;utilisations Em vigor a partir de 01 de janeiro de 2021 As presentes condi\u00e7\u00f5es gerais de utiliza\u00e7\u00e3o (denominadas &#8220;CGU&#8221;) t\u00eam como objetivo a defini\u00e7\u00e3o jur\u00eddica das modalidades de disponibiliza\u00e7\u00e3o do site e dos servi\u00e7os pela waxpro.fr e a defini\u00e7\u00e3o das condi\u00e7\u00f5es de acesso e utiliza\u00e7\u00e3o dos servi\u00e7os pelo &#8220;Utilizador&#8221;. Voc\u00ea pode acessar as presentes [&hellip;]","og_url":"https:\/\/waxpro.fr\/pt-br\/informacoes-legais\/termos-e-condicoes-de-uso\/","og_site_name":"Groupe SOFDI","article_modified_time":"2026-03-18T16:58:06+00:00","twitter_card":"summary_large_image","twitter_misc":{"Est. reading time":"8 minutes"},"schema":{"@context":"https:\/\/schema.org","@graph":[{"@type":"WebPage","@id":"https:\/\/waxpro.fr\/pt-br\/informacoes-legais\/termos-e-condicoes-de-uso\/","url":"https:\/\/waxpro.fr\/pt-br\/informacoes-legais\/termos-e-condicoes-de-uso\/","name":"Condi\u00e7\u00f5es de uso | Groupe SOFDI","isPartOf":{"@id":"https:\/\/waxpro.fr\/pt-br\/#website"},"datePublished":"2022-04-26T14:48:00+00:00","dateModified":"2026-03-18T16:58:06+00:00","breadcrumb":{"@id":"https:\/\/waxpro.fr\/pt-br\/informacoes-legais\/termos-e-condicoes-de-uso\/#breadcrumb"},"inLanguage":"BR","potentialAction":[{"@type":"ReadAction","target":["https:\/\/waxpro.fr\/pt-br\/informacoes-legais\/termos-e-condicoes-de-uso\/"]}]},{"@type":"BreadcrumbList","@id":"https:\/\/waxpro.fr\/pt-br\/informacoes-legais\/termos-e-condicoes-de-uso\/#breadcrumb","itemListElement":[{"@type":"ListItem","position":1,"name":"Home","item":"https:\/\/waxpro.fr\/pt-br\/"},{"@type":"ListItem","position":2,"name":"Informa\u00e7\u00f5es legais","item":"https:\/\/waxpro.fr\/pt-br\/informacoes-legais\/"},{"@type":"ListItem","position":3,"name":"Condi\u00e7\u00f5es de uso"}]},{"@type":"WebSite","@id":"https:\/\/waxpro.fr\/pt-br\/#website","url":"https:\/\/waxpro.fr\/pt-br\/","name":"Groupe SOFDI","description":"","publisher":{"@id":"https:\/\/waxpro.fr\/pt-br\/#organization"},"potentialAction":[{"@type":"SearchAction","target":{"@type":"EntryPoint","urlTemplate":"https:\/\/waxpro.fr\/pt-br\/?s={search_term_string}"},"query-input":{"@type":"PropertyValueSpecification","valueRequired":true,"valueName":"search_term_string"}}],"inLanguage":"BR"},{"@type":"Organization","@id":"https:\/\/waxpro.fr\/pt-br\/#organization","name":"Groupe SOFDI","url":"https:\/\/waxpro.fr\/pt-br\/","logo":{"@type":"ImageObject","inLanguage":"BR","@id":"https:\/\/waxpro.fr\/pt-br\/#\/schema\/logo\/image\/","url":"https:\/\/waxpro.fr\/wp-content\/uploads\/2026\/03\/cropped-Wax_Pro_Horizon_Gris-1-scaled-1.png","contentUrl":"https:\/\/waxpro.fr\/wp-content\/uploads\/2026\/03\/cropped-Wax_Pro_Horizon_Gris-1-scaled-1.png","width":2559,"height":411,"caption":"Groupe SOFDI"},"image":{"@id":"https:\/\/waxpro.fr\/pt-br\/#\/schema\/logo\/image\/"}}]}},"_links":{"self":[{"href":"https:\/\/waxpro.fr\/pt-br\/wp-json\/wp\/v2\/pages\/14940","targetHints":{"allow":["GET"]}}],"collection":[{"href":"https:\/\/waxpro.fr\/pt-br\/wp-json\/wp\/v2\/pages"}],"about":[{"href":"https:\/\/waxpro.fr\/pt-br\/wp-json\/wp\/v2\/types\/page"}],"author":[{"embeddable":true,"href":"https:\/\/waxpro.fr\/pt-br\/wp-json\/wp\/v2\/users\/1"}],"replies":[{"embeddable":true,"href":"https:\/\/waxpro.fr\/pt-br\/wp-json\/wp\/v2\/comments?post=14940"}],"version-history":[{"count":6,"href":"https:\/\/waxpro.fr\/pt-br\/wp-json\/wp\/v2\/pages\/14940\/revisions"}],"predecessor-version":[{"id":15153,"href":"https:\/\/waxpro.fr\/pt-br\/wp-json\/wp\/v2\/pages\/14940\/revisions\/15153"}],"up":[{"embeddable":true,"href":"https:\/\/waxpro.fr\/pt-br\/wp-json\/wp\/v2\/pages\/14928"}],"wp:attachment":[{"href":"https:\/\/waxpro.fr\/pt-br\/wp-json\/wp\/v2\/media?parent=14940"}],"curies":[{"name":"wp","href":"https:\/\/api.w.org\/{rel}","templated":true}]}}