{"id":1152,"date":"2022-04-26T14:48:00","date_gmt":"2022-04-26T14:48:00","guid":{"rendered":"https:\/\/waxpro.fr\/conditions-dutilisation\/"},"modified":"2025-11-05T13:01:48","modified_gmt":"2025-11-05T13:01:48","slug":"conditions-dutilisation","status":"publish","type":"page","link":"https:\/\/waxpro.fr\/pt-pt\/mentions-legales\/conditions-dutilisation\/","title":{"rendered":"Condi\u00e7\u00f5es de utiliza\u00e7\u00e3o"},"content":{"rendered":"\t\t<div data-elementor-type=\"wp-page\" data-elementor-id=\"1152\" class=\"elementor elementor-1152 elementor-504\" data-elementor-post-type=\"page\">\n\t\t\t\t\t\t<section class=\"elementor-section elementor-top-section elementor-element elementor-element-59ffd73 elementor-section-full_width elementor-section-height-min-height elementor-section-content-middle elementor-section-height-default elementor-section-items-middle\" data-id=\"59ffd73\" data-element_type=\"section\" data-settings=\"{&quot;background_background&quot;:&quot;classic&quot;}\">\n\t\t\t\t\t\t<div class=\"elementor-container elementor-column-gap-default\">\n\t\t\t\t\t<div class=\"elementor-column elementor-col-100 elementor-top-column elementor-element elementor-element-2947c4d\" data-id=\"2947c4d\" data-element_type=\"column\">\n\t\t\t<div class=\"elementor-widget-wrap elementor-element-populated\">\n\t\t\t\t\t\t<div class=\"elementor-element elementor-element-ef3b48e elementor-widget elementor-widget-heading\" data-id=\"ef3b48e\" data-element_type=\"widget\" data-widget_type=\"heading.default\">\n\t\t\t\t<div class=\"elementor-widget-container\">\n\t\t\t<h1 class=\"elementor-heading-title elementor-size-default\">Condi\u00e7\u00f5es gerais<br> d'utilisations<\/h1>\t\t<\/div>\n\t\t\t\t<\/div>\n\t\t\t\t\t<\/div>\n\t\t<\/div>\n\t\t\t\t\t<\/div>\n\t\t<\/section>\n\t\t\t\t<section class=\"elementor-section elementor-top-section elementor-element elementor-element-3af82ffa elementor-section-boxed elementor-section-height-default elementor-section-height-default\" data-id=\"3af82ffa\" data-element_type=\"section\">\n\t\t\t\t\t\t<div class=\"elementor-container elementor-column-gap-default\">\n\t\t\t\t\t<div class=\"elementor-column elementor-col-100 elementor-top-column elementor-element elementor-element-50157f77\" data-id=\"50157f77\" data-element_type=\"column\">\n\t\t\t<div class=\"elementor-widget-wrap elementor-element-populated\">\n\t\t\t\t\t\t<div class=\"elementor-element elementor-element-6e0101e elementor-widget elementor-widget-text-editor\" data-id=\"6e0101e\" data-element_type=\"widget\" data-widget_type=\"text-editor.default\">\n\t\t\t\t<div class=\"elementor-widget-container\">\n\t\t\t\t\t\t\t<div class=\"row\"><div class=\"col-12\"><div class=\"row\"><div class=\"col-12\"><p><span style=\"font-family: var( --e-global-typography-text-font-family ), Sans-serif; font-size: var( --e-global-typography-text-font-size ); font-weight: var( --e-global-typography-text-font-weight );\">Em vigor a partir de <\/span><em style=\"font-family: var( --e-global-typography-text-font-family ), Sans-serif; font-size: var( --e-global-typography-text-font-size ); font-weight: var( --e-global-typography-text-font-weight );\">01 de janeiro de 2021<\/em><\/p><p>As presentes condi\u00e7\u00f5es gerais de utiliza\u00e7\u00e3o (designadas por &#8220;CGU&#8221;) t\u00eam por objetivo o enquadramento jur\u00eddico das modalidades de disponibiliza\u00e7\u00e3o do s\u00edtio e dos servi\u00e7os pela <a href=\"http:\/\/waxpro.fr\">waxpro.fr<em> <\/em><\/a>e a defini\u00e7\u00e3o das condi\u00e7\u00f5es de acesso e de utiliza\u00e7\u00e3o dos servi\u00e7os pelo &#8220;Utilizador&#8221;. <br>As presentes CGU s\u00e3o acess\u00edveis no site atrav\u00e9s da rubrica &#8220;CGU&#8221;.<\/p><p>As CGU devem ser aceites por todos os Utilizadores que acedam ao site. Constituem o contrato entre o site e o Utilizador. O acesso ao site por parte do Utilizador significa a sua aceita\u00e7\u00e3o das presentes CGU. Compromete-se, portanto, a respeitar as condi\u00e7\u00f5es apresentadas.<\/p><p>Toda a inscri\u00e7\u00e3o ou utiliza\u00e7\u00e3o do site implica a aceita\u00e7\u00e3o, sem qualquer reserva ou restri\u00e7\u00e3o, das presentes CGU pelo utilizador. Aquando da inscri\u00e7\u00e3o no site atrav\u00e9s do formul\u00e1rio de inscri\u00e7\u00e3o, cada utilizador aceita expressamente os CGU apresentados, indicando a caixa que precede o seguinte texto: &#8221; <em>Reconhe\u00e7o ter lido e compreendido os CGU e aceito-os <\/em>&#8220;.<\/p><p>Em caso de n\u00e3o aceita\u00e7\u00e3o das CGU estipuladas no presente contrato, o Utilizador dever\u00e1 renunciar ao acesso aos servi\u00e7os propostos pelo site. <br> waxpro<a href=\"http:\/\/waxpro.fr\">.fr<\/a> reserva-se o direito de modificar unilateralmente e a qualquer momento o conte\u00fado das CGU apresentadas.<\/p><h3> <\/h3><h3>ARTIGO 1 : Men\u00e7\u00f5es legais<\/h3><p><em> <br><\/em>  L&#8217;\u00e9dition du site <a href=\"http:\/\/waxpro.fr\">waxpro.fr<\/a><em> <\/em>est assur\u00e9e par la Soci\u00e9t\u00e9 <em>Sofdi SAS au capital de 500 000\u20ac,<\/em> immatricul\u00e9e au RCS de <em>Nanterre <\/em> sous le num\u00e9ro <em>424 982 080 <\/em>dont le si\u00e8ge social est situ\u00e9 au <em> 27 rue foucher Lepelletier 92130 Issy-Les-Moulineaux, 01 46 62 09 71, <a href=\"mailto:support@waxpro.fr\">support@waxpro.fr.<\/a><\/em> <em> <br> N.\u00ba de TVA intracomunit\u00e1rio:<\/em> <em>FR77 424 982 080<\/em><\/p><p>O diretor da publica\u00e7\u00e3o \u00e9 <em>Prune Maury-Laribi\u00e8re<\/em><\/p><p>L&#8217;h\u00e9bergeur du site <a href=\"http:\/\/waxpro.fr\">waxpro.fr<\/a><em> <\/em>est la Soci\u00e9t\u00e9 OVH, au capital de 10 069 020\u20ac immatricul\u00e9e au RCS de <em>Lille <\/em>sous le num\u00e9ro 424 761 419 00045<em>, <\/em> dont le si\u00e8ge social est situ\u00e9 au 2 rue Kellermann &#8211; 59100 Roubaix &#8211; France<\/p><h3> <\/h3><h3>ARTIGO 2 : Acesso ao site<\/h3><p>O site <a href=\"http:\/\/waxpro.fr\">waxpro.fr<\/a><em> <\/em>permite ao Utilizador aceder gratuitamente aos seguintes servi\u00e7os : <em><br><\/em> Apresenta a marca Waxoyl e os diferentes produtos distribu\u00eddos pela marca.<\/p><p>O site est\u00e1 acess\u00edvel gratuitamente em qualquer lugar a qualquer utilizador que tenha acesso \u00e0 Internet. Todos os custos suportados pelo Utilizador para aceder ao servi\u00e7o (material inform\u00e1tico, l\u00f3gica, liga\u00e7\u00e3o \u00e0 Internet, etc.) ficam a seu cargo.<\/p><p><strong>L\u2019espace membre :<\/strong><\/p><p>L\u2019Utilisateur non membre n&#8217;a pas acce\u0300s aux services re\u0301serve\u0301s. Ces derniers sont accessibles uniquement aux concessionnaires clients ayant demand\u00e9s la cr\u00e9ation d\u2019un espace personnel.<\/p><p>L\u2019Utilisateur est responsable de la mise a\u0300 jour des informations fournies. Il lui est pre\u0301cise\u0301 qu\u2019il peut les modifier en se connectant a\u0300 son espace membre.<\/p><p>Pour acce\u0301der aux services, l\u2019Utilisateur devra s&#8217;identifier a\u0300 l&#8217;aide de son nom d\u2019utilisateur et de son mot de passe qui lui seront communique\u0301s apre\u0300s son inscription et qui sont strictement personnels. A ce titre, il s\u2019en interdit toute divulgation. Dans le cas contraire, il restera seul responsable de l\u2019usage qui en sera fait.<\/p><p>O Utilizador pode tamb\u00e9m cancelar a sua inscri\u00e7\u00e3o enviando um e-mail para : <a href=\"mailto:support@waxpro.fr\"><em>support@waxpro.fr<\/em><\/a>. A a\u00e7\u00e3o ser\u00e1 eficaz num prazo razo\u00e1vel.<\/p><p>Em caso de desrespeito das condi\u00e7\u00f5es gerais de venda e\/ou de utiliza\u00e7\u00e3o, o site <a href=\"http:\/\/waxpro.fr\">waxpro.fr<\/a><em> <\/em>tem a possibilidade de suspender ou de perder a conta de um Utilizador ap\u00f3s o seu envio por via eletr\u00f3nica e de a manter sem efeito.<\/p><p>Toda a supress\u00e3o de dados, seja qual for o motivo, implica a supress\u00e3o pura e simples de todas as informa\u00e7\u00f5es pessoais do Utilizador.<\/p><p>Qualquer acontecimento devido a um caso de for\u00e7a maior que tenha como consequ\u00eancia uma disfun\u00e7\u00e3o do site ou do servidor e sob reserva de qualquer interrup\u00e7\u00e3o ou modifica\u00e7\u00e3o em caso de manuten\u00e7\u00e3o, n\u00e3o \u00e9 da responsabilidade da <a href=\"http:\/\/waxpro.fr\">waxpro.fr<\/a><em>. <\/em> Nestes casos, o Utilizador aceita n\u00e3o ter de se responsabilizar perante o editor por qualquer interrup\u00e7\u00e3o ou suspens\u00e3o do servi\u00e7o, mesmo sem aviso pr\u00e9vio.<\/p><p>O Utilizador tem a possibilidade de contactar o site atrav\u00e9s de uma mensagem eletr\u00f3nica para o endere\u00e7o de correio eletr\u00f3nico do editor comunicado no ARTIGO 1.<\/p><h3> <\/h3><h3>ARTIGO 3 : Dados pessoais<\/h3><p>O site assegura ao Utilizador uma recolha e um tratamento de informa\u00e7\u00f5es pessoais no respeito da vida privada, em conformidade com a lei n.\u00ba 78-17 de 6 de janeiro de 1978 relativa \u00e0 inform\u00e1tica, aos ficheiros e \u00e0s liberdades. O site \u00e9 declarado \u00e0 CNIL <em>.  <br>Nos termos da lei Inform\u00e1tica e Liberdades, de 6 de janeiro de 1978, o Utilizador tem o direito de acesso, retifica\u00e7\u00e3o, supress\u00e3o e oposi\u00e7\u00e3o dos seus dados pessoais.<\/em> O Utilizador exerce este direito:<\/p><ul><li>por correio para o <em> endere\u00e7o indicado Artigo I<\/em><\/li><li>par voie postale <em>\u00e0 l\u2019adresse du si\u00e8ge social<\/em><\/li><\/ul><h3> <\/h3><h3>ARTICLE 4 : Proprie\u0301te\u0301 intellectuelle<\/h3><p>As marcas, log\u00f3tipos, sinais, bem como todos os conte\u00fados do site (textos, imagens, filho&#8230;) s\u00e3o objeto de uma prote\u00e7\u00e3o pelo C\u00f3digo da propriedade intelectual e, mais particularmente, pelo direito de autor.<\/p><p>O Utilizador deve solicitar a autoriza\u00e7\u00e3o pr\u00e9via do site para qualquer reprodu\u00e7\u00e3o, publica\u00e7\u00e3o, c\u00f3pia dos diferentes conte\u00fados. Envolve-se numa utiliza\u00e7\u00e3o dos conte\u00fados do site num quadro estritamente privado, qualquer utiliza\u00e7\u00e3o para fins comerciais e publicit\u00e1rios \u00e9 estritamente proibida.<\/p><p>Qualquer representa\u00e7\u00e3o total ou parcial deste s\u00edtio, por qualquer processo que seja, sem a autoriza\u00e7\u00e3o expressa do explorador do s\u00edtio Internet, constitui uma infra\u00e7\u00e3o sancionada pelo artigo L 335-2 e seguintes do C\u00f3digo da Propriedade Intelectual.<\/p><p>De acordo com o artigo L122-5 do C\u00f3digo de Propriedade Intelectual, o Utilizador que reproduza, copie ou publique o conte\u00fado protegido deve citar o autor e a fonte.<\/p><h3>ARTIGO 5 : Responsabilidade<\/h3><p>As fontes das informa\u00e7\u00f5es difundidas no s\u00edtio <a href=\"http:\/\/waxpro.fr\">waxpro.fr<\/a><em> <\/em>s\u00e3o considerados fi\u00e1veis, mas o site n\u00e3o garante que esteja isento de falhas, erros ou omiss\u00f5es. <br>As informa\u00e7\u00f5es comunicadas s\u00e3o apresentadas a t\u00edtulo indicativo e geral, sem valor contratual. Apesar das actualiza\u00e7\u00f5es regulares, o site <a href=\"http:\/\/waxpro.fr\">waxpro.fr<\/a><em> <\/em>n\u00e3o pode ser considerado respons\u00e1vel pela altera\u00e7\u00e3o das disposi\u00e7\u00f5es administrativas e jur\u00eddicas que surjam ap\u00f3s a sua publica\u00e7\u00e3o. De igual modo, o site n\u00e3o pode ser considerado respons\u00e1vel pela utiliza\u00e7\u00e3o e interpreta\u00e7\u00e3o das informa\u00e7\u00f5es contidas no mesmo.<\/p><p>O Utilizador, preocupado com o seu espa\u00e7o de mem\u00f3ria, garante que guarda o seu passe secreto. \u00c9 proibida qualquer divulga\u00e7\u00e3o do mote de passe, seja qual for a sua forma. Assume os riscos relacionados com a utiliza\u00e7\u00e3o do seu identificador e do seu bilhete de identidade. O site declina toda a responsabilidade.<\/p><p>O site <a href=\"http:\/\/waxpro.fr\">waxpro.fr<\/a><em> <\/em>n\u00e3o pode ser considerado respons\u00e1vel por eventuais v\u00edrus que possam infetar o computador ou qualquer material inform\u00e1tico do Internauta, na sequ\u00eancia de uma utiliza\u00e7\u00e3o, de um acesso ou de um carregamento proveniente deste site.<\/p><p>A responsabilidade do site n\u00e3o pode ser assumida em caso de for\u00e7a maior ou de facto imprevis\u00edvel e segur\u00e1vel de um cliente.<\/p><h3> <\/h3><h3>ARTIGO 6 : Direitos de reten\u00e7\u00e3o hipertextuais<\/h3><p>Poder\u00e3o estar presentes no site liga\u00e7\u00f5es hipertextuais. O Utilizador \u00e9 informado de que, ao clicar nestes links, ir\u00e1 aceder ao site <a href=\"http:\/\/waxpro.fr\">waxpro.fr<\/a><em>. <\/em>O Utilizador n\u00e3o tem qualquer controlo sobre as p\u00e1ginas web onde se encontram esses links e n\u00e3o pode, em caso algum, ser respons\u00e1vel pelo seu conte\u00fado.<\/p><h3> <\/h3><h3>ARTIGO 7 : Cookies<\/h3><p>O Utilizador \u00e9 informado de que, durante as suas visitas ao site, um cookie pode ser instalado automaticamente no seu logiciel de navega\u00e7\u00e3o.<\/p><p>Os cookies s\u00e3o pequenos ficheiros armazenados temporariamente no disco r\u00edgido do computador do Utilizador pelo seu navegador e que s\u00e3o necess\u00e1rios para a utiliza\u00e7\u00e3o do site <a href=\"http:\/\/waxpro.fr\">waxpro.fr<\/a>. Os cookies n\u00e3o cont\u00eam qualquer informa\u00e7\u00e3o pessoal e n\u00e3o podem ser utilizados para identificar algu\u00e9m. Um cookie cont\u00e9m um identificador \u00fanico, gerado automaticamente e, portanto, an\u00f3nimo. Alguns cookies expiram no final da visita do Utilizador, outros permanecem.<\/p><p>A informa\u00e7\u00e3o contida nos cookies \u00e9 utilizada para melhorar o site, por exemplo, em :<\/p><ul><li>permite que um servi\u00e7o reconhe\u00e7a o aparelho do Utilizador, para que este n\u00e3o tenha de fornecer as mesmas informa\u00e7\u00f5es v\u00e1rias vezes, por exemplo, para preencher um formul\u00e1rio ou uma pergunta.<\/li><li>Lembra-te de que o teu Utilizador j\u00e1 te deu o seu identificador e o seu nome de utilizador, para que n\u00e3o tenhas de o voltar a dar a cada nova p\u00e1gina.<\/li><li>vigiar o modo como os utilizadores utilizam os servi\u00e7os, a fim de os tornar mais simples de utilizar e de lhes fornecer energia suficiente para garantir a sua reatividade.<\/li><li>an\u00e1lise de dados &#8220;an\u00f3nimos&#8221; para ajudar a compreender como os utilizadores interagem com os diferentes aspectos dos servi\u00e7os em linha e, assim, permitir a sua melhoria.<\/li><\/ul><p>Ao navegar no site, o Utilizador aceita-o. Ap\u00f3s a aceita\u00e7\u00e3o, o Utilizador \u00e9 informado de que certas funcionalidades ou p\u00e1ginas correm o risco de lhe serem recusadas.<\/p><p>O Utilizador pode desativar este cookie atrav\u00e9s dos par\u00e2metros que figuram no interior do seu logiciel de navega\u00e7\u00e3o.<\/p><h3> <\/h3><h3>ARTIGO 8<em> <\/em>: Direito aplic\u00e1vel e jurisdi\u00e7\u00e3o competente<\/h3><p>A legisla\u00e7\u00e3o francesa aplica-se ao presente contrato. Na aus\u00eancia de resolu\u00e7\u00e3o amig\u00e1vel de um lit\u00edgio entre as partes, os tribunais franceses s\u00e3o os \u00fanicos competentes.<\/p><p>Para qualquer quest\u00e3o relativa \u00e0 aplica\u00e7\u00e3o das presentes CGU, podes contactar o editor atrav\u00e9s das coordenadas inscritas no ARTIGO 1.<\/p><\/div><\/div><\/div><\/div>\t\t\t\t\t\t<\/div>\n\t\t\t\t<\/div>\n\t\t\t\t\t<\/div>\n\t\t<\/div>\n\t\t\t\t\t<\/div>\n\t\t<\/section>\n\t\t\t\t<\/div>\n\t\t","protected":false},"excerpt":{"rendered":"<p>Condi\u00e7\u00f5es gerais d&#8217;utilisations Em vigor a partir de 01 de janeiro de 2021 As presentes condi\u00e7\u00f5es gerais de utiliza\u00e7\u00e3o (designadas por &#8220;CGU&#8221;) t\u00eam por objetivo o enquadramento jur\u00eddico das modalidades de disponibiliza\u00e7\u00e3o do s\u00edtio e dos servi\u00e7os pela waxpro.fr e a defini\u00e7\u00e3o das condi\u00e7\u00f5es de acesso e de utiliza\u00e7\u00e3o dos servi\u00e7os pelo &#8220;Utilizador&#8221;. As presentes [&hellip;]<\/p>\n","protected":false},"author":1,"featured_media":0,"parent":1158,"menu_order":0,"comment_status":"closed","ping_status":"closed","template":"","meta":{"_acf_changed":false,"footnotes":""},"class_list":["post-1152","page","type-page","status-publish","hentry"],"acf":[],"yoast_head":"<!-- This site is optimized with the Yoast SEO plugin v26.3 - https:\/\/yoast.com\/wordpress\/plugins\/seo\/ -->\n<title>Condi\u00e7\u00f5es de utiliza\u00e7\u00e3o | Groupe SOFDI<\/title>\n<meta name=\"robots\" content=\"index, follow, max-snippet:-1, max-image-preview:large, max-video-preview:-1\" \/>\n<link rel=\"canonical\" href=\"https:\/\/waxpro.fr\/pt-pt\/mentions-legales\/conditions-dutilisation\/\" \/>\n<meta property=\"og:locale\" content=\"pt_PT\" \/>\n<meta property=\"og:type\" content=\"article\" \/>\n<meta property=\"og:title\" content=\"Condi\u00e7\u00f5es de utiliza\u00e7\u00e3o | Groupe SOFDI\" \/>\n<meta property=\"og:description\" content=\"Condi\u00e7\u00f5es gerais d&#8217;utilisations Em vigor a partir de 01 de janeiro de 2021 As presentes condi\u00e7\u00f5es gerais de utiliza\u00e7\u00e3o (designadas por &#8220;CGU&#8221;) t\u00eam por objetivo o enquadramento jur\u00eddico das modalidades de disponibiliza\u00e7\u00e3o do s\u00edtio e dos servi\u00e7os pela waxpro.fr e a defini\u00e7\u00e3o das condi\u00e7\u00f5es de acesso e de utiliza\u00e7\u00e3o dos servi\u00e7os pelo &#8220;Utilizador&#8221;. As presentes [&hellip;]\" \/>\n<meta property=\"og:url\" content=\"https:\/\/waxpro.fr\/pt-pt\/mentions-legales\/conditions-dutilisation\/\" \/>\n<meta property=\"og:site_name\" content=\"Groupe SOFDI\" \/>\n<meta property=\"article:modified_time\" content=\"2025-11-05T13:01:48+00:00\" \/>\n<meta name=\"twitter:card\" content=\"summary_large_image\" \/>\n<meta name=\"twitter:label1\" content=\"Tempo estimado de leitura\" \/>\n\t<meta name=\"twitter:data1\" content=\"7 minutos\" \/>\n<script type=\"application\/ld+json\" class=\"yoast-schema-graph\">{\"@context\":\"https:\/\/schema.org\",\"@graph\":[{\"@type\":\"WebPage\",\"@id\":\"https:\/\/waxpro.fr\/pt-pt\/mentions-legales\/conditions-dutilisation\/\",\"url\":\"https:\/\/waxpro.fr\/pt-pt\/mentions-legales\/conditions-dutilisation\/\",\"name\":\"Condi\u00e7\u00f5es de utiliza\u00e7\u00e3o | Groupe SOFDI\",\"isPartOf\":{\"@id\":\"https:\/\/waxpro.fr\/pt-pt\/#website\"},\"datePublished\":\"2022-04-26T14:48:00+00:00\",\"dateModified\":\"2025-11-05T13:01:48+00:00\",\"breadcrumb\":{\"@id\":\"https:\/\/waxpro.fr\/pt-pt\/mentions-legales\/conditions-dutilisation\/#breadcrumb\"},\"inLanguage\":\"pt-PT\",\"potentialAction\":[{\"@type\":\"ReadAction\",\"target\":[\"https:\/\/waxpro.fr\/pt-pt\/mentions-legales\/conditions-dutilisation\/\"]}]},{\"@type\":\"BreadcrumbList\",\"@id\":\"https:\/\/waxpro.fr\/pt-pt\/mentions-legales\/conditions-dutilisation\/#breadcrumb\",\"itemListElement\":[{\"@type\":\"ListItem\",\"position\":1,\"name\":\"Home\",\"item\":\"https:\/\/waxpro.fr\/pt-pt\/\"},{\"@type\":\"ListItem\",\"position\":2,\"name\":\"Men\u00e7\u00f5es legais\",\"item\":\"https:\/\/waxpro.fr\/pt-pt\/mentions-legales\/\"},{\"@type\":\"ListItem\",\"position\":3,\"name\":\"Condi\u00e7\u00f5es de utiliza\u00e7\u00e3o\"}]},{\"@type\":\"WebSite\",\"@id\":\"https:\/\/waxpro.fr\/pt-pt\/#website\",\"url\":\"https:\/\/waxpro.fr\/pt-pt\/\",\"name\":\"Groupe SOFDI\",\"description\":\"\",\"publisher\":{\"@id\":\"https:\/\/waxpro.fr\/pt-pt\/#organization\"},\"potentialAction\":[{\"@type\":\"SearchAction\",\"target\":{\"@type\":\"EntryPoint\",\"urlTemplate\":\"https:\/\/waxpro.fr\/pt-pt\/?s={search_term_string}\"},\"query-input\":{\"@type\":\"PropertyValueSpecification\",\"valueRequired\":true,\"valueName\":\"search_term_string\"}}],\"inLanguage\":\"pt-PT\"},{\"@type\":\"Organization\",\"@id\":\"https:\/\/waxpro.fr\/pt-pt\/#organization\",\"name\":\"Groupe SOFDI\",\"url\":\"https:\/\/waxpro.fr\/pt-pt\/\",\"logo\":{\"@type\":\"ImageObject\",\"inLanguage\":\"pt-PT\",\"@id\":\"https:\/\/waxpro.fr\/pt-pt\/#\/schema\/logo\/image\/\",\"url\":\"https:\/\/waxpro.fr\/wp-content\/uploads\/2026\/03\/cropped-Wax_Pro_Horizon_Gris-1-scaled-1.png\",\"contentUrl\":\"https:\/\/waxpro.fr\/wp-content\/uploads\/2026\/03\/cropped-Wax_Pro_Horizon_Gris-1-scaled-1.png\",\"width\":2559,\"height\":411,\"caption\":\"Groupe SOFDI\"},\"image\":{\"@id\":\"https:\/\/waxpro.fr\/pt-pt\/#\/schema\/logo\/image\/\"}}]}<\/script>\n<!-- \/ Yoast SEO plugin. -->","yoast_head_json":{"title":"Condi\u00e7\u00f5es de utiliza\u00e7\u00e3o | Groupe SOFDI","robots":{"index":"index","follow":"follow","max-snippet":"max-snippet:-1","max-image-preview":"max-image-preview:large","max-video-preview":"max-video-preview:-1"},"canonical":"https:\/\/waxpro.fr\/pt-pt\/mentions-legales\/conditions-dutilisation\/","og_locale":"pt_PT","og_type":"article","og_title":"Condi\u00e7\u00f5es de utiliza\u00e7\u00e3o | Groupe SOFDI","og_description":"Condi\u00e7\u00f5es gerais d&#8217;utilisations Em vigor a partir de 01 de janeiro de 2021 As presentes condi\u00e7\u00f5es gerais de utiliza\u00e7\u00e3o (designadas por &#8220;CGU&#8221;) t\u00eam por objetivo o enquadramento jur\u00eddico das modalidades de disponibiliza\u00e7\u00e3o do s\u00edtio e dos servi\u00e7os pela waxpro.fr e a defini\u00e7\u00e3o das condi\u00e7\u00f5es de acesso e de utiliza\u00e7\u00e3o dos servi\u00e7os pelo &#8220;Utilizador&#8221;. As presentes [&hellip;]","og_url":"https:\/\/waxpro.fr\/pt-pt\/mentions-legales\/conditions-dutilisation\/","og_site_name":"Groupe SOFDI","article_modified_time":"2025-11-05T13:01:48+00:00","twitter_card":"summary_large_image","twitter_misc":{"Tempo estimado de leitura":"7 minutos"},"schema":{"@context":"https:\/\/schema.org","@graph":[{"@type":"WebPage","@id":"https:\/\/waxpro.fr\/pt-pt\/mentions-legales\/conditions-dutilisation\/","url":"https:\/\/waxpro.fr\/pt-pt\/mentions-legales\/conditions-dutilisation\/","name":"Condi\u00e7\u00f5es de utiliza\u00e7\u00e3o | Groupe SOFDI","isPartOf":{"@id":"https:\/\/waxpro.fr\/pt-pt\/#website"},"datePublished":"2022-04-26T14:48:00+00:00","dateModified":"2025-11-05T13:01:48+00:00","breadcrumb":{"@id":"https:\/\/waxpro.fr\/pt-pt\/mentions-legales\/conditions-dutilisation\/#breadcrumb"},"inLanguage":"pt-PT","potentialAction":[{"@type":"ReadAction","target":["https:\/\/waxpro.fr\/pt-pt\/mentions-legales\/conditions-dutilisation\/"]}]},{"@type":"BreadcrumbList","@id":"https:\/\/waxpro.fr\/pt-pt\/mentions-legales\/conditions-dutilisation\/#breadcrumb","itemListElement":[{"@type":"ListItem","position":1,"name":"Home","item":"https:\/\/waxpro.fr\/pt-pt\/"},{"@type":"ListItem","position":2,"name":"Men\u00e7\u00f5es legais","item":"https:\/\/waxpro.fr\/pt-pt\/mentions-legales\/"},{"@type":"ListItem","position":3,"name":"Condi\u00e7\u00f5es de utiliza\u00e7\u00e3o"}]},{"@type":"WebSite","@id":"https:\/\/waxpro.fr\/pt-pt\/#website","url":"https:\/\/waxpro.fr\/pt-pt\/","name":"Groupe SOFDI","description":"","publisher":{"@id":"https:\/\/waxpro.fr\/pt-pt\/#organization"},"potentialAction":[{"@type":"SearchAction","target":{"@type":"EntryPoint","urlTemplate":"https:\/\/waxpro.fr\/pt-pt\/?s={search_term_string}"},"query-input":{"@type":"PropertyValueSpecification","valueRequired":true,"valueName":"search_term_string"}}],"inLanguage":"pt-PT"},{"@type":"Organization","@id":"https:\/\/waxpro.fr\/pt-pt\/#organization","name":"Groupe SOFDI","url":"https:\/\/waxpro.fr\/pt-pt\/","logo":{"@type":"ImageObject","inLanguage":"pt-PT","@id":"https:\/\/waxpro.fr\/pt-pt\/#\/schema\/logo\/image\/","url":"https:\/\/waxpro.fr\/wp-content\/uploads\/2026\/03\/cropped-Wax_Pro_Horizon_Gris-1-scaled-1.png","contentUrl":"https:\/\/waxpro.fr\/wp-content\/uploads\/2026\/03\/cropped-Wax_Pro_Horizon_Gris-1-scaled-1.png","width":2559,"height":411,"caption":"Groupe SOFDI"},"image":{"@id":"https:\/\/waxpro.fr\/pt-pt\/#\/schema\/logo\/image\/"}}]}},"_links":{"self":[{"href":"https:\/\/waxpro.fr\/pt-pt\/wp-json\/wp\/v2\/pages\/1152","targetHints":{"allow":["GET"]}}],"collection":[{"href":"https:\/\/waxpro.fr\/pt-pt\/wp-json\/wp\/v2\/pages"}],"about":[{"href":"https:\/\/waxpro.fr\/pt-pt\/wp-json\/wp\/v2\/types\/page"}],"author":[{"embeddable":true,"href":"https:\/\/waxpro.fr\/pt-pt\/wp-json\/wp\/v2\/users\/1"}],"replies":[{"embeddable":true,"href":"https:\/\/waxpro.fr\/pt-pt\/wp-json\/wp\/v2\/comments?post=1152"}],"version-history":[{"count":14,"href":"https:\/\/waxpro.fr\/pt-pt\/wp-json\/wp\/v2\/pages\/1152\/revisions"}],"predecessor-version":[{"id":14101,"href":"https:\/\/waxpro.fr\/pt-pt\/wp-json\/wp\/v2\/pages\/1152\/revisions\/14101"}],"up":[{"embeddable":true,"href":"https:\/\/waxpro.fr\/pt-pt\/wp-json\/wp\/v2\/pages\/1158"}],"wp:attachment":[{"href":"https:\/\/waxpro.fr\/pt-pt\/wp-json\/wp\/v2\/media?parent=1152"}],"curies":[{"name":"wp","href":"https:\/\/api.w.org\/{rel}","templated":true}]}}