{"id":14584,"date":"2023-11-02T10:54:08","date_gmt":"2023-11-02T10:54:08","guid":{"rendered":"https:\/\/waxpro.fr\/auto-moto\/"},"modified":"2025-11-06T16:47:16","modified_gmt":"2025-11-06T16:47:16","slug":"auto-moto","status":"publish","type":"page","link":"https:\/\/waxpro.fr\/pt-pt\/auto-moto\/","title":{"rendered":"Auto moto"},"content":{"rendered":"\t\t<div data-elementor-type=\"wp-page\" data-elementor-id=\"14584\" class=\"elementor elementor-14584 elementor-7149\" data-elementor-post-type=\"page\">\n\t\t\t\t\t\t<section class=\"elementor-section elementor-top-section elementor-element elementor-element-c46ccb8 elementor-section-boxed elementor-section-height-default elementor-section-height-default\" data-id=\"c46ccb8\" data-element_type=\"section\">\n\t\t\t\t\t\t<div class=\"elementor-container elementor-column-gap-default\">\n\t\t\t\t\t<div class=\"elementor-column elementor-col-100 elementor-top-column elementor-element elementor-element-42dc5af\" data-id=\"42dc5af\" data-element_type=\"column\">\n\t\t\t<div class=\"elementor-widget-wrap elementor-element-populated\">\n\t\t\t\t\t\t<div class=\"elementor-element elementor-element-f968d17 header-slider elementor--h-position-center elementor--v-position-middle elementor-arrows-position-inside elementor-pagination-position-inside elementor-widget elementor-widget-slides\" data-id=\"f968d17\" data-element_type=\"widget\" data-settings=\"{&quot;navigation&quot;:&quot;both&quot;,&quot;autoplay&quot;:&quot;yes&quot;,&quot;pause_on_hover&quot;:&quot;yes&quot;,&quot;pause_on_interaction&quot;:&quot;yes&quot;,&quot;autoplay_speed&quot;:5000,&quot;infinite&quot;:&quot;yes&quot;,&quot;transition&quot;:&quot;slide&quot;,&quot;transition_speed&quot;:500}\" data-widget_type=\"slides.default\">\n\t\t\t\t<div class=\"elementor-widget-container\">\n\t\t\t\t\t<div class=\"elementor-swiper\">\n\t\t\t<div class=\"elementor-slides-wrapper elementor-main-swiper swiper\" dir=\"ltr\" data-animation=\"fadeInUp\">\n\t\t\t\t<div class=\"swiper-wrapper elementor-slides\">\n\t\t\t\t\t\t\t\t\t\t<div class=\"elementor-repeater-item-cd6d823 swiper-slide\"><div class=\"swiper-slide-bg\" role=\"img\"><\/div><div class=\"swiper-slide-inner\" ><div class=\"swiper-slide-contents\"><div class=\"elementor-slide-heading\"><span style=\"text-shadow: 2px 2px 5px #000;\">Cera Pro B Power Protection<\/span><\/div><div class=\"elementor-slide-description\"><h5 style=\"font-family: Montserrat, sans-serif; font-weight: 200;\">O conceito B Power oferece<br \/>uma prote\u00e7\u00e3o altamente eficaz para a pintura do teu autom\u00f3vel<br \/>, criando um escudo de alto brilho.<\/h5>\n<\/div><a href=\"#treatments\" class=\"elementor-button elementor-slide-button elementor-size-sm\">Descobre os nossos tratamentos<\/a><\/div><\/div><\/div><div class=\"elementor-repeater-item-2179f49 swiper-slide\"><div class=\"swiper-slide-bg\" role=\"img\"><\/div><div class=\"swiper-slide-inner\" ><div class=\"swiper-slide-contents\"><div class=\"elementor-slide-heading\"><span style=\"text-shadow: 2px 2px 5px #000;\">Wax Pro B Power Prote\u00e7\u00e3o para motociclos<\/span><\/div><div class=\"elementor-slide-description\"><h5 style=\"font-family: Montserrat, sans-serif; font-weight: 200;\">O nosso conceito Wax Pro B Power Protection Moto oferece<br \/>uma prote\u00e7\u00e3o ultra-eficaz para a pintura da tua moto<br \/>, criando um escudo de alto brilho.<\/h5>\n<\/div><a href=\"#treatments\" class=\"elementor-button elementor-slide-button elementor-size-sm\">Descobre os nossos tratamentos<\/a><\/div><\/div><\/div><div class=\"elementor-repeater-item-66403bc swiper-slide\"><div class=\"swiper-slide-bg\" role=\"img\"><\/div><div class=\"swiper-slide-inner\" ><div class=\"swiper-slide-contents\"><div class=\"elementor-slide-heading\"><span style=\"text-shadow: 2px 2px 5px #000;\">Cera Pro Premium<\/span><\/div><div class=\"elementor-slide-description\"><h5 style=\"font-family: Montserrat, sans-serif; font-weight: 200;\">O nosso conceito Wax Pro Premium \u00e9 um tratamento transparente<br \/>que real\u00e7a o brilho da pintura<br \/>e protege-a das agress\u00f5es externas.<\/h5>\n<\/div><a href=\"#treatments\" class=\"elementor-button elementor-slide-button elementor-size-sm\">Descobre os nossos tratamentos<\/a><\/div><\/div><\/div><div class=\"elementor-repeater-item-4d2f09b swiper-slide\"><div class=\"swiper-slide-bg\" role=\"img\"><\/div><div class=\"swiper-slide-inner\" ><div class=\"swiper-slide-contents\"><div class=\"elementor-slide-heading\"><span style=\"text-shadow: 2px 2px 5px #000;\">Wax Pro Power Care 3 em 1<\/span><\/div><div class=\"elementor-slide-description\"><h5 style=\"font-family: Montserrat, sans-serif; font-weight: 200;\">O conceito 3 em 1 do Waxpro Power Care facilita a<br \/>limpeza, manuten\u00e7\u00e3o e prote\u00e7\u00e3o da pintura, da borracha e dos vidros do teu ve\u00edculo<br \/>. Pode ser utilizado sem \u00e1gua. <\/h5>\n<\/div><a href=\"#treatments\" class=\"elementor-button elementor-slide-button elementor-size-sm\">Descobre os nossos tratamentos<\/a><\/div><\/div><\/div>\t\t\t\t<\/div>\n\t\t\t\t\t\t\t\t\t\t\t\t\t\t\t<div class=\"swiper-pagination\"><\/div>\n\t\t\t\t\t\t\t\t\t\t\t\t\t\t\t\t<div class=\"elementor-swiper-button elementor-swiper-button-prev\" role=\"button\" tabindex=\"0\">\n\t\t\t\t\t\t\t<i aria-hidden=\"true\" class=\"eicon-chevron-left\"><\/i>\t\t\t\t\t\t\t<span class=\"elementor-screen-only\">Previous slide<\/span>\n\t\t\t\t\t\t<\/div>\n\t\t\t\t\t\t<div class=\"elementor-swiper-button elementor-swiper-button-next\" role=\"button\" tabindex=\"0\">\n\t\t\t\t\t\t\t<i aria-hidden=\"true\" class=\"eicon-chevron-right\"><\/i>\t\t\t\t\t\t\t<span class=\"elementor-screen-only\">Next slide<\/span>\n\t\t\t\t\t\t<\/div>\n\t\t\t\t\t\t\t\t\t\t\t\t<\/div>\n\t\t<\/div>\n\t\t\t\t<\/div>\n\t\t\t\t<\/div>\n\t\t\t\t\t<\/div>\n\t\t<\/div>\n\t\t\t\t\t<\/div>\n\t\t<\/section>\n\t\t\t\t<\/div>\n\t\t","protected":false},"excerpt":{"rendered":"<p>Cera Pro B Power Protection O conceito B Power ofereceuma prote\u00e7\u00e3o altamente eficaz para a pintura do teu autom\u00f3vel, criando um escudo de alto brilho. Descobre os nossos tratamentosWax Pro B Power Prote\u00e7\u00e3o para motociclos O nosso conceito Wax Pro B Power Protection Moto ofereceuma prote\u00e7\u00e3o ultra-eficaz para a pintura da tua moto, criando um [&hellip;]<\/p>\n","protected":false},"author":9,"featured_media":0,"parent":0,"menu_order":0,"comment_status":"closed","ping_status":"closed","template":"","meta":{"_acf_changed":false,"footnotes":""},"class_list":["post-14584","page","type-page","status-publish","hentry"],"acf":[],"yoast_head":"<!-- This site is optimized with the Yoast SEO plugin v26.3 - https:\/\/yoast.com\/wordpress\/plugins\/seo\/ -->\n<title>Auto moto | Groupe SOFDI<\/title>\n<meta name=\"robots\" content=\"index, follow, max-snippet:-1, max-image-preview:large, max-video-preview:-1\" \/>\n<link rel=\"canonical\" href=\"https:\/\/waxpro.fr\/pt-pt\/auto-moto\/\" \/>\n<meta property=\"og:locale\" content=\"pt_PT\" \/>\n<meta property=\"og:type\" content=\"article\" \/>\n<meta property=\"og:title\" content=\"Auto moto | Groupe SOFDI\" \/>\n<meta property=\"og:description\" content=\"Cera Pro B Power Protection O conceito B Power ofereceuma prote\u00e7\u00e3o altamente eficaz para a pintura do teu autom\u00f3vel, criando um escudo de alto brilho. Descobre os nossos tratamentosWax Pro B Power Prote\u00e7\u00e3o para motociclos O nosso conceito Wax Pro B Power Protection Moto ofereceuma prote\u00e7\u00e3o ultra-eficaz para a pintura da tua moto, criando um [&hellip;]\" \/>\n<meta property=\"og:url\" content=\"https:\/\/waxpro.fr\/pt-pt\/auto-moto\/\" \/>\n<meta property=\"og:site_name\" content=\"Groupe SOFDI\" \/>\n<meta property=\"article:modified_time\" content=\"2025-11-06T16:47:16+00:00\" \/>\n<meta name=\"twitter:card\" content=\"summary_large_image\" \/>\n<meta name=\"twitter:label1\" content=\"Tempo estimado de leitura\" \/>\n\t<meta name=\"twitter:data1\" content=\"1 minuto\" \/>\n<script type=\"application\/ld+json\" class=\"yoast-schema-graph\">{\"@context\":\"https:\/\/schema.org\",\"@graph\":[{\"@type\":\"WebPage\",\"@id\":\"https:\/\/waxpro.fr\/pt-pt\/auto-moto\/\",\"url\":\"https:\/\/waxpro.fr\/pt-pt\/auto-moto\/\",\"name\":\"Auto moto | Groupe SOFDI\",\"isPartOf\":{\"@id\":\"https:\/\/waxpro.fr\/pt-pt\/#website\"},\"datePublished\":\"2023-11-02T10:54:08+00:00\",\"dateModified\":\"2025-11-06T16:47:16+00:00\",\"breadcrumb\":{\"@id\":\"https:\/\/waxpro.fr\/pt-pt\/auto-moto\/#breadcrumb\"},\"inLanguage\":\"pt-PT\",\"potentialAction\":[{\"@type\":\"ReadAction\",\"target\":[\"https:\/\/waxpro.fr\/pt-pt\/auto-moto\/\"]}]},{\"@type\":\"BreadcrumbList\",\"@id\":\"https:\/\/waxpro.fr\/pt-pt\/auto-moto\/#breadcrumb\",\"itemListElement\":[{\"@type\":\"ListItem\",\"position\":1,\"name\":\"Home\",\"item\":\"https:\/\/waxpro.fr\/pt-pt\/\"},{\"@type\":\"ListItem\",\"position\":2,\"name\":\"Auto moto\"}]},{\"@type\":\"WebSite\",\"@id\":\"https:\/\/waxpro.fr\/pt-pt\/#website\",\"url\":\"https:\/\/waxpro.fr\/pt-pt\/\",\"name\":\"Groupe SOFDI\",\"description\":\"\",\"publisher\":{\"@id\":\"https:\/\/waxpro.fr\/pt-pt\/#organization\"},\"potentialAction\":[{\"@type\":\"SearchAction\",\"target\":{\"@type\":\"EntryPoint\",\"urlTemplate\":\"https:\/\/waxpro.fr\/pt-pt\/?s={search_term_string}\"},\"query-input\":{\"@type\":\"PropertyValueSpecification\",\"valueRequired\":true,\"valueName\":\"search_term_string\"}}],\"inLanguage\":\"pt-PT\"},{\"@type\":\"Organization\",\"@id\":\"https:\/\/waxpro.fr\/pt-pt\/#organization\",\"name\":\"Groupe SOFDI\",\"url\":\"https:\/\/waxpro.fr\/pt-pt\/\",\"logo\":{\"@type\":\"ImageObject\",\"inLanguage\":\"pt-PT\",\"@id\":\"https:\/\/waxpro.fr\/pt-pt\/#\/schema\/logo\/image\/\",\"url\":\"https:\/\/waxpro.fr\/wp-content\/uploads\/2026\/03\/cropped-Wax_Pro_Horizon_Gris-1-scaled-1.png\",\"contentUrl\":\"https:\/\/waxpro.fr\/wp-content\/uploads\/2026\/03\/cropped-Wax_Pro_Horizon_Gris-1-scaled-1.png\",\"width\":2559,\"height\":411,\"caption\":\"Groupe SOFDI\"},\"image\":{\"@id\":\"https:\/\/waxpro.fr\/pt-pt\/#\/schema\/logo\/image\/\"}}]}<\/script>\n<!-- \/ Yoast SEO plugin. -->","yoast_head_json":{"title":"Auto moto | Groupe SOFDI","robots":{"index":"index","follow":"follow","max-snippet":"max-snippet:-1","max-image-preview":"max-image-preview:large","max-video-preview":"max-video-preview:-1"},"canonical":"https:\/\/waxpro.fr\/pt-pt\/auto-moto\/","og_locale":"pt_PT","og_type":"article","og_title":"Auto moto | Groupe SOFDI","og_description":"Cera Pro B Power Protection O conceito B Power ofereceuma prote\u00e7\u00e3o altamente eficaz para a pintura do teu autom\u00f3vel, criando um escudo de alto brilho. Descobre os nossos tratamentosWax Pro B Power Prote\u00e7\u00e3o para motociclos O nosso conceito Wax Pro B Power Protection Moto ofereceuma prote\u00e7\u00e3o ultra-eficaz para a pintura da tua moto, criando um [&hellip;]","og_url":"https:\/\/waxpro.fr\/pt-pt\/auto-moto\/","og_site_name":"Groupe SOFDI","article_modified_time":"2025-11-06T16:47:16+00:00","twitter_card":"summary_large_image","twitter_misc":{"Tempo estimado de leitura":"1 minuto"},"schema":{"@context":"https:\/\/schema.org","@graph":[{"@type":"WebPage","@id":"https:\/\/waxpro.fr\/pt-pt\/auto-moto\/","url":"https:\/\/waxpro.fr\/pt-pt\/auto-moto\/","name":"Auto moto | Groupe SOFDI","isPartOf":{"@id":"https:\/\/waxpro.fr\/pt-pt\/#website"},"datePublished":"2023-11-02T10:54:08+00:00","dateModified":"2025-11-06T16:47:16+00:00","breadcrumb":{"@id":"https:\/\/waxpro.fr\/pt-pt\/auto-moto\/#breadcrumb"},"inLanguage":"pt-PT","potentialAction":[{"@type":"ReadAction","target":["https:\/\/waxpro.fr\/pt-pt\/auto-moto\/"]}]},{"@type":"BreadcrumbList","@id":"https:\/\/waxpro.fr\/pt-pt\/auto-moto\/#breadcrumb","itemListElement":[{"@type":"ListItem","position":1,"name":"Home","item":"https:\/\/waxpro.fr\/pt-pt\/"},{"@type":"ListItem","position":2,"name":"Auto moto"}]},{"@type":"WebSite","@id":"https:\/\/waxpro.fr\/pt-pt\/#website","url":"https:\/\/waxpro.fr\/pt-pt\/","name":"Groupe SOFDI","description":"","publisher":{"@id":"https:\/\/waxpro.fr\/pt-pt\/#organization"},"potentialAction":[{"@type":"SearchAction","target":{"@type":"EntryPoint","urlTemplate":"https:\/\/waxpro.fr\/pt-pt\/?s={search_term_string}"},"query-input":{"@type":"PropertyValueSpecification","valueRequired":true,"valueName":"search_term_string"}}],"inLanguage":"pt-PT"},{"@type":"Organization","@id":"https:\/\/waxpro.fr\/pt-pt\/#organization","name":"Groupe SOFDI","url":"https:\/\/waxpro.fr\/pt-pt\/","logo":{"@type":"ImageObject","inLanguage":"pt-PT","@id":"https:\/\/waxpro.fr\/pt-pt\/#\/schema\/logo\/image\/","url":"https:\/\/waxpro.fr\/wp-content\/uploads\/2026\/03\/cropped-Wax_Pro_Horizon_Gris-1-scaled-1.png","contentUrl":"https:\/\/waxpro.fr\/wp-content\/uploads\/2026\/03\/cropped-Wax_Pro_Horizon_Gris-1-scaled-1.png","width":2559,"height":411,"caption":"Groupe SOFDI"},"image":{"@id":"https:\/\/waxpro.fr\/pt-pt\/#\/schema\/logo\/image\/"}}]}},"_links":{"self":[{"href":"https:\/\/waxpro.fr\/pt-pt\/wp-json\/wp\/v2\/pages\/14584","targetHints":{"allow":["GET"]}}],"collection":[{"href":"https:\/\/waxpro.fr\/pt-pt\/wp-json\/wp\/v2\/pages"}],"about":[{"href":"https:\/\/waxpro.fr\/pt-pt\/wp-json\/wp\/v2\/types\/page"}],"author":[{"embeddable":true,"href":"https:\/\/waxpro.fr\/pt-pt\/wp-json\/wp\/v2\/users\/9"}],"replies":[{"embeddable":true,"href":"https:\/\/waxpro.fr\/pt-pt\/wp-json\/wp\/v2\/comments?post=14584"}],"version-history":[{"count":1,"href":"https:\/\/waxpro.fr\/pt-pt\/wp-json\/wp\/v2\/pages\/14584\/revisions"}],"predecessor-version":[{"id":14591,"href":"https:\/\/waxpro.fr\/pt-pt\/wp-json\/wp\/v2\/pages\/14584\/revisions\/14591"}],"wp:attachment":[{"href":"https:\/\/waxpro.fr\/pt-pt\/wp-json\/wp\/v2\/media?parent=14584"}],"curies":[{"name":"wp","href":"https:\/\/api.w.org\/{rel}","templated":true}]}}